{"id":1372,"date":"2012-11-11T10:25:11","date_gmt":"2012-11-11T10:25:11","guid":{"rendered":"http:\/\/maismemoria.org\/mm\/?page_id=1372"},"modified":"2020-02-02T16:45:13","modified_gmt":"2020-02-02T16:45:13","slug":"programa","status":"publish","type":"page","link":"https:\/\/maismemoria.org\/mm\/programa\/","title":{"rendered":"Programa"},"content":{"rendered":"<p class=\"has-text-align-center\"><strong>Associa\u00e7\u00e3o Movimento C\u00edvico \u201cN\u00e3o Apaguem a Mem\u00f3ria!\u201d (NAM)<\/strong><br><br><strong>PROGRAMA 2020-2022<\/strong><\/p>\n\n\n\n<p><strong>PRE\u00c2MBULO<\/strong><br><br>1.\u00a0O Movimento C\u00edvico\u00a0\u201cN\u00e3o Apaguem a Mem\u00f3ria\u201d (NAM)\u00a0\u00e9 uma Associa\u00e7\u00e3o cujos Estatutos, Carta do Movimento e Regulamento Geral definem os seus\u00a0Objectivos\u00a0e a forma como se rege a sua\u00a0actividade.\u00a0Conforme consta dos Estatutos e da Carta do NAM, trata-se de uma associa\u00e7\u00e3o democr\u00e1tica, plural e aberta \u00e0 participa\u00e7\u00e3o de todos os cidad\u00e3os,\u00a0que tem como miss\u00e3o central a preserva\u00e7\u00e3o e divulga\u00e7\u00e3o da mem\u00f3ria\u00a0colectiva\u00a0dos combates do povo portugu\u00eas pela liberdade, pela democracia, pela justi\u00e7a social e contra a guerra colonial, atrav\u00e9s das m\u00faltiplas e diversificadas lutas que marcaram a resist\u00eancia do povo \u00e0 ditadura do \u201cEstado Novo\u201d e para a constitui\u00e7\u00e3o de um Estado de Direito em Portugal.\u00a0<br><br>2.\u00a0Como os\u00a0actuais\u00a0\u00d3rg\u00e3os\u00a0Directivos\u00a0da Associa\u00e7\u00e3o terminam o seu mandatono final de 2019, um grupo de associados decidiu organizar a constitui\u00e7\u00e3o de uma lista para o preenchimento desses \u00d3rg\u00e3os\u00a0Directivos, no bi\u00e9nio 2020-22,\u00a0e prop\u00f4-la \u00e0 vota\u00e7\u00e3o na Assembleia\u00a0Eleitoral\u00a0de\u00a011 de Janeiro de 2020.<br><br>3.\u00a0Num contexto internacional em que\u00a0se assiste ao avan\u00e7o da extrema-direitae ao enfraquecimento das institui\u00e7\u00f5es democr\u00e1ticas,\u00a0afigura-se preocupante o surgimento,\u00a0ao n\u00edvel interno,\u00a0de\u00a0diversos sinais de tentativa de reescrever a Hist\u00f3ria do \u201cEstado Novo\u201d, quer escamoteando a sua natureza opressiva e antidemocr\u00e1tica, quer fazendo esquecer a pobreza e a mis\u00e9ria da maioria da popula\u00e7\u00e3o portuguesa\u00a0bem como\u00a0as atrocidades da opress\u00e3o colonial.\u00a0\u00c9exemplo desses\u00a0sinais a\u00a0propalada inten\u00e7\u00e3o de criar\u00a0\u201cmuseus\u201d\u00a0e \u201ccentros interpretativos\u201d que\u00a0podem\u00a0transformar-se\u00a0em polos de\u00a0branqueamento da ditadura fascista.\u00a0De resto s\u00e3o j\u00e1 evidentes\u00a0os sinais de aviltamento e abastardamento de conceitos fundamentais de liberdade e democracia, resultando no surgimento de movimentos\u00a0populistas e neofascistas.<br><br>4.\u00a0As circunst\u00e2ncias do presente tornam particularmente relevante o imperativo de preservar e divulgar esta mem\u00f3ria da luta contra um regime pol\u00edtico autorit\u00e1rio e repressivo, de car\u00e1cter fascista, que oprimiu os portugueses durante cerca de meio s\u00e9culo.\u00a0Contribuir para a\u00a0consciencializa\u00e7\u00e3o dos perigos que as sociedades democr\u00e1ticas enfrentam \u00e9, pois, um dever de todos os que est\u00e3o\u00a0empenhados no aprofundamento da democracia.<\/p>\n\n\n\n<p><strong>OBJETIVOS\u00a0<\/strong><br><br>1)\u00a0Promover o conhecimento da natureza autorit\u00e1ria, repressiva e antidemocr\u00e1tica do regime denominado por \u201cEstado Novo\u201d\u00a0e do seu car\u00e1cter obscurantista;<br><br>2)\u00a0Divulgar o conhecimento da situa\u00e7\u00e3o de extrema pobreza e subdesenvolvimento da grande maioria da popula\u00e7\u00e3o portuguesa durante o \u201cEstado Novo\u201d;<br><br>3)\u00a0Dar a conhecer as atrocidades cometidas durante a\u00a0ocupa\u00e7\u00e3o\u00a0colonialem \u00c1frica, particularmente no decurso da Guerra Colonial;<br><br>4)\u00a0Preservar e divulgar a mem\u00f3ria da luta pol\u00edtica contra a ditadura, nomeadamente os combates pelas\u00a0liberdades, pela democracia, pelos direitos humanos;<br><br>5)\u00a0Preservar e divulgar a mem\u00f3ria das lutas populares por melhores condi\u00e7\u00f5es de vida e de trabalho;<br><br>6)\u00a0Divulgar a mem\u00f3ria das lutas dos jovens, nomeadamente das lutas acad\u00e9micas por direitos associativos e pela dignifica\u00e7\u00e3o da Universidade;<br><br>7)\u00a0Divulgar os movimentos de diversos sectores sociais quer pelo direito \u00e0 independ\u00eancia dos povos colonizados e contra a guerra colonial, quer na recusa da incorpora\u00e7\u00e3o militar e de deser\u00e7\u00e3o.<\/p>\n\n\n\n<p><strong>OP\u00c7\u00d5ES ESTRAT\u00c9GICAS<\/strong><br><br>a)\u00a0Tendo em conta a\u00a0Resolu\u00e7\u00e3o Parlamentar n\u00ba 24, de 29\u00a0de\u00a0Junho de 2008 resultante\u00a0de peti\u00e7\u00e3o organizada pelo NAM, desenvolver junto dos poderes p\u00fablicos (Assembleia da Rep\u00fablica, Governo,\u00a0Autarquias) dilig\u00eancias e iniciativas conducentes\u00a0a:<br><br>1)\u00a0Ac\u00e7\u00f5es\u00a0evocativas de preserva\u00e7\u00e3o e divulga\u00e7\u00e3o da mem\u00f3ria colectiva dos combates do povo portugu\u00eas pela Liberdade e pela Democracia;<br><br>2)\u00a0Conserva\u00e7\u00e3o\u00a0e recupera\u00e7\u00e3o do patrim\u00f3nio p\u00fablico portugu\u00eas associado \u00e0 mem\u00f3ria das diferentes formas de resist\u00eancia (antigas sedes da PIDE\/DGS, no Porto e Coimbra, Fortes de Caxias, de Peniche e de Angra do Hero\u00edsmo, Pres\u00eddio Militar da Trafaria, Companhia Disciplinar de Penamacor, entre outros);<br><br>3)\u00a0Identifica\u00e7\u00e3o, por placas ou outros meios, de lugares e espa\u00e7os de mem\u00f3ria, nomeadamente locais, ruas (topon\u00edmia), casas, jornais nacionais e regionais;\u00a0<br><br>4)\u00a0Revis\u00e3o dos tempos curriculares previstos para a cobertura em extens\u00e3o e em profundidade dos conte\u00fados program\u00e1ticos do Ensino B\u00e1sico e Secund\u00e1rio, na perspectiva de que os conhecimentos propiciados aos alunos sobre a ditadura do \u201cEstado Novo\u201d possam contribuir para uma adequada reflex\u00e3o sobre aos avan\u00e7os do fascismo na Europa.<br><br>b)\u00a0Colaborar com todas as entidades p\u00fablicas ou privadas, nomeadamente institui\u00e7\u00f5es de ensino superior, funda\u00e7\u00f5es, empresas e associa\u00e7\u00f5es profissionais, em iniciativas que visem a concretiza\u00e7\u00e3o de qualquer dos\u00a0objectivos\u00a0perseguidos pelo NAM, nomeadamente na promo\u00e7\u00e3o\u00a0de\u00a0eventos p\u00fablicos e na produ\u00e7\u00e3o cultural, cient\u00edfica, liter\u00e1ria ou art\u00edstica relevante para os referidos\u00a0objectivos. \u00a0<br><br>c)\u00a0Manter uma presen\u00e7a permanente e\u00a0activa\u00a0no espa\u00e7o p\u00fablico,nomeadamente atrav\u00e9s da imprensa e das redes sociais, constituindo, nesse \u00e2mbito, polos de recupera\u00e7\u00e3o da mem\u00f3ria da resist\u00eancia, e de interven\u00e7\u00e3o no debate p\u00fablico corrente, sempre que esteja em causa a prossecu\u00e7\u00e3o dos\u00a0objectivos\u00a0do NAM.<\/p>\n\n\n\n<p><small>[ <a href=\"https:\/\/maismemoria.org\/mm\/programa\/programa-2012-2014\/\">Programa 2012-2014<\/a> ]<\/small><\/p>","protected":false},"excerpt":{"rendered":"<p>Associa\u00e7\u00e3o Movimento C\u00edvico \u201cN\u00e3o Apaguem a Mem\u00f3ria!\u201d (NAM) PROGRAMA 2020-2022 PRE\u00c2MBULO 1.\u00a0O Movimento C\u00edvico\u00a0\u201cN\u00e3o Apaguem a Mem\u00f3ria\u201d (NAM)\u00a0\u00e9 uma Associa\u00e7\u00e3o cujos Estatutos, Carta do Movimento e Regulamento Geral definem os seus\u00a0Objectivos\u00a0e a forma como se rege a sua\u00a0actividade.\u00a0Conforme consta dos &hellip; <a href=\"https:\/\/maismemoria.org\/mm\/programa\/\">Continue reading <span class=\"meta-nav\">&rarr;<\/span><\/a><\/p>\n","protected":false},"author":1,"featured_media":0,"parent":0,"menu_order":0,"comment_status":"closed","ping_status":"closed","template":"","meta":{"jetpack_post_was_ever_published":false,"footnotes":""},"class_list":["post-1372","page","type-page","status-publish","hentry"],"jetpack_sharing_enabled":true,"jetpack_shortlink":"https:\/\/wp.me\/PtMuS-m8","_links":{"self":[{"href":"https:\/\/maismemoria.org\/mm\/wp-json\/wp\/v2\/pages\/1372","targetHints":{"allow":["GET"]}}],"collection":[{"href":"https:\/\/maismemoria.org\/mm\/wp-json\/wp\/v2\/pages"}],"about":[{"href":"https:\/\/maismemoria.org\/mm\/wp-json\/wp\/v2\/types\/page"}],"author":[{"embeddable":true,"href":"https:\/\/maismemoria.org\/mm\/wp-json\/wp\/v2\/users\/1"}],"replies":[{"embeddable":true,"href":"https:\/\/maismemoria.org\/mm\/wp-json\/wp\/v2\/comments?post=1372"}],"version-history":[{"count":5,"href":"https:\/\/maismemoria.org\/mm\/wp-json\/wp\/v2\/pages\/1372\/revisions"}],"predecessor-version":[{"id":1971,"href":"https:\/\/maismemoria.org\/mm\/wp-json\/wp\/v2\/pages\/1372\/revisions\/1971"}],"wp:attachment":[{"href":"https:\/\/maismemoria.org\/mm\/wp-json\/wp\/v2\/media?parent=1372"}],"curies":[{"name":"wp","href":"https:\/\/api.w.org\/{rel}","templated":true}]}}