{"id":1379,"date":"2012-11-11T10:31:05","date_gmt":"2012-11-11T10:31:05","guid":{"rendered":"http:\/\/maismemoria.org\/mm\/?page_id=1379"},"modified":"2023-07-04T15:39:23","modified_gmt":"2023-07-04T15:39:23","slug":"orgaos-sociais","status":"publish","type":"page","link":"https:\/\/maismemoria.org\/mm\/orgaos-sociais\/","title":{"rendered":"\u00f3rg\u00e3os sociais"},"content":{"rendered":"<p class=\"has-text-align-center\"><strong>Bi\u00e9nio 2023-2025<\/strong><\/p>\n\n\n<div class=\"page\" title=\"Page 1\">\n<div class=\"layoutArea\">\n<div class=\"column\">\n<div class=\"wp-block-columns\">\n<div class=\"wp-block-column\">\n<p class=\"has-text-align-center\"><strong>Direc\u00e7\u00e3o<\/strong><\/p>\n<div dir=\"auto\">Eurico Reis (Presidente)<\/div>\n<div dir=\"auto\">Maria Jorgete Teixeira (Vice-Presidente)<\/div>\n<div dir=\"auto\">Marcos S\u00e1 (Secret\u00e1rio)<\/div>\n<div dir=\"auto\">Helena Malaquias (Tesoureira)<\/div>\n<div dir=\"auto\">Jos\u00e9 Zaluar (Vogal)<\/div>\n<div dir=\"auto\">Ant\u00f3nio Rosado da Luz (Vogal)<\/div>\n<div dir=\"auto\">No\u00e9mia Arizt\u00eda (Vogal)<\/div>\n<div dir=\"auto\">Helena Pato (Vogal)<\/div>\n<div dir=\"auto\">C\u00e9sar Lino Lopes (Vogal)<\/div>\n<\/div>\n<div class=\"wp-block-column\">\n<p class=\"has-text-align-center\"><strong>Mesa da AG<\/strong><\/p>\n<p>Ab\u00edlio Hernandez Cardoso (Presidente)<br \/>Sara Am\u00e2ncio (Vice-Presidente)<br \/>Lu\u00edsa Semedo (Secret\u00e1ria)<\/p>\n<p class=\"has-text-align-center\"><strong>Conselho Fiscal<\/strong><\/p>\n<p>Artur Pinto (Presidente)<br \/>Ant\u00f3nio Cris\u00f3stomo Teixeira (Vice-Presidente)<br \/>Carlos Pereira Martins (Secret\u00e1rio)<\/p>\n<\/div>\n<\/div>\n<\/div>\n<\/div>\n<\/div>\n<p><strong>Lista dos subscritores<\/strong><\/p>\n<div dir=\"auto\">Alice Vieira<\/div>\n<div dir=\"auto\">Ana Benavente<\/div>\n<div dir=\"auto\">An\u00e1lia Gomes<\/div>\n<div dir=\"auto\">Ant\u00f3nio Avel\u00e3s<\/div>\n<div dir=\"auto\">Ant\u00f3nio Borges Coelho<\/div>\n<div dir=\"auto\">Ant\u00f3nio Ferra<\/div>\n<div dir=\"auto\">Ant\u00f3nio Maria de Sousa Almeida<\/div>\n<div dir=\"auto\">Ant\u00f3nio Ver\u00edssimo<\/div>\n<div dir=\"auto\">Armandina Maia<\/div>\n<div dir=\"auto\">B\u00e1rbara Tengarrinha<\/div>\n<div dir=\"auto\">Carlos Ribeiro<\/div>\n<div dir=\"auto\">Elsa Oliveira<\/div>\n<div dir=\"auto\">Eug\u00e9nia Malheiros<\/div>\n<div dir=\"auto\">Fernando Cardeira<\/div>\n<div dir=\"auto\">Filipe do Carmo<\/div>\n<div dir=\"auto\">Georgina Palma<\/div>\n<div dir=\"auto\">Helena Cabe\u00e7adas<\/div>\n<div dir=\"auto\">In\u00eas Furtado<\/div>\n<div dir=\"auto\">Isabel do Carmo<\/div>\n<div dir=\"auto\">J Eduardo Brissos<\/div>\n<div dir=\"auto\">\n<div dir=\"auto\">Joana Lopes<\/div>\n<div dir=\"auto\">Jo\u00e3o Cara\u00e7a<\/div>\n<div dir=\"auto\">Jorge Martins<\/div>\n<div dir=\"auto\">Jorge Vasconcelos<\/div>\n<div dir=\"auto\">Jos\u00e9 Ant\u00f3nio Palma<\/div>\n<div dir=\"auto\">Jos\u00e9 Dias<\/div>\n<div dir=\"auto\">Jos\u00e9 Lopes Cordeiro<\/div>\n<div dir=\"auto\">Jos\u00e9 Rebelo<\/div>\n<div dir=\"auto\">L\u00facia Ezaguy<\/div>\n<div dir=\"auto\">Lu\u00eds C\u00edlia<\/div>\n<div dir=\"auto\">Lu\u00eds Farinha<\/div>\n<div dir=\"auto\">Lu\u00edsa Corte Real Nogueira<\/div>\n<div dir=\"auto\">Lu\u00edsa Tito de Morais<\/div>\n<div dir=\"auto\">M Martins Guerreiro<\/div>\n<div dir=\"auto\">Manuel Maca\u00edsta Malheiros<\/div>\n<div dir=\"auto\">Manuel Pedroso Marques<\/div>\n<div dir=\"auto\">Manuela Almeida<\/div>\n<div dir=\"auto\">Maria do Ros\u00e1rio Gama<\/div>\n<div dir=\"auto\">Maria Em\u00edlia Brederode Santos<\/div>\n<div dir=\"auto\">M\u00e1rio de Carvalho<\/div>\n<div dir=\"auto\">Miguel Cardina<\/div>\n<div dir=\"auto\">Nat\u00e9rcio Afonso<\/div>\n<div dir=\"auto\">Raimundo Narciso<\/div>\n<div dir=\"auto\">Raquel Varela<\/div>\n<div dir=\"auto\">Rosa Tengarrinha<\/div>\n<div dir=\"auto\">Rui Namorado<\/div>\n<div dir=\"auto\">Rui\u00a0Pato<\/div>\n<div dir=\"auto\">S\u00e9rgio Palma Brito<\/div>\n<div dir=\"auto\">Tereza Spranger<\/div>\n<div dir=\"auto\">V\u00edtor Sarmento<\/div>\n<\/div>\n<div dir=\"auto\">\u00a0<\/div>\n<p>[\u00a0<a title=\"\u00f3rg\u00e3os sociais 2012-2014\" href=\"https:\/\/maismemoria.org\/mm\/orgaos-sociais\/orgaos-sociais-2020-2022\/\">Org\u00e3os sociais 2020-2022 em arquivo<\/a>\u00a0]<\/p>\n\n\n<p><\/p>","protected":false},"excerpt":{"rendered":"<p>Bi\u00e9nio 2023-2025 Direc\u00e7\u00e3o Eurico Reis (Presidente) Maria Jorgete Teixeira (Vice-Presidente) Marcos S\u00e1 (Secret\u00e1rio) Helena Malaquias (Tesoureira) Jos\u00e9 Zaluar (Vogal) Ant\u00f3nio Rosado da Luz (Vogal) No\u00e9mia Arizt\u00eda (Vogal) Helena Pato (Vogal) C\u00e9sar Lino Lopes (Vogal) Mesa da AG Ab\u00edlio Hernandez Cardoso &hellip; <a href=\"https:\/\/maismemoria.org\/mm\/orgaos-sociais\/\">Continue reading <span class=\"meta-nav\">&rarr;<\/span><\/a><\/p>\n","protected":false},"author":1,"featured_media":0,"parent":0,"menu_order":0,"comment_status":"closed","ping_status":"closed","template":"","meta":{"footnotes":""},"class_list":["post-1379","page","type-page","status-publish","hentry"],"jetpack_sharing_enabled":true,"jetpack_shortlink":"https:\/\/wp.me\/PtMuS-mf","_links":{"self":[{"href":"https:\/\/maismemoria.org\/mm\/wp-json\/wp\/v2\/pages\/1379","targetHints":{"allow":["GET"]}}],"collection":[{"href":"https:\/\/maismemoria.org\/mm\/wp-json\/wp\/v2\/pages"}],"about":[{"href":"https:\/\/maismemoria.org\/mm\/wp-json\/wp\/v2\/types\/page"}],"author":[{"embeddable":true,"href":"https:\/\/maismemoria.org\/mm\/wp-json\/wp\/v2\/users\/1"}],"replies":[{"embeddable":true,"href":"https:\/\/maismemoria.org\/mm\/wp-json\/wp\/v2\/comments?post=1379"}],"version-history":[{"count":12,"href":"https:\/\/maismemoria.org\/mm\/wp-json\/wp\/v2\/pages\/1379\/revisions"}],"predecessor-version":[{"id":2351,"href":"https:\/\/maismemoria.org\/mm\/wp-json\/wp\/v2\/pages\/1379\/revisions\/2351"}],"wp:attachment":[{"href":"https:\/\/maismemoria.org\/mm\/wp-json\/wp\/v2\/media?parent=1379"}],"curies":[{"name":"wp","href":"https:\/\/api.w.org\/{rel}","templated":true}]}}