{"id":158,"date":"2007-01-20T23:51:20","date_gmt":"2007-01-20T22:51:20","guid":{"rendered":"http:\/\/maismemoria.org\/mm\/organizacao\/"},"modified":"2007-10-23T10:40:23","modified_gmt":"2007-10-23T09:40:23","slug":"organizacao","status":"publish","type":"page","link":"https:\/\/maismemoria.org\/mm\/organizacao\/","title":{"rendered":"Organiza\u00e7\u00e3o do Movimento C\u00edvico N\u00e3o Apaguem a Mem\u00f3ria!"},"content":{"rendered":"<p>1. <strong>PLEN\u00c1RIO<\/strong><\/p>\n<p>\u00d3rg\u00e3o m\u00e1ximo do Movimento ao qual compete estabelecer as principais linhas de orienta\u00e7\u00e3o e actua\u00e7\u00e3o do Movimento e aprovar a constitui\u00e7\u00e3o dos Grupos de Trabalho e do Grupo de Liga\u00e7\u00e3o.<\/p>\n<p>1.1. Convocat\u00f3ria<br \/>\nConvocado pela Mesa ou, no seu impedimento, pelo Grupo de Liga\u00e7\u00e3o.<\/p>\n<p>1.2. Composi\u00e7\u00e3o<br \/>\nMembros do Movimento, podendo ser aceites os presentes que adiram<br \/>\nao Movimento durante a sess\u00e3o plen\u00e1ria.<\/p>\n<p>1.3. Participa\u00e7\u00e3o<br \/>\nUnicamente de car\u00e1cter individual.<\/p>\n<p>1.4.Mesa<br \/>\nComposta por um Presidente e dois Secret\u00e1rios.<\/p>\n<p>1.4.1. Mandato: Seis meses, a partir da data do plen\u00e1rio em que foi eleita a Mesa.<\/p>\n<p>1.4.2. Atribui\u00e7\u00f5es:<br \/>\n &#8211; Submeter ao plen\u00e1rio a ordem de trabalhos.<br \/>\n &#8211; Dirigir os trabalhos.<br \/>\n &#8211; Diligenciar a verifica\u00e7\u00e3o da condi\u00e7\u00e3o de membro do Movimento dos presentes.<br \/>\n &#8211; Elaborar, divulgar e arquivar as Actas.<br \/>\n &#8211; Fazer circular e recolher a lista de presen\u00e7as.<br \/>\n &#8211; Entregar ao Grupo de Liga\u00e7\u00e3o a toda a documenta\u00e7\u00e3o relativa \u00e0 sess\u00e3o plen\u00e1ria para ser arquivada.<\/p>\n<p>2. <strong>GRUPO DE LIGA\u00c7\u00c3O<\/strong><\/p>\n<p>2.1.Objectivo: Coordenar as ac\u00e7\u00f5es do Movimento e, em particular:<br \/>\n &#8211; Assegurar a liga\u00e7\u00e3o entre os grupos de trabalho, bem como a articula\u00e7\u00e3o e coordena\u00e7\u00e3o das suas actividades.<br \/>\n &#8211; Desenvolver rela\u00e7\u00f5es institucionais necess\u00e1rias para a concretiza\u00e7\u00e3o dos objectivos do Movimento, sem preju\u00edzo dos contactos exigidos pela actua\u00e7\u00e3o espec\u00edfica dos grupos de trabalho.<br \/>\n &#8211; Manter contactos com organiza\u00e7\u00f5es cong\u00e9neres, nacionais ou estrangeiras.<br \/>\n &#8211; Preparar textos informativos sobre o Movimento.<br \/>\n &#8211; Organizar o arquivo geral do Movimento e zelar pela constitui\u00e7\u00e3o e manuten\u00e7\u00e3o dos arquivos espec\u00edficos dos grupos de trabalho.<br \/>\n &#8211; Elaborar actas -s\u00edntese das reuni\u00f5es.<br \/>\n &#8211; Propor \u00e0 mesa do plen\u00e1rio a ordem de trabalhos dos plen\u00e1rios.<br \/>\n &#8211; Zelar pela actualiza\u00e7\u00e3o permanente da base de dados dos membros do Movimento.<br \/>\n &#8211; Manter a liga\u00e7\u00e3o e articula\u00e7\u00e3o com o administrador das redes inform\u00e1ticas do Movimento.<br \/>\n &#8211; Responsabilizar-se pelo cumprimento das decis\u00f5es do plen\u00e1rio.<br \/>\n &#8211; Recorrer \u00e0 colabora\u00e7\u00e3o de companheiros de not\u00e1vel saber e experi\u00eancia, sempre que necess\u00e1rio.<\/p>\n<p>2.2. Composi\u00e7\u00e3o: representantes dos Grupos de Trabalho, por proposta destes, e por designa\u00e7\u00e3o do Plen\u00e1rio.<\/p>\n<p>2.3. Integrantes: Ana Gaspar, Ant\u00f3nio Garcia Pereira, Ant\u00f3nio Melo, Fernando Vicente, L\u00facia Ezaguy Sim\u00f5es, Raimundo Narciso e Victor Santos.<\/p>\n<p>E-mail: <a href=\"mailto:&#x63;&#x6f;&#x6e;&#x74;&#x61;&#x63;&#x74;&#x6f;&#x40;&#x6d;&#x61;&#x69;&#x73;&#x6d;&#x65;&#x6d;&#x6f;&#x72;&#x69;&#x61;&#x2e;&#x6f;&#x72;&#x67;\"><span class=\"oe_textdirection\">&#x67;&#x72;&#x6f;&#x2e;&#x61;&#x69;&#x72;&#x6f;&#x6d;&#x65;&#x6d;&#x73;&#x69;&#x61;&#x6d;<span class=\"oe_displaynone\">null<\/span>&#x40;&#x6f;&#x74;&#x63;&#x61;&#x74;&#x6e;&#x6f;&#x63;<\/span><\/a><\/p>\n<p>3. <strong>Grupos de Trabalho<\/strong><\/p>\n<p>3.1. <strong>ANT\u00d3NIO MARIA CARDOSO<\/strong><\/p>\n<p>3.1.1. Objectivo: Desenvolver ac\u00e7\u00f5es para efeitos da cria\u00e7\u00e3o de um n\u00facleo museol\u00f3gico aberto ao p\u00fablico, de natureza hist\u00f3rica e cultural, destinado \u00e0 preserva\u00e7\u00e3o da mem\u00f3ria da hist\u00f3ria do edif\u00edcio da Rua Ant\u00f3nio Maria Cardoso, com particular destaque para a \u00e9poca em que o mesmo foi sede da ex-PIDE\/DGS.<\/p>\n<p>3.1.2. Integrantes: Ant\u00f3nio Garcia Pereira, Jo\u00e3o Almeida, Duran Clemente, Jos\u00e9 Almeida, Martins Guerreiro e Raimundo Narciso.<\/p>\n<p>Grupo de acompanhamento: Henrique Cayate, Hestnes Ferreira, Irene Pimentel, J\u00falia Coutinho, Nuno Teot\u00f3nio Pereira e Rui Pimentel. <\/p>\n<p>3.1.3. Coordena\u00e7\u00e3o: Fernando Vicente.<br \/>\nE-mail: <a href=\"mailto:&#x66;&#x65;&#x72;&#x6e;&#x61;&#x6e;&#x64;&#x6f;&#x2e;&#x76;&#x69;&#x63;&#x65;&#x6e;&#x74;&#x65;&#x40;&#x73;&#x61;&#x70;&#x6f;&#x2e;&#x70;&#x74;\"><span class=\"oe_textdirection\">&#x74;&#x70;&#x2e;&#x6f;&#x70;&#x61;&#x73;<span class=\"oe_displaynone\">null<\/span>&#x40;&#x65;&#x74;&#x6e;&#x65;&#x63;&#x69;&#x76;&#x2e;&#x6f;&#x64;&#x6e;&#x61;&#x6e;&#x72;&#x65;&#x66;<\/span><\/a><\/p>\n<p>4. <strong>&#8220;MEMORIAL<\/strong><\/p>\n<p>4.1.Objectivo: Identificar, o mais sistematicamente poss\u00edvel, os presos pol\u00edticos do per\u00edodo do \u201cEstado Novo\u201d (1933-1974).<\/p>\n<p>4.2. Integrantes: Irene Pimentel, Em\u00edlia Neves, Jorge Vasconcelos e Teresa Spranger.<\/p>\n<p>4.3. Coordena\u00e7\u00e3o: Manuela Braz Almeida.<br \/>\nE-mail: <a href=\"mailto:&#x6d;&#x61;&#x6e;&#x75;&#x65;&#x6c;&#x61;&#x2e;&#x62;&#x2e;&#x61;&#x6c;&#x6d;&#x65;&#x69;&#x64;&#x61;&#x40;&#x63;&#x6c;&#x69;&#x78;&#x2e;&#x70;&#x74;\"><span class=\"oe_textdirection\">&#x74;&#x70;&#x2e;&#x78;&#x69;&#x6c;&#x63;<span class=\"oe_displaynone\">null<\/span>&#x40;&#x61;&#x64;&#x69;&#x65;&#x6d;&#x6c;&#x61;&#x2e;&#x62;&#x2e;&#x61;&#x6c;&#x65;&#x75;&#x6e;&#x61;&#x6d;<\/span><\/a><\/p>\n<p>5. <strong>COMUNICA\u00c7\u00c3O<\/strong><\/p>\n<p>5.1. Objectivo: Gerir o s\u00edtio Internet e o blogue do Movimento e assegurar os contactos com a comunica\u00e7\u00e3o social.<\/p>\n<p>5.2. Integrantes: Ant\u00f3nio Valdemar, Carlos Veiga Pereira, Cl\u00e1udia Castelo, Daniel Melo, Fernanda Ribeiro, Fernando Gomes da Silva, H\u00e9lder Miguel Menor, Jo\u00e3o Tito Bastos, Jos\u00e9 Nuno, Margarida Portugal e Maria Rodrigues.<\/p>\n<p>5.3. Coordena\u00e7\u00e3o: Paula Cabe\u00e7adas<br \/>\nE-mail: <a href=\"mailto:&#x70;&#x61;&#x75;&#x6c;&#x61;&#x63;&#x61;&#x62;&#x65;&#x63;&#x61;&#x64;&#x61;&#x73;&#x40;&#x73;&#x61;&#x70;&#x6f;&#x2e;&#x70;&#x74;\"><span class=\"oe_textdirection\">&#x74;&#x70;&#x2e;&#x6f;&#x70;&#x61;&#x73;<span class=\"oe_displaynone\">null<\/span>&#x40;&#x73;&#x61;&#x64;&#x61;&#x63;&#x65;&#x62;&#x61;&#x63;&#x61;&#x6c;&#x75;&#x61;&#x70;<\/span><\/a><\/p>\n<p>6. <strong>MUSEU DA RESIST\u00caNCIA E LIBERDADE (ALJUBE)<\/strong><\/p>\n<p>6.1. Objectivo: Desenvolver ac\u00e7\u00f5es para a cria\u00e7\u00e3o de um museu nacional que evoque a resist\u00eancia e a liberdade conquistada em Abril de 74, colaborando, tamb\u00e9m, na defini\u00e7\u00e3o e acompanhamento do projecto museol\u00f3gico.<\/p>\n<p>6.2. Integrantes: Artur Pinto, Filomena Caxias, Edmundo Pedro, e Fernando Pinto.<\/p>\n<p>6.3. Coordena\u00e7\u00e3o: Ana Gaspar.<br \/>\nE-mail: <a href=\"mailto:&#x61;&#x6e;&#x61;&#x67;&#x61;&#x73;&#x70;&#x61;&#x72;&#x40;&#x73;&#x70;&#x67;&#x6c;&#x2e;&#x70;&#x74;\"><span class=\"oe_textdirection\">&#x74;&#x70;&#x2e;&#x6c;&#x67;&#x70;&#x73;<span class=\"oe_displaynone\">null<\/span>&#x40;&#x72;&#x61;&#x70;&#x73;&#x61;&#x67;&#x61;&#x6e;&#x61;<\/span><\/a><\/p>\n<p>7. <strong>ROTEIROS DA MEM\u00d3RIA<\/strong><\/p>\n<p>7.1.Objectivo: Assinalar os lugares que marcaram as lutas do povo portugu\u00eas pela liberdade e pela conquista da democracia de forma a possibilitar a oferta de itiner\u00e1rios pol\u00edtico-culturais, destinados aos cidad\u00e3os, nacionais e estrangeiros, aos jovens e \u00e0s escolas, a serem dinamizados a n\u00edvel local pelas autarquias, designadamente.<\/p>\n<p>7.2. Integrantes: Ant\u00f3nio Sousa, Helena Elias,L\u00facia Ezaguy Sim\u00f5es, Maria Em\u00edlia Neves, Jos\u00e9 Villalobos Filipe, Paulo Maio, Paulo Martins, Raimundo Narciso e Rui Ferreira.<\/p>\n<p>7.3.Coordena\u00e7\u00e3o: Jorge Martins.<br \/>\nE-mail: <a href=\"mailto:&#x6d;&#x61;&#x72;&#x74;&#x69;&#x6e;&#x73;&#x63;&#x6a;&#x6f;&#x72;&#x67;&#x65;&#x40;&#x67;&#x6d;&#x61;&#x69;&#x6c;&#x2e;&#x63;&#x6f;&#x6d;\"><span class=\"oe_textdirection\">&#x6d;&#x6f;&#x63;&#x2e;&#x6c;&#x69;&#x61;&#x6d;&#x67;<span class=\"oe_displaynone\">null<\/span>&#x40;&#x65;&#x67;&#x72;&#x6f;&#x6a;&#x63;&#x73;&#x6e;&#x69;&#x74;&#x72;&#x61;&#x6d;<\/span><\/a><\/p>\n<p>8. <strong>INICIATIVAS<\/strong><\/p>\n<p>8.1.Objectivo: Organizar as iniciativas do Movimento, mais especificamente:<br \/>\nPropor e desenvolver ac\u00e7\u00f5es com vista ao alargamento e difus\u00e3o do Movimento.<br \/>\nColaborar nas ac\u00e7\u00f5es espec\u00edficas dos grupos de trabalho, sempre que necess\u00e1rio.<\/p>\n<p>8.2. Integrantes: Ana Gaspar, Em\u00edlia Cerqueira, Filomena Caxias, Francisco Raposo, Pedro Alves, Jos\u00e9 Villalobos Filipe e Victor Santos.<\/p>\n<p>8.3.Coordena\u00e7\u00e3o: Victor Santos<br \/>\nE-mail: <a href=\"mailto:&#x76;&#x69;&#x63;&#x74;&#x6f;&#x72;&#x6d;&#x73;&#x61;&#x6e;&#x74;&#x6f;&#x73;&#x40;&#x73;&#x61;&#x70;&#x6f;&#x2e;&#x70;&#x74;\"><span class=\"oe_textdirection\">&#x74;&#x70;&#x2e;&#x6f;&#x70;&#x61;&#x73;<span class=\"oe_displaynone\">null<\/span>&#x40;&#x73;&#x6f;&#x74;&#x6e;&#x61;&#x73;&#x6d;&#x72;&#x6f;&#x74;&#x63;&#x69;&#x76;<\/span><\/a><\/p>\n<p>9. <strong>N\u00daCLEO DO PORTO<\/strong><\/p>\n<p>9.1. Objectivos:<br \/>\n &#8211; Desenvolver ac\u00e7\u00f5es visando a cria\u00e7\u00e3o de um Museu da Resist\u00eancia ao Fascismo a ser instalado na antiga sede da Delega\u00e7\u00e3o do Porto da PVDE\/PIDE\/DGS.<br \/>\n &#8211; Promover o refor\u00e7o da participa\u00e7\u00e3o c\u00edvica em iniciativas tendentes \u00e0 preserva\u00e7\u00e3o da mem\u00f3ria hist\u00f3rica dos combates pela liberdade e pela democracia.<br \/>\n &#8211; Proceder ao levantamento de factos, protagonistas e locais de mem\u00f3ria das lutas contra a ditadura na \u00e1rea metropolitana do Porto.<br \/>\n &#8211; Efectuar contactos com as autarquias do Grande Porto visando a perpetua\u00e7\u00e3o da mem\u00f3ria da luta anti-fascista atrav\u00e9s da topon\u00edmia urbana.<br \/>\n &#8211; Estabelecer parcerias com institui\u00e7\u00f5es acad\u00e9micas e culturais visando a recolha, selec\u00e7\u00e3o e cataloga\u00e7\u00e3o de fontes para a hist\u00f3ria local das lutas contra a repress\u00e3o.<br \/>\n &#8211; Seleccionar\/produzir cronologias, bibliografias, textos, fotografias e outros materiais de apoio a ac\u00e7\u00f5es de car\u00e1cter pedag\u00f3gico.<br \/>\n &#8211; Estabelecer parcerias visando o apoio a edi\u00e7\u00f5es de materiais did\u00e1cticos a enviar \u00e0s escolas.<br \/>\n &#8211; Convocar os plen\u00e1rios locais e levar \u00e0 pr\u00e1tica as suas delibera\u00e7\u00f5es.<br \/>\n &#8211; Contribuir para as din\u00e2micas de \u00e2mbito nacional do Movimento.<\/p>\n<p>9.2. Representa\u00e7\u00e3o (rotativa): Albertina Lemos<br \/>\nE-mail: <a href=\"mailto:&#x61;&#x73;&#x61;&#x6c;&#x65;&#x6d;&#x6f;&#x73;&#x40;&#x67;&#x6d;&#x61;&#x69;&#x6c;&#x2e;&#x63;&#x6f;&#x6d;\"><span class=\"oe_textdirection\">&#x6d;&#x6f;&#x63;&#x2e;&#x6c;&#x69;&#x61;&#x6d;&#x67;<span class=\"oe_displaynone\">null<\/span>&#x40;&#x73;&#x6f;&#x6d;&#x65;&#x6c;&#x61;&#x73;&#x61;<\/span><\/a><\/p>","protected":false},"excerpt":{"rendered":"<p>1. PLEN\u00c1RIO \u00d3rg\u00e3o m\u00e1ximo do Movimento ao qual compete estabelecer as principais linhas de orienta\u00e7\u00e3o e actua\u00e7\u00e3o do Movimento e aprovar a constitui\u00e7\u00e3o dos Grupos de Trabalho e do Grupo de Liga\u00e7\u00e3o. 1.1. Convocat\u00f3ria Convocado pela Mesa ou, no seu &hellip; <a href=\"https:\/\/maismemoria.org\/mm\/organizacao\/\">Continue reading <span class=\"meta-nav\">&rarr;<\/span><\/a><\/p>\n","protected":false},"author":1,"featured_media":0,"parent":0,"menu_order":0,"comment_status":"closed","ping_status":"closed","template":"","meta":{"jetpack_post_was_ever_published":false,"footnotes":""},"class_list":["post-158","page","type-page","status-publish","hentry"],"jetpack_sharing_enabled":true,"jetpack_shortlink":"https:\/\/wp.me\/PtMuS-2y","_links":{"self":[{"href":"https:\/\/maismemoria.org\/mm\/wp-json\/wp\/v2\/pages\/158","targetHints":{"allow":["GET"]}}],"collection":[{"href":"https:\/\/maismemoria.org\/mm\/wp-json\/wp\/v2\/pages"}],"about":[{"href":"https:\/\/maismemoria.org\/mm\/wp-json\/wp\/v2\/types\/page"}],"author":[{"embeddable":true,"href":"https:\/\/maismemoria.org\/mm\/wp-json\/wp\/v2\/users\/1"}],"replies":[{"embeddable":true,"href":"https:\/\/maismemoria.org\/mm\/wp-json\/wp\/v2\/comments?post=158"}],"version-history":[{"count":0,"href":"https:\/\/maismemoria.org\/mm\/wp-json\/wp\/v2\/pages\/158\/revisions"}],"wp:attachment":[{"href":"https:\/\/maismemoria.org\/mm\/wp-json\/wp\/v2\/media?parent=158"}],"curies":[{"name":"wp","href":"https:\/\/api.w.org\/{rel}","templated":true}]}}