{"id":161,"date":"2007-02-05T16:35:15","date_gmt":"2007-02-05T15:35:15","guid":{"rendered":"http:\/\/maismemoria.org\/mm\/penso-digo\/"},"modified":"2007-02-05T17:18:49","modified_gmt":"2007-02-05T16:18:49","slug":"penso-digo","status":"publish","type":"page","link":"https:\/\/maismemoria.org\/mm\/penso-digo\/","title":{"rendered":"Penso &#038; Digo"},"content":{"rendered":"<p><strong>2007 \u2013 Nota de abertura <\/strong><\/p>\n<p>A proposta ainda \u00e9 condicional, mas vamos experiment\u00e1-la.<\/p>\n<p>Principiamos neste primeiro dia do ano de 2007 com o Boletim Penso&#038;Digo (P&#038;D), uma newsletter para dentro do Movimento, com uma forma de comunica\u00e7\u00e3o directa e interactiva. V\u00e3o aqui aparecer, sem tratamento redactorial, as mensagens dispersas que circulam nas v\u00e1rias redes do Movimento, sobretudo no <a href=\"mailto:&#x69;&#x6e;&#x66;&#x6f;&#x40;&#x6d;&#x61;&#x69;&#x73;&#x6d;&#x65;&#x6d;&#x6f;&#x72;&#x69;&#x61;&#x2e;&#x6f;&#x72;&#x67;\"><span class=\"oe_textdirection\">&#x67;&#x72;&#x6f;&#x2e;&#x61;&#x69;&#x72;&#x6f;&#x6d;&#x65;&#x6d;&#x73;&#x69;&#x61;&#x6d;<span class=\"oe_displaynone\">null<\/span>&#x40;&#x6f;&#x66;&#x6e;&#x69;<\/span><\/a> e no <a href=\"mailto:&#x74;&#x6f;&#x64;&#x6f;&#x73;&#x40;&#x6d;&#x61;&#x69;&#x73;&#x6d;&#x65;&#x6d;&#x6f;&#x72;&#x69;&#x61;&#x2e;&#x6f;&#x72;&#x67;\"><span class=\"oe_textdirection\">&#x67;&#x72;&#x6f;&#x2e;&#x61;&#x69;&#x72;&#x6f;&#x6d;&#x65;&#x6d;&#x73;&#x69;&#x61;&#x6d;<span class=\"oe_displaynone\">null<\/span>&#x40;&#x73;&#x6f;&#x64;&#x6f;&#x74;<\/span><\/a> que, sem d\u00favida, se tornaram no telefone interno do Movimento. <\/p>\n<p>A comunica\u00e7\u00e3o nem sempre se faz com conte\u00fados informativos; a maior parte das nossas mensagens t\u00eam um sentido sinalizador e envolvem uma proposta afectiva, de liga\u00e7\u00e3o comunit\u00e1ria. N\u00e3o lhes damos import\u00e2ncia por as entendermos gratuitas \u2013 palavras leva-as o vento. Depois, sabe-se l\u00e1 porqu\u00ea, um belo dia, em conversa, recordamo-las e damo-nos conta do bem que nos fizeram, foram uma gracinha onde se instalou uma mem\u00f3ria de afectos.<\/p>\n<p>Sem mais poesia a pataco, fica a proposta de semanalmente reunir, no Penso&#038;Digo, o que se dispersa pelas mensagens avulsas que pelas nossas redes circulam. <\/p>\n<p>Aqui vai o n\u00ba 1. E vai bojudo, que \u00e9 dia de descanso e pode dar para leitura. Os n\u00fameros seguintes v\u00e3o ser mais magrinhos, mais f\u00e1ceis de digerir. Sejam amigos e n\u00e3o o enjeitem logo no seu primeiro dia.<\/p>\n<p><strong class=\"antetitulo\">Lista dos P&#038;D<\/strong> (dispon\u00edveis em formato PDF)<\/p>\n<p><a href='http:\/\/maismemoria.org\/mm\/wp-content\/uploads\/2007\/02\/pd7.pdf' title='P&#038;D N. 7 - 4 Fev. 2007'>P&#038;D N. 7 &#8211; 4 Fev. 2007<\/a><\/p>\n<p><a href='http:\/\/maismemoria.org\/mm\/wp-content\/uploads\/2007\/02\/pd6.pdf' title='P&#038;D N. 6 - 28 Jan. 2007'>P&#038;D N. 6 &#8211; 28 Jan. 2007<\/a><\/p>\n<p><a href='http:\/\/maismemoria.org\/mm\/wp-content\/uploads\/2007\/02\/pd5.pdf' title='P&#038;D N. 5 - 21 Jan. 2007'>P&#038;D N. 5 &#8211; 21 Jan. 2007<\/a><\/p>\n<p><a href='http:\/\/maismemoria.org\/mm\/wp-content\/uploads\/2007\/02\/pd_extra.pdf' title='P&#038;D N. extra - 18 Jan. 2007'>P&#038;D N. extra &#8211; 18 Jan. 2007<\/a><\/p>\n<p><a href='http:\/\/maismemoria.org\/mm\/wp-content\/uploads\/2007\/02\/pd3.pdf' title='P&#038;D N. 3 - 14 Jan. 2007'>P&#038;D N. 3 &#8211; 14 Jan. 2007<\/a><\/p>\n<p><a href='http:\/\/maismemoria.org\/mm\/wp-content\/uploads\/2007\/02\/pd2.pdf' title='P&#038;D N. 2 - 7 Jan. 2007'>P&#038;D N. 2 &#8211; 7 Jan. 2007<\/a><\/p>\n<p><a href='http:\/\/maismemoria.org\/mm\/wp-content\/uploads\/2007\/02\/pd1.pdf' title='P&#038;D N. 1 - Jan. 2007'>P&#038;D N. 1 &#8211; Jan. 2007<\/a><\/p>","protected":false},"excerpt":{"rendered":"<p>2007 \u2013 Nota de abertura A proposta ainda \u00e9 condicional, mas vamos experiment\u00e1-la. Principiamos neste primeiro dia do ano de 2007 com o Boletim Penso&#038;Digo (P&#038;D), uma newsletter para dentro do Movimento, com uma forma de comunica\u00e7\u00e3o directa e interactiva. &hellip; <a href=\"https:\/\/maismemoria.org\/mm\/penso-digo\/\">Continue reading <span class=\"meta-nav\">&rarr;<\/span><\/a><\/p>\n","protected":false},"author":1,"featured_media":0,"parent":0,"menu_order":0,"comment_status":"closed","ping_status":"closed","template":"","meta":{"jetpack_post_was_ever_published":false,"footnotes":""},"class_list":["post-161","page","type-page","status-publish","hentry"],"jetpack_sharing_enabled":true,"jetpack_shortlink":"https:\/\/wp.me\/PtMuS-2B","_links":{"self":[{"href":"https:\/\/maismemoria.org\/mm\/wp-json\/wp\/v2\/pages\/161","targetHints":{"allow":["GET"]}}],"collection":[{"href":"https:\/\/maismemoria.org\/mm\/wp-json\/wp\/v2\/pages"}],"about":[{"href":"https:\/\/maismemoria.org\/mm\/wp-json\/wp\/v2\/types\/page"}],"author":[{"embeddable":true,"href":"https:\/\/maismemoria.org\/mm\/wp-json\/wp\/v2\/users\/1"}],"replies":[{"embeddable":true,"href":"https:\/\/maismemoria.org\/mm\/wp-json\/wp\/v2\/comments?post=161"}],"version-history":[{"count":0,"href":"https:\/\/maismemoria.org\/mm\/wp-json\/wp\/v2\/pages\/161\/revisions"}],"wp:attachment":[{"href":"https:\/\/maismemoria.org\/mm\/wp-json\/wp\/v2\/media?parent=161"}],"curies":[{"name":"wp","href":"https:\/\/api.w.org\/{rel}","templated":true}]}}