{"id":1669,"date":"2014-11-28T01:17:38","date_gmt":"2014-11-28T01:17:38","guid":{"rendered":"http:\/\/maismemoria.org\/mm\/?page_id=1669"},"modified":"2014-11-28T01:18:45","modified_gmt":"2014-11-28T01:18:45","slug":"orgaos-sociais-2012-2014","status":"publish","type":"page","link":"https:\/\/maismemoria.org\/mm\/orgaos-sociais\/orgaos-sociais-2012-2014\/","title":{"rendered":"\u00f3rg\u00e3os sociais 2012-2014"},"content":{"rendered":"<p><strong>DIREC\u00c7\u00c3O<\/strong><\/p>\n<p style=\"padding-left: 30px;\">Helena Pato \u2013 Presidente<br \/>\nL\u00facia Ezaguy Sim\u00f5es \u2013 Vice-presidente<br \/>\nMaria Manuel Calvet de Magalh\u00e3es Ricardo \u2013 Secret\u00e1ria<br \/>\nAna Sousa Dias \u2013 1\u00ba Vogal<br \/>\nBernardino Aranda \u2013 2\u00ba Vogal<br \/>\nTeresa Melo Sampaio \u2013 3\u00ba Vogal<br \/>\nJo\u00e3o Caixinhas \u2013 Tesoureiro<\/p>\n<p style=\"padding-left: 30px;\">1\u00aa Suplente \u2013 Irene Pimentel<br \/>\n2\u00aa Suplente \u2013 Pedro Ad\u00e3o e Silva<\/p>\n<p>&nbsp;<\/p>\n<p><strong>ASSEMBLEIA GERAL<\/strong><\/p>\n<p style=\"padding-left: 30px;\">\u00a0Rui Namorado \u2013 Presidente<br \/>\nFernando Correia \u2013 Vice-presidente<br \/>\nIsabel do Carmo \u2013 Secret\u00e1ria<\/p>\n<p>&nbsp;<\/p>\n<p><strong>CONSELHO FISCAL<\/strong><\/p>\n<p style=\"padding-left: 30px;\">\u00a0Artur Pinto \u2013 Presidente<br \/>\nRaimudo Narciso \u2013 Vice-presidente<br \/>\nManuela Braz Almeida \u2013 Secret\u00e1ria<\/p>\n<p>&nbsp;<\/p>\n<p><small>[\u00a0<a href=\"http:\/\/maismemoria.org\/mm\/home\/orgaos-sociais\/orgaos-sociais-2010-2012\/\">Org\u00e3os sociais 2010-2012 em arquivo<\/a>\u00a0]<\/small><\/p>","protected":false},"excerpt":{"rendered":"<p>DIREC\u00c7\u00c3O Helena Pato \u2013 Presidente L\u00facia Ezaguy Sim\u00f5es \u2013 Vice-presidente Maria Manuel Calvet de Magalh\u00e3es Ricardo \u2013 Secret\u00e1ria Ana Sousa Dias \u2013 1\u00ba Vogal Bernardino Aranda \u2013 2\u00ba Vogal Teresa Melo Sampaio \u2013 3\u00ba Vogal Jo\u00e3o Caixinhas \u2013 Tesoureiro 1\u00aa &hellip; <a href=\"https:\/\/maismemoria.org\/mm\/orgaos-sociais\/orgaos-sociais-2012-2014\/\">Continue reading <span class=\"meta-nav\">&rarr;<\/span><\/a><\/p>\n","protected":false},"author":1,"featured_media":0,"parent":1379,"menu_order":0,"comment_status":"closed","ping_status":"closed","template":"","meta":{"footnotes":""},"class_list":["post-1669","page","type-page","status-publish","hentry"],"jetpack_sharing_enabled":true,"jetpack_shortlink":"https:\/\/wp.me\/PtMuS-qV","_links":{"self":[{"href":"https:\/\/maismemoria.org\/mm\/wp-json\/wp\/v2\/pages\/1669","targetHints":{"allow":["GET"]}}],"collection":[{"href":"https:\/\/maismemoria.org\/mm\/wp-json\/wp\/v2\/pages"}],"about":[{"href":"https:\/\/maismemoria.org\/mm\/wp-json\/wp\/v2\/types\/page"}],"author":[{"embeddable":true,"href":"https:\/\/maismemoria.org\/mm\/wp-json\/wp\/v2\/users\/1"}],"replies":[{"embeddable":true,"href":"https:\/\/maismemoria.org\/mm\/wp-json\/wp\/v2\/comments?post=1669"}],"version-history":[{"count":1,"href":"https:\/\/maismemoria.org\/mm\/wp-json\/wp\/v2\/pages\/1669\/revisions"}],"predecessor-version":[{"id":1670,"href":"https:\/\/maismemoria.org\/mm\/wp-json\/wp\/v2\/pages\/1669\/revisions\/1670"}],"up":[{"embeddable":true,"href":"https:\/\/maismemoria.org\/mm\/wp-json\/wp\/v2\/pages\/1379"}],"wp:attachment":[{"href":"https:\/\/maismemoria.org\/mm\/wp-json\/wp\/v2\/media?parent=1669"}],"curies":[{"name":"wp","href":"https:\/\/api.w.org\/{rel}","templated":true}]}}