{"id":17,"date":"2006-07-05T15:59:57","date_gmt":"2006-07-05T14:59:57","guid":{"rendered":"http:\/\/maismemoria.org\/mm\/porto\/"},"modified":"2008-11-28T00:12:24","modified_gmt":"2008-11-27T23:12:24","slug":"porto","status":"publish","type":"page","link":"https:\/\/maismemoria.org\/mm\/home\/nucleos\/porto\/","title":{"rendered":"N\u00facleo do Porto"},"content":{"rendered":"<p>Contacto de correio electr\u00f3nico do N\u00facleo do Porto<br \/>\n<a href=\"mailto:&#x6d;&#x61;&#x69;&#x73;&#x6d;&#x65;&#x6d;&#x6f;&#x72;&#x69;&#x61;&#x70;&#x6f;&#x72;&#x74;&#x6f;&#x40;&#x67;&#x6d;&#x61;&#x69;&#x6c;&#x2e;&#x63;&#x6f;&#x6d;\"><span class=\"oe_textdirection\">&#x6d;&#x6f;&#x63;&#x2e;&#x6c;&#x69;&#x61;&#x6d;&#x67;<span class=\"oe_displaynone\">null<\/span>&#x40;&#x6f;&#x74;&#x72;&#x6f;&#x70;&#x61;&#x69;&#x72;&#x6f;&#x6d;&#x65;&#x6d;&#x73;&#x69;&#x61;&#x6d;<\/span><\/a><\/p>\n<p>Tem dispon\u00edvel uma lista de informa\u00e7\u00e3o espec\u00edfica: <a href=\"http:\/\/lista.maismemoria.org\/listinfo.cgi\/porto-maismemoria.org\" target=\"_blank\">http:\/\/lista.maismemoria.org\/listinfo.cgi\/porto-maismemoria.org<\/a><\/p>\n<p><a href=\"\/mm\/porto\/manifesto\/\">Manifesto do Porto<\/a> (<a id=\"p45\" target=\"_blank\" href=\"http:\/\/maismemoria.org\/mm\/wp-content\/uploads\/2006\/09\/manifestoporto.pdf\" title=\"Manifesto Porto em vers\u00e3o PDF para recolher assinaturas\">em vers\u00e3o PDF para recolher assinaturas<\/a>).<\/p>\n<div id=\"actividades\">\n<p class=\"antetitulo\">ACTIVIDADES PORTO<\/p>\n<p><a name=\"actividades\"><\/a><br \/>\n<?php\n  global $loopb, $post, $ii;\n  $loopb = new WP_Query('cat=18&#038;posts_per_page=4');\n  if ($loopb->have_posts()) :<br \/>\n    while($loopb->have_posts()) {<br \/>\n      $loopb->the_post();<br \/>\n      print &#8216;<\/p>\n<p><a href=\"';\n      the_permalink();\n      print '\" rel=\"bookmark\" title=\"Link para ';\n      $ii = get_the_title();\n      print $ii.'\" class=\"antetitulo\">&#8216;.$ii.&#8217;<\/a><br \/><small class=\"textoxsmall\">&#8216;;<br \/>\n      the_time(&#8216;Y\/m\/j&#8217;);<br \/>\n      edit_post_link(&#8216;Editar&#8217;, &#8216; | &#8216;,&#8221;);<br \/>\n      print &#8216;<\/small><\/p>\n<div class=\"texto\">&#8216;;<br \/>\n      global $more; $more = 0;<br \/>\n      the_content(&#8216;<strong>Ler + \u00bb<\/strong>&#8216;,&#8221;);<br \/>\n      print &#8216;<\/div>\n<p><br clear=\"all\" \/>&#8216;;<br \/>\n    }<br \/>\n  endif;<br \/>\n?><\/p>\n<p><a href=\"\/mm\/?cat=2\">: arquivo mais mem\u00f3ria :<\/a><\/p>\n<\/div>","protected":false},"excerpt":{"rendered":"<p>Contacto de correio electr\u00f3nico do N\u00facleo do Porto &#x6d;&#x6f;&#x63;&#x2e;&#x6c;&#x69;&#x61;&#x6d;&#x67;null&#x40;&#x6f;&#x74;&#x72;&#x6f;&#x70;&#x61;&#x69;&#x72;&#x6f;&#x6d;&#x65;&#x6d;&#x73;&#x69;&#x61;&#x6d; Tem dispon\u00edvel uma lista de informa\u00e7\u00e3o espec\u00edfica: http:\/\/lista.maismemoria.org\/listinfo.cgi\/porto-maismemoria.org Manifesto do Porto (em vers\u00e3o PDF para recolher assinaturas). ACTIVIDADES PORTO<\/p>\n","protected":false},"author":1,"featured_media":0,"parent":447,"menu_order":0,"comment_status":"closed","ping_status":"closed","template":"","meta":{"jetpack_post_was_ever_published":false,"footnotes":""},"class_list":["post-17","page","type-page","status-publish","hentry"],"jetpack_sharing_enabled":true,"jetpack_shortlink":"https:\/\/wp.me\/PtMuS-h","_links":{"self":[{"href":"https:\/\/maismemoria.org\/mm\/wp-json\/wp\/v2\/pages\/17","targetHints":{"allow":["GET"]}}],"collection":[{"href":"https:\/\/maismemoria.org\/mm\/wp-json\/wp\/v2\/pages"}],"about":[{"href":"https:\/\/maismemoria.org\/mm\/wp-json\/wp\/v2\/types\/page"}],"author":[{"embeddable":true,"href":"https:\/\/maismemoria.org\/mm\/wp-json\/wp\/v2\/users\/1"}],"replies":[{"embeddable":true,"href":"https:\/\/maismemoria.org\/mm\/wp-json\/wp\/v2\/comments?post=17"}],"version-history":[{"count":1,"href":"https:\/\/maismemoria.org\/mm\/wp-json\/wp\/v2\/pages\/17\/revisions"}],"predecessor-version":[{"id":603,"href":"https:\/\/maismemoria.org\/mm\/wp-json\/wp\/v2\/pages\/17\/revisions\/603"}],"up":[{"embeddable":true,"href":"https:\/\/maismemoria.org\/mm\/wp-json\/wp\/v2\/pages\/447"}],"wp:attachment":[{"href":"https:\/\/maismemoria.org\/mm\/wp-json\/wp\/v2\/media?parent=17"}],"curies":[{"name":"wp","href":"https:\/\/api.w.org\/{rel}","templated":true}]}}