{"id":176,"date":"2007-03-18T19:44:19","date_gmt":"2007-03-18T18:44:19","guid":{"rendered":"http:\/\/maismemoria.org\/mm\/form\/"},"modified":"2023-03-06T19:52:58","modified_gmt":"2023-03-06T19:52:58","slug":"form","status":"publish","type":"page","link":"https:\/\/maismemoria.org\/mm\/form\/","title":{"rendered":"Inscri\u00e7\u00e3o pela Internet"},"content":{"rendered":"<p>Para aderir \u00e0 Associa\u00e7\u00e3o pode enviar uma mensagem para&nbsp;<a href=\"mailto:&#x6e;&#x61;&#x6f;&#x61;&#x70;&#x61;&#x67;&#x75;&#x65;&#x6d;&#x40;&#x67;&#x6d;&#x61;&#x69;&#x6c;&#x2e;&#x63;&#x6f;&#x6d;\"><span class=\"oe_textdirection\">&#x6d;&#x6f;&#x63;&#x2e;&#x6c;&#x69;&#x61;&#x6d;&#x67;<span class=\"oe_displaynone\">null<\/span>&#x40;&#x6d;&#x65;&#x75;&#x67;&#x61;&#x70;&#x61;&#x6f;&#x61;&#x6e;<\/span><\/a>&nbsp;com indica\u00e7\u00e3o do nome, do email e do telefone.<\/p>\n<p><em>Os dados fornecidos s\u00e3o para utiliza\u00e7\u00e3o exclusiva desta Associa\u00e7\u00e3o, nos contactos com os seus s\u00f3cios.<\/em><\/p>\n<p><!-- [ contact-form-7 id=\"1718\" title=\"Inscri\u00e7\u00e3o pela Internet\" ] --><\/p>","protected":false},"excerpt":{"rendered":"<p>Para aderir \u00e0 Associa\u00e7\u00e3o pode enviar uma mensagem para&nbsp;&#x6d;&#x6f;&#x63;&#x2e;&#x6c;&#x69;&#x61;&#x6d;&#x67;null&#x40;&#x6d;&#x65;&#x75;&#x67;&#x61;&#x70;&#x61;&#x6f;&#x61;&#x6e;&nbsp;com indica\u00e7\u00e3o do nome, do email e do telefone. Os dados fornecidos s\u00e3o para utiliza\u00e7\u00e3o exclusiva desta Associa\u00e7\u00e3o, nos contactos com os seus s\u00f3cios.<\/p>\n","protected":false},"author":1,"featured_media":0,"parent":0,"menu_order":0,"comment_status":"closed","ping_status":"closed","template":"","meta":{"jetpack_post_was_ever_published":false,"footnotes":""},"class_list":["post-176","page","type-page","status-publish","hentry"],"jetpack_sharing_enabled":true,"jetpack_shortlink":"https:\/\/wp.me\/PtMuS-2Q","_links":{"self":[{"href":"https:\/\/maismemoria.org\/mm\/wp-json\/wp\/v2\/pages\/176","targetHints":{"allow":["GET"]}}],"collection":[{"href":"https:\/\/maismemoria.org\/mm\/wp-json\/wp\/v2\/pages"}],"about":[{"href":"https:\/\/maismemoria.org\/mm\/wp-json\/wp\/v2\/types\/page"}],"author":[{"embeddable":true,"href":"https:\/\/maismemoria.org\/mm\/wp-json\/wp\/v2\/users\/1"}],"replies":[{"embeddable":true,"href":"https:\/\/maismemoria.org\/mm\/wp-json\/wp\/v2\/comments?post=176"}],"version-history":[{"count":2,"href":"https:\/\/maismemoria.org\/mm\/wp-json\/wp\/v2\/pages\/176\/revisions"}],"predecessor-version":[{"id":2241,"href":"https:\/\/maismemoria.org\/mm\/wp-json\/wp\/v2\/pages\/176\/revisions\/2241"}],"wp:attachment":[{"href":"https:\/\/maismemoria.org\/mm\/wp-json\/wp\/v2\/media?parent=176"}],"curies":[{"name":"wp","href":"https:\/\/api.w.org\/{rel}","templated":true}]}}