{"id":1983,"date":"2020-02-03T16:19:15","date_gmt":"2020-02-03T16:19:15","guid":{"rendered":"https:\/\/maismemoria.org\/mm\/?page_id=1983"},"modified":"2020-02-03T16:30:38","modified_gmt":"2020-02-03T16:30:38","slug":"orgaos-sociais-2017-2019","status":"publish","type":"page","link":"https:\/\/maismemoria.org\/mm\/orgaos-sociais\/orgaos-sociais-2017-2019\/","title":{"rendered":"\u00f3rg\u00e3os sociais 2017-2019"},"content":{"rendered":"<p><strong>Bi\u00e9nio 2017-2019<\/strong><\/p>\n\n\n\n<p><strong>Direc\u00e7\u00e3o<\/strong><br>Maria Gabriela Soares Vieira da Silva \u2013 Presidente<br>Jos\u00e9 Alberto&nbsp;Neves Leit\u00e3o \u2013 Vice-Presidente<br>Vasco Gra\u00e7a \u2013 Secret\u00e1rio<br>Jo\u00e3o Rodrigues Filipe Caixinhas \u2013 Tesoureiro<br>Jo\u00e3o Francisco Baeta Rebocho Simas \u2013 Vogal<br>Teresa Rodrigues Gago \u2013 Vogal<br>L\u00facia Maria Ezaguy de Almeida Sim\u00f5es \u2013 Vogal<br>Jos\u00e9 Charters Monteiro \u2013 1.\u00ba Suplente<br>Maria Em\u00edlia Brederode dos Santos \u2013 2.\u00ba Suplente<\/p>\n\n\n\n<p><strong>Assembleia Geral<br><\/strong>Raimundo Pedro Narciso \u2013 Presidente<br>Maria Helena Pato \u2013 &nbsp;Vice -Presidente<br>Irene Flunser Pimentel- Secret\u00e1ria<\/p>\n\n\n\n<p><strong>Conselho Fiscal<br><\/strong>Henrique Jos\u00e9 Carvalho de Sousa\u2013 Presidente<br>Artur E. Alexandre Pinto \u2013 Vice-presidente<br>Maria Manuel Calvet Magalh\u00e3es \u2013 Secret\u00e1ria<\/p>\n\n\n\n<p>[\u00a0<a href=\"http:\/\/maismemoria.org\/mm\/orgaos-sociais\/orgaos-sociais-2012-2014\/\">Org\u00e3os sociais 2012-2014 em arquivo<\/a>\u00a0]<\/p>\n\n\n\n<p><\/p>\n\n\n\n<p><\/p>\n\n\n\n<p><strong>Proponentes da Lista A candidata \u00e0s elei\u00e7\u00f5es<\/strong><br>Ant\u00f3nio Cris\u00f3stomo Teixeira<br>Carlos Saraiva da Costa<br>Concei\u00e7\u00e3o Pessoa<br>Fernando Filipe Esteves Vicente<br>Jaime Teixeira Mendes<br>Jo\u00e3o Maria de Freitas Branco<br>Jos\u00e9 Carlos Ventura Abrantes<br>Jos\u00e9 Manuel Sequeira Louza<br>J\u00falia Alberto de Almeida Martins<br>Maria Agostinha Martins Soares<br>Maria Aurora Martins Soares<br>Maria de F\u00e1tima M M L da Silva<br>Maria Helena Mendon\u00e7a da Silva<br>Maria Helena A Neves Gorj\u00e3o<br>Maria In\u00eas Machado A Castro<br>Maria Jo\u00e3o A Gerardo Alex. Pinto<br>Maria Lu\u00edsa Corte Real M Nogueira<br>Maria Machado Castelhano Pulqu\u00e9rio<br>M\u00e1rio Lino Soares Correia<br>No\u00e9mia de Arizt\u00eda<br>Paula Mour\u00e3o Soares Correia<br>Paula Teresa R. Borges Alexandrino<br>Sara Am\u00e2ncio<br>Teresa M\u00aa de Freitas M Spranger<\/p>","protected":false},"excerpt":{"rendered":"<p>Bi\u00e9nio 2017-2019 Direc\u00e7\u00e3oMaria Gabriela Soares Vieira da Silva \u2013 PresidenteJos\u00e9 Alberto&nbsp;Neves Leit\u00e3o \u2013 Vice-PresidenteVasco Gra\u00e7a \u2013 Secret\u00e1rioJo\u00e3o Rodrigues Filipe Caixinhas \u2013 TesoureiroJo\u00e3o Francisco Baeta Rebocho Simas \u2013 VogalTeresa Rodrigues Gago \u2013 VogalL\u00facia Maria Ezaguy de Almeida Sim\u00f5es \u2013 VogalJos\u00e9 Charters &hellip; <a href=\"https:\/\/maismemoria.org\/mm\/orgaos-sociais\/orgaos-sociais-2017-2019\/\">Continue reading <span class=\"meta-nav\">&rarr;<\/span><\/a><\/p>\n","protected":false},"author":1,"featured_media":0,"parent":1379,"menu_order":0,"comment_status":"closed","ping_status":"closed","template":"","meta":{"footnotes":""},"class_list":["post-1983","page","type-page","status-publish","hentry"],"jetpack_sharing_enabled":true,"jetpack_shortlink":"https:\/\/wp.me\/PtMuS-vZ","_links":{"self":[{"href":"https:\/\/maismemoria.org\/mm\/wp-json\/wp\/v2\/pages\/1983","targetHints":{"allow":["GET"]}}],"collection":[{"href":"https:\/\/maismemoria.org\/mm\/wp-json\/wp\/v2\/pages"}],"about":[{"href":"https:\/\/maismemoria.org\/mm\/wp-json\/wp\/v2\/types\/page"}],"author":[{"embeddable":true,"href":"https:\/\/maismemoria.org\/mm\/wp-json\/wp\/v2\/users\/1"}],"replies":[{"embeddable":true,"href":"https:\/\/maismemoria.org\/mm\/wp-json\/wp\/v2\/comments?post=1983"}],"version-history":[{"count":4,"href":"https:\/\/maismemoria.org\/mm\/wp-json\/wp\/v2\/pages\/1983\/revisions"}],"predecessor-version":[{"id":1989,"href":"https:\/\/maismemoria.org\/mm\/wp-json\/wp\/v2\/pages\/1983\/revisions\/1989"}],"up":[{"embeddable":true,"href":"https:\/\/maismemoria.org\/mm\/wp-json\/wp\/v2\/pages\/1379"}],"wp:attachment":[{"href":"https:\/\/maismemoria.org\/mm\/wp-json\/wp\/v2\/media?parent=1983"}],"curies":[{"name":"wp","href":"https:\/\/api.w.org\/{rel}","templated":true}]}}