{"id":21,"date":"2006-07-07T15:58:18","date_gmt":"2006-07-07T14:58:18","guid":{"rendered":"http:\/\/maismemoria.org\/mm\/espaco\/"},"modified":"2006-08-12T21:50:52","modified_gmt":"2006-08-12T20:50:52","slug":"espaco","status":"publish","type":"page","link":"https:\/\/maismemoria.org\/mm\/espaco\/","title":{"rendered":"Espa\u00e7o de Mem\u00f3ria"},"content":{"rendered":"<p>vamos criar aqui um espa\u00e7o como se fora uma biblioteca.<\/p>\n<p><strong>Grupos<\/strong><br \/>\n  Grupo &#8220;Ant\u00f3nio Maria Cardoso&#8221;<br \/>\n  Grupo &#8220;Memorial&#8221;<br \/>\n  Grupo &#8220;Comunica\u00e7\u00e3o?&#8221;<br \/>\n  Grupo? &#8220;Tribunal da Boa Hora&#8221;<br \/>\n  Grupo &#8220;Entrega da Peti\u00e7\u00e3o na A.R.&#8221;<\/p>\n<p><strong>Locais<\/strong><br \/>\n  Ant\u00f3nio Maria Cardoso<br \/>\n  Forte de Peniche<br \/>\n  Aljube<br \/>\n  Museu Militar do Porto (sede da PVDE\/PIDE\/DGS)<\/p>\n<p><strong>Temos alguns arquivos por <i>arrumar<\/i> na nossa p\u00e1gina<\/strong><br \/>\n<a href=\"\/mm\/?cat=7\">Documentos<\/a><br \/>\n<a href=\"\/mm\/?cat=6\">Recortes de Imprensa<\/a><br \/>\n<a href=\"\/mm\/?cat=8\">Comunicados para o exterior<\/a><br \/>\n<a href=\"\/mm\/?cat=9\">Aljube<\/a><br \/>\n<a href=\"\/mm\/?cat=10\">Visitas a locais<\/a><\/p>\n<div id=\"actividades\">\n<p class=\"antetitulo\">Lista dos documentos<\/p>\n<p><a name=\"actividades\"><\/a><br \/>\n<?php\n  global $loopb, $post, $ii;\n  $loopb = new WP_Query('cat=7&#038;posts_per_page=50');\n  if ($loopb->have_posts()) :<br \/>\n    while($loopb->have_posts()) {<br \/>\n      $loopb->the_post();<br \/>\n      print &#8216;<\/p>\n<p><a href=\"';\n      the_permalink();\n      print '\" rel=\"bookmark\" title=\"Link para ';\n      $ii = get_the_title();\n      print $ii.'\" class=\"titulo\">&#8216;.$ii.&#8217;<\/a><br \/><small class=\"textoxsmall\">&#8216;;<br \/>\n      the_time(&#8216;Y\/m\/j&#8217;);<br \/>\n      print &#8221; | publicado em: &#8220;; the_category(&#8216;, &#8216;);<br \/>\n      edit_post_link(&#8216;Editar&#8217;, &#8216; | &#8216;,&#8221;);<br \/>\n      print &#8216;<\/small><\/p>\n<p>&#8216;;<br \/>\n    }<br \/>\n  endif;<br \/>\n?>\n<\/p><\/div>\n<p>O <a href=\"http:\/\/naoapaguemamemoria.blogspot.com\" target=\"_blank\">blog<\/a> pode ser visto em: <a href=\"http:\/\/maismemoria.org\/mm\/blog\">http:\/\/maismemoria.org\/mm\/blog<\/a>.<\/p>\n<p>Podemos tamb\u00e9m ter um resumo do que se l\u00e1 escreve claro<\/p>\n<div id=\"noticiasrss\">\n[rsslist : http:\/\/naoapaguemamemoria.blogspot.com\/rss.xml]<\/div>\n<p><br clear=\"all\"><\/p>\n<p class=\"antetitulo\">Teste com as not\u00edcias do mundo da BBC<\/p>\n<div>\n<?php\n  require_once (ABSPATH . WPINC . '\/rss-functions.php');\n\n  $url = 'http:\/\/newsrss.bbc.co.uk\/rss\/newsonline_world_edition\/front_page\/rss.xml';\n  $rss = fetch_rss( $url );\n  if ( $rss ) {\n    echo \"Title: \" . $rss->channel[&#8216;title&#8217;] . &#8220;<\/p>\n<p>&#8220;;<br \/>\n    echo &#8220;<\/p>\n<ul>&#8220;;<br \/>\n    $i = 1;<br \/>\n    foreach ($rss->items as $item) {<br \/>\n      $href = $item[&#8216;link&#8217;];<br \/>\n      $title = $item[&#8216;title&#8217;];<br \/>\n      $description = $item[&#8216;description&#8217;];<br \/>\n      echo &#8220;<\/p>\n<li><a href=$href>$title<\/a><br \/>$description<\/li>\n<p>&#8220;;<br \/>\n      if ($i == 5 ) break;<br \/>\n      $i = $i + 1;<br \/>\n    }<br \/>\n    echo &#8220;<\/ul>\n<p>&#8220;;<br \/>\n  }<br \/>\n?><br \/>\n<!-- http:\/\/www.mealldubh.org\/index.php\/software\/how-to-include-an-rss-feed-in-wordpress\/ -->\n<\/div>","protected":false},"excerpt":{"rendered":"<p>vamos criar aqui um espa\u00e7o como se fora uma biblioteca. Grupos Grupo &#8220;Ant\u00f3nio Maria Cardoso&#8221; Grupo &#8220;Memorial&#8221; Grupo &#8220;Comunica\u00e7\u00e3o?&#8221; Grupo? &#8220;Tribunal da Boa Hora&#8221; Grupo &#8220;Entrega da Peti\u00e7\u00e3o na A.R.&#8221; Locais Ant\u00f3nio Maria Cardoso Forte de Peniche Aljube Museu Militar &hellip; <a href=\"https:\/\/maismemoria.org\/mm\/espaco\/\">Continue reading <span class=\"meta-nav\">&rarr;<\/span><\/a><\/p>\n","protected":false},"author":1,"featured_media":0,"parent":0,"menu_order":0,"comment_status":"closed","ping_status":"closed","template":"","meta":{"jetpack_post_was_ever_published":false,"footnotes":""},"class_list":["post-21","page","type-page","status-publish","hentry"],"jetpack_sharing_enabled":true,"jetpack_shortlink":"https:\/\/wp.me\/PtMuS-l","_links":{"self":[{"href":"https:\/\/maismemoria.org\/mm\/wp-json\/wp\/v2\/pages\/21","targetHints":{"allow":["GET"]}}],"collection":[{"href":"https:\/\/maismemoria.org\/mm\/wp-json\/wp\/v2\/pages"}],"about":[{"href":"https:\/\/maismemoria.org\/mm\/wp-json\/wp\/v2\/types\/page"}],"author":[{"embeddable":true,"href":"https:\/\/maismemoria.org\/mm\/wp-json\/wp\/v2\/users\/1"}],"replies":[{"embeddable":true,"href":"https:\/\/maismemoria.org\/mm\/wp-json\/wp\/v2\/comments?post=21"}],"version-history":[{"count":0,"href":"https:\/\/maismemoria.org\/mm\/wp-json\/wp\/v2\/pages\/21\/revisions"}],"wp:attachment":[{"href":"https:\/\/maismemoria.org\/mm\/wp-json\/wp\/v2\/media?parent=21"}],"curies":[{"name":"wp","href":"https:\/\/api.w.org\/{rel}","templated":true}]}}