{"id":2347,"date":"2023-07-04T15:34:37","date_gmt":"2023-07-04T15:34:37","guid":{"rendered":"https:\/\/maismemoria.org\/mm\/?page_id=2347"},"modified":"2023-07-04T15:40:14","modified_gmt":"2023-07-04T15:40:14","slug":"orgaos-sociais-2020-2022","status":"publish","type":"page","link":"https:\/\/maismemoria.org\/mm\/orgaos-sociais\/orgaos-sociais-2020-2022\/","title":{"rendered":"\u00f3rg\u00e3os sociais 2020-2022"},"content":{"rendered":"<p class=\"has-text-align-center\"><strong>Bi\u00e9nio 2020-2022<\/strong><\/p>\n\n\n<div class=\"page\" title=\"Page 1\">\n<div class=\"layoutArea\">\n<div class=\"column\">\n<div class=\"wp-block-columns\">\n<div class=\"wp-block-column\">\n<p class=\"has-text-align-center\"><strong>Direc\u00e7\u00e3o<\/strong><\/p>\n<p>Presidente: Fernando Mariano Cardeira<br>Vice-Presid: Nat\u00e9rcio Afonso<br>Secret\u00e1ria: Cl\u00e1udia Martins<br>Tesoureiro: Lu\u00eds Queir\u00f3s<br>Vogal: Ant\u00f3nio Rosado da Luz<br>Vogal: Helena Cabe\u00e7adas<br>Vogal: Maria An\u00e1lia Gomes<br>1.\u00aa Suplente: L\u00facia&nbsp;Esaguy&nbsp;A. Sim\u00f5es<br>2.\u00ba Suplente: Raimundo Narciso<\/p>\n<\/div>\n<div class=\"wp-block-column\">\n<p class=\"has-text-align-center\"><strong>Mesa da AG<\/strong><\/p>\n<p>Presidente: Ana Benavente<br>Vice-Presid. Maria Helena Pato<br>Secret\u00e1rio: Jos\u00e9 Zaluar<\/p>\n<p class=\"has-text-align-center\"><strong>Conselho Fiscal<\/strong><\/p>\n<p>Presidente: Artur Pinto<br>Vice-Presid. Ant\u00f3nio Cris\u00f3stomo<br>Secret\u00e1rio: In\u00e1cio Videira<\/p>\n<\/div>\n<\/div>\n<\/div>\n<\/div>\n<\/div>\n<p><strong>Lista dos subscritores<\/strong><\/p>\n<p>Alberto Melo<br>Am\u00e9rico Madeira B\u00e1rbara<br>Ana Aranha<br>Ana Cristina Martins<br>Ana Isabel Pena<br>Ana Rosenheim Prieto<br>Aniceto Afonso<br>Ant\u00f3nio Borges Coelho<br>Ant\u00f3nio Costa Santos<br>Ant\u00f3nio Mota Redol<br>Carlos Fragateiro<br>Carlos Matos Gomes<br>Eug\u00e9nia Vasques<br>Eurico Jos\u00e9 Marques dos Reis<br>Fernando F Esteves Vicente<br>Filipe Rosas<br>Frederico Delgado Rosa<br>H\u00e9lder Mateus da Costa<br>Henrique Levy<br>Isabel do Carmo<br>Iva Delgado<br>Jaime Teixeira Mendes<br>Jo\u00e3o Cara\u00e7a<br>Jo\u00e3o Esteves<br>Jo\u00e3o Freitas Branco<br>Jo\u00e3o Luiz Madeira Lopes<br>Jo\u00e3o Luiz Sousa<br>Jorge Ara\u00fajo<br>Jos\u00e9 Manuel Lopes Cordeiro<br>Jos\u00e9 Manuel Pic\u00e3o de Abreu<br>Jos\u00e9 Manuel Pureza<br>Jos\u00e9 Mo\u00e7as<br>Leonor Narciso<br>Let\u00edcia Cabe\u00e7adas do Carmo<br>Luc\u00edlia Salgado<br>Lu\u00eds C\u00edlia<br>Manuel Lucas Est\u00eav\u00e3o<br>Maria Em\u00edlia Brederode Santos<br>Maria Eug\u00e9nia Malheiros<br>Maria Jo\u00e3o Alexandre Pinto<br>Maria Helena Carneiro<br>Manuel Lu\u00eds Maca\u00edsta Malheiros<br>Manuel Pedroso Marques<br>Maria Machado Castelhano Pulqu\u00e9rio<br>Maria Tereza Bento G Santos<br>Mariana Marques Pinto Carneiro<br>M\u00e1rio de Carvalho<br>M\u00e1rio Lino<br>Miguel Cardina<br>Miriam Zaluar<br>No\u00e9mia da Costa Sim\u00f5es de Arizt\u00eda<br>Paulo Almeida<br>Ramiro Soares Rodrigues<br>Raquel Cardeira Varela<br>Rog\u00e9rio Moreira<br>Sara Barros Queiroz Am\u00e2ncio<br>S\u00e9rgio Palma Brito<br>Teresa Maria de Freitas M. Spranger<br>Teresa Tito de Morais<br>Vasco Louren\u00e7o<br>Vasco Martins<br>Vera Ad\u00e3o e Silva<br>Viriato Teles<\/p>\n<p>[&nbsp;<a title=\"\u00f3rg\u00e3os sociais 2012-2014\" href=\"https:\/\/maismemoria.org\/mm\/orgaos-sociais\/orgaos-sociais-2017-2019\/\">Org\u00e3os sociais 2017-2019 em arquivo<\/a>&nbsp;]<\/p>\n\n\n<p><\/p>","protected":false},"excerpt":{"rendered":"<p>Bi\u00e9nio 2020-2022 Direc\u00e7\u00e3o Presidente: Fernando Mariano CardeiraVice-Presid: Nat\u00e9rcio AfonsoSecret\u00e1ria: Cl\u00e1udia MartinsTesoureiro: Lu\u00eds Queir\u00f3sVogal: Ant\u00f3nio Rosado da LuzVogal: Helena Cabe\u00e7adasVogal: Maria An\u00e1lia Gomes1.\u00aa Suplente: L\u00facia&nbsp;Esaguy&nbsp;A. Sim\u00f5es2.\u00ba Suplente: Raimundo Narciso Mesa da AG Presidente: Ana BenaventeVice-Presid. Maria Helena PatoSecret\u00e1rio: Jos\u00e9 Zaluar Conselho &hellip; <a href=\"https:\/\/maismemoria.org\/mm\/orgaos-sociais\/orgaos-sociais-2020-2022\/\">Continue reading <span class=\"meta-nav\">&rarr;<\/span><\/a><\/p>\n","protected":false},"author":1,"featured_media":0,"parent":1379,"menu_order":0,"comment_status":"closed","ping_status":"closed","template":"","meta":{"footnotes":""},"class_list":["post-2347","page","type-page","status-publish","hentry"],"jetpack_sharing_enabled":true,"jetpack_shortlink":"https:\/\/wp.me\/PtMuS-BR","_links":{"self":[{"href":"https:\/\/maismemoria.org\/mm\/wp-json\/wp\/v2\/pages\/2347","targetHints":{"allow":["GET"]}}],"collection":[{"href":"https:\/\/maismemoria.org\/mm\/wp-json\/wp\/v2\/pages"}],"about":[{"href":"https:\/\/maismemoria.org\/mm\/wp-json\/wp\/v2\/types\/page"}],"author":[{"embeddable":true,"href":"https:\/\/maismemoria.org\/mm\/wp-json\/wp\/v2\/users\/1"}],"replies":[{"embeddable":true,"href":"https:\/\/maismemoria.org\/mm\/wp-json\/wp\/v2\/comments?post=2347"}],"version-history":[{"count":2,"href":"https:\/\/maismemoria.org\/mm\/wp-json\/wp\/v2\/pages\/2347\/revisions"}],"predecessor-version":[{"id":2352,"href":"https:\/\/maismemoria.org\/mm\/wp-json\/wp\/v2\/pages\/2347\/revisions\/2352"}],"up":[{"embeddable":true,"href":"https:\/\/maismemoria.org\/mm\/wp-json\/wp\/v2\/pages\/1379"}],"wp:attachment":[{"href":"https:\/\/maismemoria.org\/mm\/wp-json\/wp\/v2\/media?parent=2347"}],"curies":[{"name":"wp","href":"https:\/\/api.w.org\/{rel}","templated":true}]}}