{"id":267,"date":"2008-03-17T16:34:12","date_gmt":"2008-03-17T15:34:12","guid":{"rendered":"http:\/\/maismemoria.org\/mm\/nam\/"},"modified":"2008-11-21T19:46:45","modified_gmt":"2008-11-21T18:46:45","slug":"nam","status":"publish","type":"page","link":"https:\/\/maismemoria.org\/mm\/nam\/","title":{"rendered":"Movimento C\u00edvico \u2013 N\u00e3o Apaguem a Mem\u00f3ria!"},"content":{"rendered":"<p>Foi assinada no passado dia 14 de Mar\u00e7o, pelas 16.30H, a escritura para constitui\u00e7\u00e3o da <strong>Associa\u00e7\u00e3o &#8220;Movimento C\u00edvico &#8211; N\u00e3o Apaguem a Mem\u00f3ria!<\/strong>&#8221;<\/p>\n<p>Aproveitamos para dar a conhecer os <a href=\"http:\/\/maismemoria.org\/mm\/nam\/estatutos\/\"><strong>Estatutos<\/strong><\/a> e o <a href=\"http:\/\/maismemoria.org\/mm\/nam\/regulamento-geral\/\"><strong>Regulamento Geral da Associa\u00e7\u00e3o<\/strong><\/a>.<\/p>\n<ul>\n<li><a href=\"http:\/\/maismemoria.org\/mm\/nam\/estatutos\/\">Estatutos<\/a> <small>(<a title=\"Estatutos NAM (doc PDF; 56 KB)\" href=\"http:\/\/maismemoria.org\/mm\/wp-content\/uploads\/2008\/03\/nam_estatutos.pdf\">doc PDF; 60 KB<\/a>)<\/small><\/li>\n<li><a href=\"http:\/\/maismemoria.org\/mm\/nam\/regulamento-geral\/\">Regulamento Geral<\/a>\u00a0<small>(<a title=\"Regulamento NAM (doc PDF; 44 KB)\" href=\"http:\/\/maismemoria.org\/mm\/wp-content\/uploads\/2008\/03\/nam_regulamento.pdf\">doc PDF; 44 KB<\/a>)<\/small><\/li>\n<\/ul>\n<p>\u00a0<\/p>\n<p>Acompanhe os trabalhos da <a href=\"http:\/\/maismemoria.org\/mm\/nam\/comissao-instaladora\/\">Comiss\u00e3o Instaladora<\/a>:<\/p>\n<ul>\n<li><a href=\"http:\/\/maismemoria.org\/mm\/2008\/11\/08\/nota-informativa-3\/\">Informa\u00e7\u00e3o da Direc\u00e7\u00e3o &#8211; N\u00ba 3<\/a><\/li>\n<li><a href=\"http:\/\/maismemoria.org\/mm\/2008\/07\/28\/nota-informativa-2\/\">Informa\u00e7\u00e3o da Direc\u00e7\u00e3o &#8211; N\u00ba 2<\/a><\/li>\n<li><a href=\"http:\/\/maismemoria.org\/mm\/2008\/06\/08\/informacao-da-direccao-n-1\/\">Informa\u00e7\u00e3o da Direc\u00e7\u00e3o &#8211; N\u00ba 1<\/a><\/li>\n<li><a href=\"http:\/\/maismemoria.org\/mm\/2008\/05\/23\/acta-numero-dois\/\">Acta n\u00famero 2<\/a><\/li>\n<li><a title=\"Link para Recomenda\u00e7\u00e3o da Comiss\u00e3o Instaladora \u00e0 Direc\u00e7\u00e3o da Associa\u00e7\u00e3o rec\u00e9m-eleita\" rel=\"bookmark\" href=\"http:\/\/maismemoria.org\/mm\/2008\/05\/23\/recomendacao-da-comissao-instaladora-a-direccao-da-associacao-recem-eleita\/\">Recomenda\u00e7\u00e3o da Comiss\u00e3o Instaladora \u00e0 Direc\u00e7\u00e3o da Associa\u00e7\u00e3o rec\u00e9m-eleita<\/a><\/li>\n<li><a title=\"Link para convocat\u00f3ria para a assembleia eleitoral da Associa\u00e7\u00e3o Mov. C\u00edvico NAM\" rel=\"bookmark\" href=\"http:\/\/maismemoria.org\/mm\/2008\/05\/05\/convocatoria-para-a-assembleia-eleitoral-da-associacao-mov-civico-nam\/\">convocat\u00f3ria para a assembleia eleitoral da Associa\u00e7\u00e3o Mov. C\u00edvico NAM<\/a><\/li>\n<li><a href=\"http:\/\/maismemoria.org\/mm\/wp-content\/uploads\/2008\/05\/boletim_30_042008.pdf\">boletim de voto na Associa\u00e7\u00e3o Mov. C\u00edvico NAM<\/a><small>\u00a0(doc. PDF)<\/small><\/li>\n<li><a href=\"http:\/\/maismemoria.org\/mm\/wp-content\/uploads\/2008\/05\/programa-eleitoral-nam-2008-04-29.pdf\">Programa eleitoral da Lista A (2008-2010)<\/a><small>\u00a0(doc. PDF)<\/small><\/li>\n<li><a title=\"Link para nota da CI\" rel=\"bookmark\" href=\"http:\/\/maismemoria.org\/mm\/2008\/05\/01\/nota-da-ci\/\">nota da CI<\/a><\/li>\n<li><a title=\"Link para Lista candidata aos org\u00e3os sociais da Associa\u00e7\u00e3o \u201cMovimento C\u00edvico N\u00e3o Apaguem a Mem\u00f3ria!\u201d\" rel=\"bookmark\" href=\"http:\/\/maismemoria.org\/mm\/2008\/04\/29\/lista-candidata-aos-orgaos-sociais-da-associacao-movimento-civico-nao-apaguem-a-memoria\/\">Lista candidata aos org\u00e3os sociais da Associa\u00e7\u00e3o \u201cMovimento C\u00edvico N\u00e3o Apaguem a Mem\u00f3ria!\u201d<\/a><\/li>\n<li><a href=\"http:\/\/maismemoria.org\/mm\/2008\/04\/16\/2-nota-informativa-da-comissao-instaladora-da-associacao-movimento-civico-nam\/\">2\u00aa. Nota Informativa da CI<\/a><\/li>\n<li><a href=\"http:\/\/maismemoria.org\/mm\/wp-content\/uploads\/2008\/04\/email_consulta_inscritos.pdf\">mensagem de e-correio para consulta aos inscritos<\/a><small> (doc. PDF)<\/small><\/li>\n<li><a href=\"http:\/\/maismemoria.org\/mm\/2008\/03\/24\/nota-sobre-o-trabalho-da-ci\/\">1\u00aa. Nota Informativa da CI<\/a><\/li>\n<li><a href=\"http:\/\/maismemoria.org\/mm\/wp-content\/uploads\/2008\/04\/agc_acta_1.pdf\">Acta da Assembleira Constitutiva da Associa\u00e7\u00e3o<\/a><small> (doc. PDF)<\/small><\/li>\n<\/ul>","protected":false},"excerpt":{"rendered":"<p>Foi assinada no passado dia 14 de Mar\u00e7o, pelas 16.30H, a escritura para constitui\u00e7\u00e3o da Associa\u00e7\u00e3o &#8220;Movimento C\u00edvico &#8211; N\u00e3o Apaguem a Mem\u00f3ria!&#8221; Aproveitamos para dar a conhecer os Estatutos e o Regulamento Geral da Associa\u00e7\u00e3o. Estatutos (doc PDF; 60 &hellip; <a href=\"https:\/\/maismemoria.org\/mm\/nam\/\">Continue reading <span class=\"meta-nav\">&rarr;<\/span><\/a><\/p>\n","protected":false},"author":1,"featured_media":0,"parent":0,"menu_order":0,"comment_status":"closed","ping_status":"closed","template":"","meta":{"jetpack_post_was_ever_published":false,"footnotes":""},"class_list":["post-267","page","type-page","status-publish","hentry"],"jetpack_sharing_enabled":true,"jetpack_shortlink":"https:\/\/wp.me\/PtMuS-4j","_links":{"self":[{"href":"https:\/\/maismemoria.org\/mm\/wp-json\/wp\/v2\/pages\/267","targetHints":{"allow":["GET"]}}],"collection":[{"href":"https:\/\/maismemoria.org\/mm\/wp-json\/wp\/v2\/pages"}],"about":[{"href":"https:\/\/maismemoria.org\/mm\/wp-json\/wp\/v2\/types\/page"}],"author":[{"embeddable":true,"href":"https:\/\/maismemoria.org\/mm\/wp-json\/wp\/v2\/users\/1"}],"replies":[{"embeddable":true,"href":"https:\/\/maismemoria.org\/mm\/wp-json\/wp\/v2\/comments?post=267"}],"version-history":[{"count":4,"href":"https:\/\/maismemoria.org\/mm\/wp-json\/wp\/v2\/pages\/267\/revisions"}],"predecessor-version":[{"id":523,"href":"https:\/\/maismemoria.org\/mm\/wp-json\/wp\/v2\/pages\/267\/revisions\/523"}],"wp:attachment":[{"href":"https:\/\/maismemoria.org\/mm\/wp-json\/wp\/v2\/media?parent=267"}],"curies":[{"name":"wp","href":"https:\/\/api.w.org\/{rel}","templated":true}]}}