{"id":4,"date":"2006-07-04T23:40:07","date_gmt":"2006-07-04T22:40:07","guid":{"rendered":"http:\/\/maismemoria.org\/mm\/mais\/"},"modified":"2008-10-09T00:53:44","modified_gmt":"2008-10-08T23:53:44","slug":"mais","status":"publish","type":"page","link":"https:\/\/maismemoria.org\/mm\/mais\/","title":{"rendered":"MAIS INFORMA\u00c7\u00c3O"},"content":{"rendered":"<p> Foi entregue na Assembleia da Rep\u00fablica a peti\u00e7\u00e3o com 6000 assinaturas e que ser\u00e1 analisada na Comiss\u00e3o de Assuntos Constitucionais Direitos, Liberdades e Garantias.<\/p>\n<p><a href=\"\/files\/dossier_imprensa_20051022.pdf\" target=\"_blank\"><strong>Dossier de imprensa<\/strong><\/a> (vers\u00e3o inicial em formato PDF).<\/p>\n<p>P\u00e1gina na internet da <a href=\"http:\/\/www.pacododuque.com\" target=\"_blank\"><strong>promotora imobili\u00e1ria<\/strong><\/a>.<\/p>\n<p>Algumas <strong>organiza\u00e7\u00f5es que j\u00e1 declararam o seu apoio<\/strong>:<br \/>\nA25A (Associa\u00e7\u00e3o 25 de Abril), Biblioteca-Museu Rep\u00fablica e Resist\u00eancia, SPGL (Sindicato dos Professores da Grande Lisboa), URAP (Uni\u00e3o dos Resistentes Antifascistas Portugueses), ATTAC, ALDRABA, Associa\u00e7\u00e3o Rep\u00fablica e Laicidade, FENPROF, STML &#8211; Sindicato dos Trabalhadores do Munic\u00edpio de Lisboa, Associa\u00e7\u00e3o dos Estudantes do Instituto Superior T\u00e9cnico (AEIST), Funda\u00e7\u00e3o Humberto Delgado, APD (Associa\u00e7\u00e3o Portuguesa de Deficientes).<\/p>\n<p>Temos um <a href=\"\/mm\/?cat=10\"><strong>arquivo de visitas efectuadas<\/strong><\/a>.<\/p>\n<div id=\"sidebarnews\"><?php echo ujc_siderss('http:\/\/caminhosdamemoria.wordpress.com\/feed\/'); ?><br \/>\nAs \u00faltimas do nosso Blog:<br \/>\n<a href=\"http:\/\/blog.maismemoria.org\" target=\"_blank\">blog.maismemoria.org<\/a><\/p>\n<\/div>\n<p><\/p>\n<p><a href=\"http:\/\/maismemoria.org\/mm\/feed\/\" target=\"_blank\" class=\"antetitulo\">RSS desta p\u00e1gina<\/a><br \/>(<a href=\"http:\/\/pt.wikipedia.org\/wiki\/RSS\" title=\"o que \u00e9 o RSS? (Really Simple Sindication)\" target=\"_blank\">o que \u00e9 o RSS ?<\/a>)<\/p>\n<p><form method=\"get\" id=\"searchform\" action=\"<?php bloginfo('home'); ?>\/&#8221;><\/p>\n<div align=\"left\"><span class=\"antetitulo\">Pesquisa<\/span><br \/><span class=\"textoxsmall\"><input type=\"text\" value=\"<?php echo wp_specialchars($s, 1); ?>&#8221; name=&#8221;s&#8221; id=&#8221;s&#8221; size=&#8221;10&#8243; \/><\/span><\/div>\n<\/form>","protected":false},"excerpt":{"rendered":"<p>Foi entregue na Assembleia da Rep\u00fablica a peti\u00e7\u00e3o com 6000 assinaturas e que ser\u00e1 analisada na Comiss\u00e3o de Assuntos Constitucionais Direitos, Liberdades e Garantias. Dossier de imprensa (vers\u00e3o inicial em formato PDF). P\u00e1gina na internet da promotora imobili\u00e1ria. Algumas organiza\u00e7\u00f5es &hellip; <a href=\"https:\/\/maismemoria.org\/mm\/mais\/\">Continue reading <span class=\"meta-nav\">&rarr;<\/span><\/a><\/p>\n","protected":false},"author":1,"featured_media":0,"parent":0,"menu_order":0,"comment_status":"closed","ping_status":"closed","template":"","meta":{"jetpack_post_was_ever_published":false,"footnotes":""},"class_list":["post-4","page","type-page","status-publish","hentry"],"jetpack_sharing_enabled":true,"jetpack_shortlink":"https:\/\/wp.me\/PtMuS-4","_links":{"self":[{"href":"https:\/\/maismemoria.org\/mm\/wp-json\/wp\/v2\/pages\/4","targetHints":{"allow":["GET"]}}],"collection":[{"href":"https:\/\/maismemoria.org\/mm\/wp-json\/wp\/v2\/pages"}],"about":[{"href":"https:\/\/maismemoria.org\/mm\/wp-json\/wp\/v2\/types\/page"}],"author":[{"embeddable":true,"href":"https:\/\/maismemoria.org\/mm\/wp-json\/wp\/v2\/users\/1"}],"replies":[{"embeddable":true,"href":"https:\/\/maismemoria.org\/mm\/wp-json\/wp\/v2\/comments?post=4"}],"version-history":[{"count":3,"href":"https:\/\/maismemoria.org\/mm\/wp-json\/wp\/v2\/pages\/4\/revisions"}],"predecessor-version":[{"id":366,"href":"https:\/\/maismemoria.org\/mm\/wp-json\/wp\/v2\/pages\/4\/revisions\/366"}],"wp:attachment":[{"href":"https:\/\/maismemoria.org\/mm\/wp-json\/wp\/v2\/media?parent=4"}],"curies":[{"name":"wp","href":"https:\/\/api.w.org\/{rel}","templated":true}]}}