{"id":41,"date":"2006-07-21T18:07:56","date_gmt":"2006-07-21T17:07:56","guid":{"rendered":"http:\/\/maismemoria.org\/mm\/blog\/"},"modified":"2006-08-02T18:37:10","modified_gmt":"2006-08-02T17:37:10","slug":"blog","status":"publish","type":"page","link":"https:\/\/maismemoria.org\/mm\/blog\/","title":{"rendered":"Blog do Movimento"},"content":{"rendered":"<div class=\"subtitulo\">LINHA EDITORIAL<\/div>\n<p><strong><i>Em nome do futuro \u2013 a mem\u00f3ria<\/i><\/strong><\/p>\n<p>Somos um movimento c\u00edvico que nasceu de um acto de protesto contra o apagamento da mem\u00f3ria hist\u00f3rica da resist\u00eancia \u00e0 ditadura do Estado Novo.<\/p>\n<p>Recusamos absolver historicamente o fascismo e os crimes que em seu nome se cometeram. N\u00e3o nos move um intuito persecut\u00f3rio, t\u00e3o s\u00f3 o respeito pelos que, por ansiarem por liberdade, foram perseguidos, presos, torturados e em muitos casos assassinados.<\/p>\n<p>Foi numa atitude solid\u00e1ria para com estes resistentes que estivemos no 5 de Outubro de 2005 diante da ex-sede central da PIDE\/DGS, na Rua Ant\u00f3nio Maria Cardoso, em Lisboa, em 1 de Abril no Forte de Peniche e em 1 de Julho no Aljube de Lisboa. Quisemos dar p\u00fablico testemunho da nossa recusa no apagamento dessa mem\u00f3ria de resist\u00eancia \u00e0 tirania.<\/p>\n<p>Apel\u00e1mos, a todos os que connosco partilhavam esta exig\u00eancia de cidadania, que subscrevessem a peti\u00e7\u00e3o \u00e0 Assembleia da Rep\u00fablica, onde se reclama ao Estado portugu\u00eas o reconhecimento da mem\u00f3ria dessa resist\u00eancia, que lutou sem tr\u00e9guas para que vivamos em democracia. Essa peti\u00e7\u00e3o \u00e9 a Carta Fundadora (ou manifesto) do Movimento C\u00edvico N\u00e3o Apaguem a Mem\u00f3ria!, contendo os objectivos centrais da nossa ac\u00e7\u00e3o.<br \/>\nSomos um Movimento de cidad\u00e3s e cidad\u00e3os livres, auto-organizado e auto-dirigido, plural e aberto, que pretende contribuir para a salvaguarda e divulga\u00e7\u00e3o da mem\u00f3ria da resist\u00eancia \u00e0 ditadura e ao fascismo. Ao fim de mais de 30 anos de regime democr\u00e1tico n\u00e3o se pode adiar mais o reconhecimento dessa resist\u00eancia na constru\u00e7\u00e3o da sociedade democr\u00e1tica que \u00e9 a nossa.<\/p>\n<p>O blogue N\u00e3o Apaguem a Mem\u00f3ria! quer ser um espa\u00e7o de discuss\u00e3o sobre o que foi o regime ditatorial que dominou Portugal e os portugueses \u2013 social, cultural e politicamente \u2013 durante quase meio s\u00e9culo.<\/p>\n<p>Aceitamos discutir a hist\u00f3ria, queremos divulgar contributos que permitam melhor conhecer esse per\u00edodo hist\u00f3rico. Privilegiaremos os testemunhos dos antigos presos pol\u00edticos. N\u00e3o aceitamos, por\u00e9m, o branqueamento da Ditadura Militar e do Estado Novo.<\/p>\n<p>Somos pela democracia, pelo respeito das liberdades e pela defesa do Estado de Direito, pela defesa da dignidade dos homens e mulheres que se opuseram ao fascismo.<\/p>\n<p>Estes s\u00e3o os nossos princ\u00edpios e objectivos. \u00c9 esta a linha que nos propomos seguir.<\/p>\n<p><a href=\"http:\/\/blog.maismemoria.org\" target=\"_blank\">http:\/\/blog.maismemoria.org<\/a><\/p>\n<p><!-- http:\/\/naoapaguemamemoria.blogspot.com --><br \/>\n<!-- [ rssdecode : http:\/\/naoapaguemamemoria.blogspot.com\/rss.xml ] --><\/p>","protected":false},"excerpt":{"rendered":"<p>LINHA EDITORIAL Em nome do futuro \u2013 a mem\u00f3ria Somos um movimento c\u00edvico que nasceu de um acto de protesto contra o apagamento da mem\u00f3ria hist\u00f3rica da resist\u00eancia \u00e0 ditadura do Estado Novo. Recusamos absolver historicamente o fascismo e os &hellip; <a href=\"https:\/\/maismemoria.org\/mm\/blog\/\">Continue reading <span class=\"meta-nav\">&rarr;<\/span><\/a><\/p>\n","protected":false},"author":1,"featured_media":0,"parent":0,"menu_order":0,"comment_status":"closed","ping_status":"closed","template":"","meta":{"jetpack_post_was_ever_published":false,"footnotes":""},"class_list":["post-41","page","type-page","status-publish","hentry"],"jetpack_sharing_enabled":true,"jetpack_shortlink":"https:\/\/wp.me\/PtMuS-F","_links":{"self":[{"href":"https:\/\/maismemoria.org\/mm\/wp-json\/wp\/v2\/pages\/41","targetHints":{"allow":["GET"]}}],"collection":[{"href":"https:\/\/maismemoria.org\/mm\/wp-json\/wp\/v2\/pages"}],"about":[{"href":"https:\/\/maismemoria.org\/mm\/wp-json\/wp\/v2\/types\/page"}],"author":[{"embeddable":true,"href":"https:\/\/maismemoria.org\/mm\/wp-json\/wp\/v2\/users\/1"}],"replies":[{"embeddable":true,"href":"https:\/\/maismemoria.org\/mm\/wp-json\/wp\/v2\/comments?post=41"}],"version-history":[{"count":1,"href":"https:\/\/maismemoria.org\/mm\/wp-json\/wp\/v2\/pages\/41\/revisions"}],"predecessor-version":[{"id":323,"href":"https:\/\/maismemoria.org\/mm\/wp-json\/wp\/v2\/pages\/41\/revisions\/323"}],"wp:attachment":[{"href":"https:\/\/maismemoria.org\/mm\/wp-json\/wp\/v2\/media?parent=41"}],"curies":[{"name":"wp","href":"https:\/\/api.w.org\/{rel}","templated":true}]}}