{"id":419,"date":"2008-11-06T13:20:44","date_gmt":"2008-11-06T12:20:44","guid":{"rendered":"http:\/\/maismemoria.org\/mm\/?page_id=419"},"modified":"2012-11-11T10:40:54","modified_gmt":"2012-11-11T10:40:54","slug":"orgaos-sociais-2010-2012","status":"publish","type":"page","link":"https:\/\/maismemoria.org\/mm\/orgaos-sociais\/orgaos-sociais-2010-2012\/","title":{"rendered":"\u00f3rg\u00e3os sociais 2010-2012"},"content":{"rendered":"<p class=\"MsoNormal\" style=\"margin: 0cm 0cm 0pt;\"><strong><span style=\"font-size: 10pt; color: black; font-family: Arial; mso-bidi-font-weight: normal;\">Corpos Sociais da Associa\u00e7\u00e3o: <\/span><\/strong><span style=\"font-size: 10pt; color: black; font-family: Arial;\"> <em><strong><span style=\"font-family: Arial; mso-bidi-font-style: normal;\">Movimento C\u00edvico N\u00e3o Apaguem a Memoria!<\/span><\/strong><\/em><strong><\/strong><\/span><\/p>\n<p class=\"MsoNormal\" style=\"margin: 0cm 0cm 0pt;\"><span style=\"font-size: 10pt; color: black; font-family: Arial;\">eleitos em 15 de Maio de 2010 para um mandato de dois anos.<\/span><\/p>\n<p class=\"MsoNormal\" style=\"margin: 0cm 0cm 0pt;\"><span style=\"font-size: x-small;\"><span style=\"font-family: Arial, 'Times New Roman', 'Bitstream Charter', Times, serif; font-size: small;\"><br \/>\n<\/span><\/span><\/p>\n<p><span style=\"font-family: Arial, sans-serif;\"><strong>Lista A &#8211; candidata aos \u00f3rg\u00e3os sociais 2010-2012 (lista \u00fanica)<\/strong><\/span><\/p>\n<p><span style=\"font-family: Arial, sans-serif;\"><strong>Direc\u00e7\u00e3o<br \/>\n<span style=\"font-family: Georgia, 'Times New Roman', 'Bitstream Charter', Times, serif; font-weight: normal;\">Presidente \u2013 Raimundo Narciso<br \/>\nVice-Presidente \u2013 L\u00facia Ezaguy Sim\u00f5es<br \/>\nSecret\u00e1rio \u2013 Isabel do Carmo<br \/>\nTesoureira \u2013 Ant\u00f3nio Cris\u00f3stomo Teixeira<br \/>\nVogal \u2013 Maria Helena Pato<br \/>\nVogal \u2013 Jo\u00e3o Caixinhas<br \/>\nVogal \u2013 Jaime Teixeira Mendes<br \/>\n1\u00ba Suplente \u2013 Irene Pimentel<br \/>\n2\u00ba Suplente\u00a0\u2013 Manuela Braz Almeida <\/span><\/strong><\/span><\/p>\n<p><strong>Mesa da Assembleia Geral<br \/>\n<span style=\"font-weight: normal;\">Presidente \u2013 Eurico Reis<br \/>\nVice-Presidente \u2013 Isabel Patr\u00edcio<br \/>\nSecret\u00e1rio \u2013 Helena Elias<\/span><\/strong><\/p>\n<p><strong>Conselho Fiscal<br \/>\n<span style=\"font-weight: normal;\">Presidente \u2013 Jos\u00e9 Hip\u00f3lito dos Santos<br \/>\nVice-Presidente \u2013 Artur Pinto<br \/>\nSecret\u00e1rio \u2013 Rui Veiga Pinto<\/span><\/strong><\/p>\n<p><span style=\"font-family: Arial, sans-serif;\"><br \/>\n<\/span><\/p>\n<p><span style=\"font-family: Arial, sans-serif;\"><strong>Proponentes da Lista A candidata \u00e0s elei\u00e7\u00f5es<\/strong><\/span><\/p>\n<table width=\"539\" border=\"0\" cellspacing=\"0\" cellpadding=\"5\">\n<colgroup>\n<col width=\"53\" \/>\n<col width=\"466\" \/><\/colgroup>\n<tbody>\n<tr valign=\"BOTTOM\">\n<td width=\"53\" height=\"15\"><span style=\"font-family: Arial, sans-serif;\"><span style=\"font-size: x-small;\">1<\/span><\/span><\/td>\n<td width=\"466\"><span style=\"font-family: Arial, sans-serif;\"><span style=\"font-size: x-small;\">Ant\u00f3nio Borges Coelho<\/span><\/span><\/td>\n<\/tr>\n<tr valign=\"BOTTOM\">\n<td width=\"53\" height=\"15\"><span style=\"font-family: Arial, sans-serif;\"><span style=\"font-size: x-small;\">2<\/span><\/span><\/td>\n<td width=\"466\"><span style=\"font-family: Arial, sans-serif;\"><span style=\"font-size: x-small;\">Ant\u00f3nio Maria Sousa Almeida <\/span><\/span><\/td>\n<\/tr>\n<tr valign=\"BOTTOM\">\n<td width=\"53\" height=\"15\"><span style=\"font-family: Arial, sans-serif;\"><span style=\"font-size: x-small;\">3<\/span><\/span><\/td>\n<td width=\"466\"><span style=\"font-family: Arial, sans-serif;\"><span style=\"font-size: x-small;\">Aquilino Ribeiro Machado <\/span><\/span><\/td>\n<\/tr>\n<tr valign=\"BOTTOM\">\n<td width=\"53\" height=\"15\"><span style=\"font-family: Arial, sans-serif;\"><span style=\"font-size: x-small;\">4<\/span><\/span><\/td>\n<td width=\"466\"><span style=\"font-family: Arial, sans-serif;\"><span style=\"font-size: x-small;\">Armando Baptista Bastos <\/span><\/span><\/td>\n<\/tr>\n<tr valign=\"BOTTOM\">\n<td width=\"53\" height=\"15\"><span style=\"font-family: Arial, sans-serif;\"><span style=\"font-size: x-small;\">5<\/span><\/span><\/td>\n<td width=\"466\"><span style=\"font-family: Arial, sans-serif;\"><span style=\"font-size: x-small;\">Edmundo Pedro <\/span><\/span><\/td>\n<\/tr>\n<tr valign=\"BOTTOM\">\n<td width=\"53\" height=\"15\"><span style=\"font-family: Arial, sans-serif;\"><span style=\"font-size: x-small;\">6<\/span><\/span><\/td>\n<td width=\"466\"><span style=\"font-family: Arial, sans-serif;\"><span style=\"font-size: x-small;\">Helena Maria Fonseca Mascarenhas <\/span><\/span><\/td>\n<\/tr>\n<tr valign=\"BOTTOM\">\n<td width=\"53\" height=\"15\"><span style=\"font-family: Arial, sans-serif;\"><span style=\"font-size: x-small;\">7<\/span><\/span><\/td>\n<td width=\"466\"><span style=\"font-family: Arial, sans-serif;\"><span style=\"font-size: x-small;\">Isabel Maria C. B. Campos<\/span><\/span><\/td>\n<\/tr>\n<tr valign=\"BOTTOM\">\n<td width=\"53\" height=\"15\"><span style=\"font-family: Arial, sans-serif;\"><span style=\"font-size: x-small;\">8<\/span><\/span><\/td>\n<td width=\"466\"><span style=\"font-family: Arial, sans-serif;\"><span style=\"font-size: x-small;\">Iva Humberta de Andrade Delgado <\/span><\/span><\/td>\n<\/tr>\n<tr valign=\"BOTTOM\">\n<td width=\"53\" height=\"15\"><span style=\"font-family: Arial, sans-serif;\"><span style=\"font-size: x-small;\">9<\/span><\/span><\/td>\n<td width=\"466\"><span style=\"font-family: Arial, sans-serif;\"><span style=\"font-size: x-small;\">Jos\u00e9 Manuel Tengarrinha <\/span><\/span><\/td>\n<\/tr>\n<tr valign=\"BOTTOM\">\n<td width=\"53\" height=\"15\"><span style=\"font-family: Arial, sans-serif;\"><span style=\"font-size: x-small;\">10<\/span><\/span><\/td>\n<td width=\"466\"><span style=\"font-family: Arial, sans-serif;\"><span style=\"font-size: x-small;\">Jos\u00e9 Manuel Sequeira Louza <\/span><\/span><\/td>\n<\/tr>\n<tr valign=\"BOTTOM\">\n<td width=\"53\" height=\"15\"><span style=\"font-family: Arial, sans-serif;\"><span style=\"font-size: x-small;\">11<\/span><\/span><\/td>\n<td width=\"466\"><span style=\"font-family: Arial, sans-serif;\"><span style=\"font-size: x-small;\">J\u00falia Alberta Mendes Val\u00e9rio<\/span><\/span><\/td>\n<\/tr>\n<tr valign=\"BOTTOM\">\n<td width=\"53\" height=\"15\"><span style=\"font-family: Arial, sans-serif;\"><span style=\"font-size: x-small;\">12<\/span><\/span><\/td>\n<td width=\"466\"><span style=\"font-family: Arial, sans-serif;\"><span style=\"font-size: x-small;\">Maria Ant\u00f3nia Palla e Carmo<\/span><\/span><\/td>\n<\/tr>\n<tr valign=\"BOTTOM\">\n<td width=\"53\" height=\"15\"><span style=\"font-family: Arial, sans-serif;\"><span style=\"font-size: x-small;\">13<\/span><\/span><\/td>\n<td width=\"466\"><span style=\"font-family: Arial, sans-serif;\"><span style=\"font-size: x-small;\">Maria Augusta Anselmo Seixas<\/span><\/span><\/td>\n<\/tr>\n<tr valign=\"BOTTOM\">\n<td width=\"53\" height=\"15\"><span style=\"font-family: Arial, sans-serif;\"><span style=\"font-size: x-small;\">14<\/span><\/span><\/td>\n<td width=\"466\"><span style=\"font-family: Arial, sans-serif;\"><span style=\"font-size: x-small;\">Maria do C\u00e9u Guerra <\/span><\/span><\/td>\n<\/tr>\n<tr valign=\"BOTTOM\">\n<td width=\"53\" height=\"15\"><span style=\"font-family: Arial, sans-serif;\"><span style=\"font-size: x-small;\">15<\/span><\/span><\/td>\n<td width=\"466\"><span style=\"font-family: Arial, sans-serif;\"><span style=\"font-size: x-small;\">Maria Jo\u00e3o Gerardo Pinto<\/span><\/span><\/td>\n<\/tr>\n<tr>\n<td valign=\"BOTTOM\" width=\"53\" height=\"15\"><span style=\"font-family: Arial, sans-serif;\"><span style=\"font-size: x-small;\">16<\/span><\/span><\/td>\n<td width=\"466\"><span style=\"font-family: Arial, sans-serif;\"><span style=\"font-size: x-small;\">Maria Jos\u00e9 Ren\u00e9e d&#8217;Avila<\/span><\/span><\/td>\n<\/tr>\n<tr valign=\"BOTTOM\">\n<td width=\"53\" height=\"15\"><span style=\"font-family: Arial, sans-serif;\"><span style=\"font-size: x-small;\">17<\/span><\/span><\/td>\n<td width=\"466\"><span style=\"font-family: Arial, sans-serif;\"><span style=\"font-size: x-small;\">Maria Lu\u00edsa Corte-Real\u00a0 Nogueira<\/span><\/span><\/td>\n<\/tr>\n<tr valign=\"BOTTOM\">\n<td width=\"53\" height=\"15\"><span style=\"font-family: Arial, sans-serif;\"><span style=\"font-size: x-small;\">18<\/span><\/span><\/td>\n<td width=\"466\"><span style=\"font-family: Arial, sans-serif;\"><span style=\"font-size: x-small;\">Nuno Teot\u00f3nio Pereira<\/span><\/span><\/td>\n<\/tr>\n<tr valign=\"BOTTOM\">\n<td width=\"53\" height=\"15\"><span style=\"font-family: Arial, sans-serif;\"><span style=\"font-size: x-small;\">19<\/span><\/span><\/td>\n<td width=\"466\"><span style=\"font-family: Arial, sans-serif;\"><span style=\"font-size: x-small;\">Paula Soares Correia<\/span><\/span><\/td>\n<\/tr>\n<tr valign=\"BOTTOM\">\n<td width=\"53\" height=\"15\"><span style=\"font-family: Arial, sans-serif;\"><span style=\"font-size: x-small;\">20<\/span><\/span><\/td>\n<td width=\"466\"><span style=\"font-family: Arial, sans-serif;\"><span style=\"font-size: x-small;\">Rui Palma Bebiano<\/span><\/span><\/td>\n<\/tr>\n<tr valign=\"BOTTOM\">\n<td width=\"53\" height=\"15\"><span style=\"font-family: Arial, sans-serif;\"><span style=\"font-size: x-small;\">21<\/span><\/span><\/td>\n<td width=\"466\"><span style=\"font-family: Arial, sans-serif;\"><span style=\"font-size: x-small;\">Rui Flunser Pimentel<\/span><\/span><\/td>\n<\/tr>\n<tr valign=\"BOTTOM\">\n<td width=\"53\" height=\"15\"><span style=\"font-family: Arial, sans-serif;\"><span style=\"font-size: x-small;\">22<\/span><\/span><\/td>\n<td width=\"466\"><span style=\"font-family: Arial, sans-serif;\"><span style=\"font-size: x-small;\">Rui Lomelino Freitas<\/span><\/span><\/td>\n<\/tr>\n<tr valign=\"BOTTOM\">\n<td width=\"53\" height=\"15\"><span style=\"font-family: Arial, sans-serif;\"><span style=\"font-size: x-small;\">23<\/span><\/span><\/td>\n<td width=\"466\"><span style=\"font-family: Arial, sans-serif;\"><span style=\"font-size: x-small;\">Sara Barros Queiroz Am\u00e2ncio<\/span><\/span><\/td>\n<\/tr>\n<tr valign=\"BOTTOM\">\n<td width=\"53\" height=\"15\"><span style=\"font-family: Arial, sans-serif;\"><span style=\"font-size: x-small;\">24<\/span><\/span><\/td>\n<td width=\"466\"><span style=\"font-family: Arial, sans-serif;\"><span style=\"font-size: x-small;\">Tereza Mesquita Spranger <\/span><\/span><\/td>\n<\/tr>\n<\/tbody>\n<\/table>\n<p class=\"MsoNormal\" style=\"text-align: left;\"><span style=\"font-size: 10pt; color: black; font-family: Arial; mso-fareast-font-family: Calibri; mso-fareast-language: EN-US;\"><span style=\"mso-spacerun: yes;\"><span style=\"mso-spacerun: yes;\">Maio de 2010<\/span><\/span><\/span><\/p>\n<p><small>[ <a href=\"..\/orgaos-sociais-2008-2010\/\">Org\u00e3os sociais 2008-2010 em arquivo<\/a> ]<\/small><\/p>","protected":false},"excerpt":{"rendered":"<p>Corpos Sociais da Associa\u00e7\u00e3o: Movimento C\u00edvico N\u00e3o Apaguem a Memoria! eleitos em 15 de Maio de 2010 para um mandato de dois anos. Lista A &#8211; candidata aos \u00f3rg\u00e3os sociais 2010-2012 (lista \u00fanica) Direc\u00e7\u00e3o Presidente \u2013 Raimundo Narciso Vice-Presidente \u2013 &hellip; <a href=\"https:\/\/maismemoria.org\/mm\/orgaos-sociais\/orgaos-sociais-2010-2012\/\">Continue reading <span class=\"meta-nav\">&rarr;<\/span><\/a><\/p>\n","protected":false},"author":1,"featured_media":0,"parent":1379,"menu_order":0,"comment_status":"closed","ping_status":"closed","template":"","meta":{"footnotes":""},"class_list":["post-419","page","type-page","status-publish","hentry"],"jetpack_sharing_enabled":true,"jetpack_shortlink":"https:\/\/wp.me\/PtMuS-6L","_links":{"self":[{"href":"https:\/\/maismemoria.org\/mm\/wp-json\/wp\/v2\/pages\/419","targetHints":{"allow":["GET"]}}],"collection":[{"href":"https:\/\/maismemoria.org\/mm\/wp-json\/wp\/v2\/pages"}],"about":[{"href":"https:\/\/maismemoria.org\/mm\/wp-json\/wp\/v2\/types\/page"}],"author":[{"embeddable":true,"href":"https:\/\/maismemoria.org\/mm\/wp-json\/wp\/v2\/users\/1"}],"replies":[{"embeddable":true,"href":"https:\/\/maismemoria.org\/mm\/wp-json\/wp\/v2\/comments?post=419"}],"version-history":[{"count":27,"href":"https:\/\/maismemoria.org\/mm\/wp-json\/wp\/v2\/pages\/419\/revisions"}],"predecessor-version":[{"id":1390,"href":"https:\/\/maismemoria.org\/mm\/wp-json\/wp\/v2\/pages\/419\/revisions\/1390"}],"up":[{"embeddable":true,"href":"https:\/\/maismemoria.org\/mm\/wp-json\/wp\/v2\/pages\/1379"}],"wp:attachment":[{"href":"https:\/\/maismemoria.org\/mm\/wp-json\/wp\/v2\/media?parent=419"}],"curies":[{"name":"wp","href":"https:\/\/api.w.org\/{rel}","templated":true}]}}