{"id":442,"date":"2008-11-13T19:05:05","date_gmt":"2008-11-13T18:05:05","guid":{"rendered":"http:\/\/maismemoria.org\/mm\/?page_id=442"},"modified":"2008-11-28T00:11:05","modified_gmt":"2008-11-27T23:11:05","slug":"grupos-de-trabalho","status":"publish","type":"page","link":"https:\/\/maismemoria.org\/mm\/home\/grupos-de-trabalho\/","title":{"rendered":"Grupos de trabalho"},"content":{"rendered":"<p><span style=\"font-size: 10pt; line-height: 150%; font-family: &quot;Arial&quot;,&quot;sans-serif&quot;;\"><\/p>\n<p class=\"MsoNormal\" style=\"margin: 0cm 0cm 0pt; text-align: justify; mso-hyphenate: auto;\"><span style=\"font-size: 10pt; color: black; font-family: Arial; mso-fareast-language: PT;\">A sustentabilidade da Associa\u00e7\u00e3o &#8211; Movimento C\u00edvico <em style=\"mso-bidi-font-style: normal;\">N\u00e3o Apaguem a Mem\u00f3ria!<\/em> assenta na mobiliza\u00e7\u00e3o dos nossos apoiantes, em todo o pais, sobretudo nos locais onde a resist\u00eancia ao fascismo se desenvolveu de modo mais expressivo.<\/span><\/p>\n<p class=\"MsoNormal\" style=\"margin: 0cm 0cm 0pt; text-align: justify; mso-hyphenate: auto;\"><span style=\"font-size: 10pt; color: black; font-family: Arial; mso-fareast-language: PT;\">\u00a0<\/span><\/p>\n<p class=\"MsoNormal\" style=\"margin: 0cm 0cm 0pt; text-align: justify; mso-hyphenate: auto;\"><span style=\"font-size: 10pt; color: black; font-family: Arial; mso-fareast-language: PT;\">A\u00a0continuidade das nossas ac\u00e7\u00f5es passa, tamb\u00e9m, pela penetra\u00e7\u00e3o cultural em todos os meios, com especial incid\u00eancia na juventude, o que sup\u00f5e uma liga\u00e7\u00e3o profunda \u00e0s escolas, \u00e0s universidades, aos centros culturais e \u00e0 comunica\u00e7\u00e3o social.<\/span><\/p>\n<p class=\"MsoNormal\" style=\"margin: 0cm 0cm 0pt; text-align: justify; mso-hyphenate: auto;\"><span style=\"font-size: 10pt; color: black; font-family: Arial; mso-fareast-language: PT;\">\u00a0<\/span><\/p>\n<p class=\"MsoNormal\" style=\"margin: 0cm 0cm 0pt; text-align: justify; mso-hyphenate: auto;\"><span style=\"font-size: 10pt; color: black; font-family: Arial; mso-fareast-language: PT;\">Esta mobiliza\u00e7\u00e3o faz-se de diferentes formas mas, principalmente, pelo trabalho e o envolvimento das pessoas, associados ou n\u00e3o, para a concretiza\u00e7\u00e3o dos nossos fins.<\/span><\/p>\n<p class=\"MsoNormal\" style=\"margin: 0cm 0cm 0pt; text-align: justify; mso-hyphenate: auto;\"><span style=\"font-size: 10pt; color: black; font-family: Arial; mso-fareast-language: PT;\">Por tal raz\u00e3o, a nossa Associa\u00e7\u00e3o entende ser vital conservar as caracter\u00edsticas de um movimento c\u00edvico, aberto, plural, democr\u00e1tico, cuja estrutura operativa repouse, tanto quanto poss\u00edvel, nos <strong style=\"mso-bidi-font-weight: normal;\">Grupos de Trabalho<\/strong>, sejam eles de car\u00e1cter tem\u00e1tico ou territorial, tal como consta do Regulamento Geral da Associa\u00e7\u00e3o (consult\u00e1vel aqui).<\/span><\/p>\n<p class=\"MsoNormal\" style=\"margin: 0cm 0cm 0pt; text-align: justify; mso-hyphenate: auto;\"><span style=\"font-size: 10pt; color: black; font-family: Arial; mso-fareast-language: PT;\">\u00a0<\/span><\/p>\n<p class=\"MsoNormal\" style=\"margin: 0cm 0cm 0pt; text-align: justify; mso-hyphenate: auto;\"><span style=\"font-size: 10pt; color: black; font-family: Arial; mso-fareast-language: PT;\">Os grupos de Trabalho s\u00e3o constitu\u00eddos de acordo com um programa de ac\u00e7\u00e3o aprovado seja por proposta da Direc\u00e7\u00e3o ou por iniciativa pr\u00f3pria dos associados (ou apoiantes) do NAM.<\/span><\/p>\n<p class=\"MsoNormal\" style=\"margin: 0cm 0cm 0pt; text-align: justify; mso-hyphenate: auto;\"><span style=\"font-size: 10pt; color: black; font-family: Arial; mso-fareast-language: PT;\">A sua cria\u00e7\u00e3o sup\u00f5e que sejam definidos objectivos, sintonizados com os nossos prop\u00f3sitos, bem como apresentado um conjunto de ac\u00e7\u00f5es programadas.<\/span><\/p>\n<p class=\"MsoNormal\" style=\"margin: 0cm 0cm 0pt; text-align: justify; mso-hyphenate: auto;\"><span style=\"font-size: 10pt; color: black; font-family: Arial; mso-fareast-language: PT;\"><span style=\"mso-spacerun: yes;\">\u00a0<\/span><\/span><\/p>\n<p class=\"MsoNormal\" style=\"margin: 0cm 0cm 0pt; text-align: justify; mso-hyphenate: auto;\"><span style=\"font-size: 10pt; color: black; font-family: Arial; mso-fareast-language: PT;\">Os grupos funcionam com larga autonomia, t\u00eam um coordenador e mant\u00eam uma liga\u00e7\u00e3o \u00e0 Direc\u00e7\u00e3o do NAM, atrav\u00e9s da indica\u00e7\u00e3o de um de seus membros, designado para o efeito. <\/span><\/p>\n<p class=\"MsoNormal\" style=\"margin: 0cm 0cm 0pt; text-align: justify; mso-hyphenate: auto;\"><span style=\"font-size: 10pt; color: black; font-family: Arial; mso-fareast-language: PT;\">Quem quiser participar de um grupo de trabalho tem\u00e1tico j\u00e1 existente deve enviar um e-mail ao seu coordenador.<\/span><\/p>\n<p class=\"MsoNormal\" style=\"margin: 0cm 0cm 0pt; text-align: justify; mso-hyphenate: auto;\"><span style=\"font-size: 10pt; color: black; font-family: Arial; mso-fareast-language: PT;\">Quem pretender propor a cria\u00e7\u00e3o de um novo grupo deve enviar um e-mail para L\u00facia Ezaguy, vice-presidente da direc\u00e7\u00e3o ( <a href=\"mailto:l\u00fa&#x63;&#x69;&#x61;&#x5f;&#x65;&#x7a;&#x61;&#x67;&#x75;&#x79;&#x40;&#x67;&#x6d;&#x61;&#x69;&#x6c;&#x2e;&#x63;&#x6f;&#x6d;\">l\u00fa<span class=\"oe_textdirection\">&#x6d;&#x6f;&#x63;&#x2e;&#x6c;&#x69;&#x61;&#x6d;&#x67;<span class=\"oe_displaynone\">null<\/span>&#x40;&#x79;&#x75;&#x67;&#x61;&#x7a;&#x65;&#x5f;&#x61;&#x69;&#x63;<\/span><\/a>).<\/span><\/p>\n<p class=\"MsoNormal\" style=\"margin: 0cm 0cm 0pt; text-align: justify; mso-hyphenate: auto;\"><span style=\"font-size: 10pt; color: black; font-family: Arial; mso-fareast-language: PT;\">\u00a0<\/span><\/p>\n<p class=\"MsoNormal\" style=\"margin: 0cm 0cm 0pt; text-align: justify; mso-hyphenate: auto;\"><strong style=\"mso-bidi-font-weight: normal;\"><span style=\"font-size: 10pt; color: black; font-family: Arial; mso-fareast-language: PT;\">\u00a0<\/span><\/strong><span style=\"font-size: 10pt; color: black; font-family: Arial; mso-fareast-language: PT;\">Actualmente est\u00e3o em funcionamento os seguintes Grupos de Trabalho: <\/span><\/p>\n<p class=\"MsoNormal\" style=\"margin: 0cm 0cm 0pt; text-align: justify; mso-hyphenate: auto;\"><span style=\"font-size: 10pt; color: black; font-family: Arial; mso-fareast-language: PT;\">\u00a0<\/span><\/p>\n<p class=\"MsoNormal\" style=\"margin: 0cm 0cm 0pt; text-align: justify; mso-hyphenate: auto;\"><span style=\"font-size: 10pt; color: black; font-family: Arial; mso-fareast-language: PT;\">\u00a0<\/span><strong style=\"mso-bidi-font-weight: normal;\"><span style=\"font-size: 10pt; color: black; font-family: Arial; mso-fareast-font-family: Arial; mso-fareast-language: PT;\">1.\u00a0<\/span><\/strong><strong style=\"mso-bidi-font-weight: normal;\"><span style=\"font-size: 10pt; color: black; font-family: Arial; mso-fareast-language: PT;\">Antiga sede da PIDE\/DGS e Memorial \u00e0s v\u00edtimas da PIDE <\/span><\/strong><span style=\"font-size: 10pt; color: black; font-family: Arial; mso-fareast-language: PT;\"><\/span><\/p>\n<p class=\"MsoNormal\" style=\"margin: 0cm 0cm 0pt; text-align: justify; mso-hyphenate: auto;\"><span style=\"font-size: 10pt; color: black; font-family: Arial; mso-fareast-language: PT;\"><span style=\"mso-spacerun: yes;\">\u00a0\u00a0\u00a0\u00a0 <\/span>na Rua Ant\u00f3nio Maria Cardoso (em Lisboa)<\/span><\/p>\n<p class=\"MsoNormal\" style=\"margin: 0cm 0cm 0pt; text-align: justify; mso-hyphenate: auto;\"><span style=\"font-size: 10pt; color: black; font-family: Arial; mso-fareast-language: PT;\">\u00a0<\/span><\/p>\n<p class=\"MsoNormal\" style=\"margin: 0cm 0cm 0pt; text-align: justify; mso-hyphenate: auto;\"><strong style=\"mso-bidi-font-weight: normal;\"><span style=\"font-size: 10pt; color: black; font-family: Arial; mso-fareast-language: PT;\">Objectivos: <\/span><\/strong><\/p>\n<p class=\"MsoNormal\" style=\"margin: 0cm 0cm 0pt; text-align: justify; mso-hyphenate: auto;\"><strong style=\"mso-bidi-font-weight: normal;\"><span style=\"font-size: 10pt; color: black; font-family: Arial; mso-fareast-language: PT;\">\u00a0<\/span><\/strong><\/p>\n<p class=\"MsoNormal\" style=\"margin: 0cm 0cm 0pt; text-align: justify; mso-hyphenate: auto;\"><span style=\"font-size: 10pt; color: black; font-family: Arial; mso-fareast-language: PT;\">Desenvolver ac\u00e7\u00f5es para efeitos da cria\u00e7\u00e3o de um n\u00facleo museol\u00f3gico aberto ao p\u00fablico, de natureza hist\u00f3rica e cultural, destinado \u00e0 preserva\u00e7\u00e3o da mem\u00f3ria da hist\u00f3ria do edif\u00edcio da Rua Ant\u00f3nio Maria Cardoso, com particular destaque para a \u00e9poca em que o mesmo foi sede da ex-PIDE\/DGS.<\/span><\/p>\n<p class=\"MsoNormal\" style=\"margin: 0cm 0cm 0pt; text-align: justify; mso-hyphenate: auto;\"><span style=\"font-size: 10pt; color: black; font-family: Arial; mso-fareast-language: PT;\">Erigir junto do local onde se situava a sede um memorial \u00e0s v\u00edtimas da PIDE, atrav\u00e9s de uma subscri\u00e7\u00e3o p\u00fablica. <\/span><\/p>\n<p class=\"MsoNormal\" style=\"margin: 0cm 0cm 0pt; text-align: justify; mso-hyphenate: auto;\"><span style=\"font-size: 10pt; color: black; font-family: Arial; mso-fareast-language: PT;\">Constitui\u00e7\u00e3o: Irene Pimentel, Nuno Teot\u00f3nio Pereira. <\/span><\/p>\n<p class=\"MsoNormal\" style=\"margin: 0cm 0cm 0pt; text-align: justify; mso-hyphenate: auto;\"><span style=\"font-size: 10pt; color: black; font-family: Arial; mso-fareast-language: PT;\">Coordena\u00e7\u00e3o:<\/span><\/p>\n<p class=\"MsoNormal\" style=\"margin: 0cm 0cm 0pt; text-align: justify; mso-hyphenate: auto;\"><span style=\"font-size: 10pt; color: black; font-family: Arial; mso-fareast-language: PT;\">Acompanhamento Direc\u00e7\u00e3o do NAM: Manuela Br\u00e1s Almeida<\/span><\/p>\n<p class=\"MsoNormal\" style=\"margin: 0cm 0cm 0pt; text-align: justify; mso-hyphenate: auto;\"><span style=\"font-size: 10pt; color: black; font-family: Arial; mso-fareast-language: PT;\">E-mail da Coordena\u00e7\u00e3o:<\/span><\/p>\n<p class=\"MsoNormal\" style=\"margin: 0cm 0cm 0pt; text-align: justify; mso-hyphenate: auto;\"><span style=\"font-size: 10pt; color: black; font-family: Arial; mso-fareast-language: PT;\">\u00a0<\/span><\/p>\n<p class=\"MsoNormal\" style=\"margin: 0cm 0cm 0pt; text-align: justify; mso-hyphenate: auto;\"><strong style=\"mso-bidi-font-weight: normal;\"><span style=\"font-size: 10pt; color: black; font-family: Arial; mso-fareast-language: PT;\">2. Museu da Resist\u00eancia e da Liberdade (Aljube)<\/span><\/strong><span style=\"font-size: 10pt; color: black; font-family: Arial; mso-fareast-language: PT;\"><\/span><\/p>\n<p class=\"MsoNormal\" style=\"margin: 0cm 0cm 0pt; text-align: justify; mso-hyphenate: auto;\"><strong style=\"mso-bidi-font-weight: normal;\"><span style=\"font-size: 10pt; color: black; font-family: Arial; mso-fareast-language: PT;\">\u00a0<\/span><\/strong><\/p>\n<p class=\"MsoNormal\" style=\"margin: 0cm 0cm 0pt; text-align: justify; mso-hyphenate: auto;\"><strong style=\"mso-bidi-font-weight: normal;\"><span style=\"font-size: 10pt; color: black; font-family: Arial; mso-fareast-language: PT;\">Objectivo: <\/span><\/strong><\/p>\n<p class=\"MsoNormal\" style=\"margin: 0cm 0cm 0pt; text-align: justify; mso-hyphenate: auto;\"><span style=\"font-size: 10pt; color: black; font-family: Arial; mso-fareast-language: PT;\">\u00a0<\/span><\/p>\n<p class=\"MsoNormal\" style=\"margin: 0cm 0cm 0pt; text-align: justify; mso-hyphenate: auto;\"><span style=\"font-size: 10pt; color: black; font-family: Arial; mso-fareast-language: PT;\">Desenvolver ac\u00e7\u00f5es para a cria\u00e7\u00e3o de um museu nacional que evoque a resist\u00eancia e a liberdade conquistada em Abril de 74, colaborando, tamb\u00e9m, na defini\u00e7\u00e3o e acompanhamento do projecto museol\u00f3gico.<\/span><\/p>\n<p class=\"MsoNormal\" style=\"margin: 0cm 0cm 0pt; text-align: justify; mso-hyphenate: auto;\"><span style=\"font-size: 10pt; color: black; font-family: Arial; mso-fareast-language: PT;\">Coordena\u00e7\u00e3o: Artur Pinto.<\/span><\/p>\n<p class=\"MsoNormal\" style=\"margin: 0cm 0cm 0pt; text-align: justify; mso-hyphenate: auto;\"><span style=\"font-size: 10pt; color: black; font-family: Arial; mso-fareast-language: PT;\">Acompanhamento Direc\u00e7\u00e3o do NAM: Diana Andringa.<\/span><\/p>\n<p class=\"MsoNormal\" style=\"margin: 0cm 0cm 0pt; text-align: justify; mso-hyphenate: auto;\"><span style=\"font-size: 10pt; color: black; font-family: Arial; mso-fareast-language: PT;\">E-mail da Coordena\u00e7\u00e3o:<\/span><\/p>\n<p class=\"MsoNormal\" style=\"margin: 0cm 0cm 0pt; text-align: justify; mso-hyphenate: auto;\"><span style=\"font-size: 10pt; color: black; font-family: Arial; mso-fareast-language: PT;\">\u00a0<\/span><\/p>\n<p class=\"MsoNormal\" style=\"margin: 0cm 0cm 0pt; text-align: justify; mso-hyphenate: auto;\"><strong style=\"mso-bidi-font-weight: normal;\"><span style=\"font-size: 10pt; color: black; font-family: Arial; mso-fareast-language: PT;\">3. Roteiros da mem\u00f3ria\/ Materiais escolares<\/span><\/strong><\/p>\n<p class=\"MsoNormal\" style=\"margin: 0cm 0cm 0pt; text-align: justify; mso-hyphenate: auto;\"><span style=\"font-size: 10pt; color: black; font-family: Arial; mso-fareast-language: PT;\">\u00a0<\/span><\/p>\n<p class=\"MsoNormal\" style=\"margin: 0cm 0cm 0pt; text-align: justify; mso-hyphenate: auto;\"><strong><span style=\"font-size: 10pt; color: black; font-family: Arial; mso-fareast-language: PT;\">Objectivo<\/span><\/strong><span style=\"font-size: 10pt; color: black; font-family: Arial; mso-fareast-language: PT;\"> <strong>(roteiros da mem\u00f3ria):<\/strong> <\/span><\/p>\n<p class=\"MsoNormal\" style=\"margin: 0cm 0cm 0pt; text-align: justify; mso-hyphenate: auto;\"><span style=\"font-size: 10pt; color: black; font-family: Arial; mso-fareast-language: PT;\">Assinalar os lugares que marcaram as lutas do povo portugu\u00eas pela liberdade e pela conquista da democracia de forma a construir itiner\u00e1rios pol\u00edtico-culturais, destinados aos cidad\u00e3os, nacionais e estrangeiros, aos jovens e \u00e0s escolas, a serem dinamizados a n\u00edvel local pelas autarquias, designadamente. Considera-se tamb\u00e9m a hip\u00f3tese de criar um roteiro na internet.<\/span><\/p>\n<p class=\"MsoNormal\" style=\"margin: 0cm 0cm 0pt; text-align: justify; mso-hyphenate: auto;\"><span style=\"font-size: 10pt; color: black; font-family: Arial; mso-fareast-language: PT;\">\u00a0<\/span><\/p>\n<p class=\"MsoNormal\" style=\"margin: 0cm 0cm 0pt; text-align: justify; mso-hyphenate: auto;\"><strong><span style=\"font-size: 10pt; color: black; font-family: Arial; mso-fareast-language: PT;\">Objectivo (Materiais escolares)<\/span><\/strong><span style=\"font-size: 10pt; color: black; font-family: Arial; mso-fareast-language: PT;\"><\/span><\/p>\n<p class=\"MsoNormal\" style=\"margin: 0cm 0cm 0pt; text-align: justify; mso-hyphenate: auto;\"><span style=\"font-size: 10pt; color: black; font-family: Arial; mso-fareast-language: PT;\">\u00a0<\/span><\/p>\n<p class=\"MsoNormal\" style=\"margin: 0cm 0cm 0pt; text-align: justify; mso-hyphenate: auto;\"><span style=\"font-size: 10pt; color: black; font-family: Arial; mso-fareast-language: PT;\">Contribuir para que se melhore a informa\u00e7\u00e3o no ensino, da instru\u00e7\u00e3o prim\u00e1ria ao superior, sobre o que foi a ditadura e sobre a luta do povo portugu\u00eas pela democracia e a liberdade, em quase meio s\u00e9culo, de 1926 e 1974. Mediante uma ac\u00e7\u00e3o pedag\u00f3gica junto da opini\u00e3o p\u00fablica e das entidades oficiais respons\u00e1veis pelo ensino. Se poss\u00edvel em parceria com outras entidades da sociedade civil vocacionadas para este objectivo e directamente com estudos, projectos e a elabora\u00e7\u00e3o de documentos para este fim.<\/span><\/p>\n<p class=\"MsoNormal\" style=\"margin: 0cm 0cm 0pt; text-align: justify; mso-hyphenate: auto;\"><span style=\"font-size: 10pt; color: black; font-family: Arial; mso-fareast-language: PT;\">\u00a0<\/span><\/p>\n<p class=\"MsoNormal\" style=\"margin: 0cm 0cm 0pt; text-align: justify; mso-hyphenate: auto;\"><span style=\"font-size: 10pt; color: black; font-family: Arial; mso-fareast-language: PT;\">Coordena\u00e7\u00e3o: Rui Ferreira<\/span><\/p>\n<p class=\"MsoNormal\" style=\"margin: 0cm 0cm 0pt; text-align: justify; mso-hyphenate: auto;\"><span style=\"font-size: 10pt; color: black; font-family: Arial; mso-fareast-language: PT;\">Acompanhamento Direc\u00e7\u00e3o do NAM: Jorge Martins<\/span><\/p>\n<p><font style=\"font-size: 10pt; line-height: 150%;\" face=\"&quot;Arial&quot;,&quot;sans-serif&quot;\"><\/p>\n<p class=\"MsoNormal\" style=\"margin: 0cm 0cm 0pt; text-align: justify; mso-hyphenate: auto;\"><span style=\"font-size: 10pt; color: black; font-family: Arial; mso-fareast-language: PT;\">E-mail da Coordena\u00e7\u00e3o<\/span><\/p>\n<p><\/font><\/span><\/p>\n<p class=\"MsoNormal\" style=\"margin: 0cm 0cm 0pt; text-align: justify; mso-hyphenate: auto;\">\u00a0<\/p>","protected":false},"excerpt":{"rendered":"<p>A sustentabilidade da Associa\u00e7\u00e3o &#8211; Movimento C\u00edvico N\u00e3o Apaguem a Mem\u00f3ria! assenta na mobiliza\u00e7\u00e3o dos nossos apoiantes, em todo o pais, sobretudo nos locais onde a resist\u00eancia ao fascismo se desenvolveu de modo mais expressivo. \u00a0 A\u00a0continuidade das nossas ac\u00e7\u00f5es &hellip; <a href=\"https:\/\/maismemoria.org\/mm\/home\/grupos-de-trabalho\/\">Continue reading <span class=\"meta-nav\">&rarr;<\/span><\/a><\/p>\n","protected":false},"author":1,"featured_media":0,"parent":3,"menu_order":0,"comment_status":"closed","ping_status":"closed","template":"","meta":{"jetpack_post_was_ever_published":false,"footnotes":""},"class_list":["post-442","page","type-page","status-publish","hentry"],"jetpack_sharing_enabled":true,"jetpack_shortlink":"https:\/\/wp.me\/PtMuS-78","_links":{"self":[{"href":"https:\/\/maismemoria.org\/mm\/wp-json\/wp\/v2\/pages\/442","targetHints":{"allow":["GET"]}}],"collection":[{"href":"https:\/\/maismemoria.org\/mm\/wp-json\/wp\/v2\/pages"}],"about":[{"href":"https:\/\/maismemoria.org\/mm\/wp-json\/wp\/v2\/types\/page"}],"author":[{"embeddable":true,"href":"https:\/\/maismemoria.org\/mm\/wp-json\/wp\/v2\/users\/1"}],"replies":[{"embeddable":true,"href":"https:\/\/maismemoria.org\/mm\/wp-json\/wp\/v2\/comments?post=442"}],"version-history":[{"count":8,"href":"https:\/\/maismemoria.org\/mm\/wp-json\/wp\/v2\/pages\/442\/revisions"}],"predecessor-version":[{"id":601,"href":"https:\/\/maismemoria.org\/mm\/wp-json\/wp\/v2\/pages\/442\/revisions\/601"}],"up":[{"embeddable":true,"href":"https:\/\/maismemoria.org\/mm\/wp-json\/wp\/v2\/pages\/3"}],"wp:attachment":[{"href":"https:\/\/maismemoria.org\/mm\/wp-json\/wp\/v2\/media?parent=442"}],"curies":[{"name":"wp","href":"https:\/\/api.w.org\/{rel}","templated":true}]}}