{"id":447,"date":"2008-11-13T19:10:48","date_gmt":"2008-11-13T18:10:48","guid":{"rendered":"http:\/\/maismemoria.org\/mm\/?page_id=447"},"modified":"2008-12-01T20:58:45","modified_gmt":"2008-12-01T19:58:45","slug":"nucleos","status":"publish","type":"page","link":"https:\/\/maismemoria.org\/mm\/home\/nucleos\/","title":{"rendered":"N\u00facleos"},"content":{"rendered":"<p style=\"margin: 0cm 0cm 0pt; line-height: 150%; text-align: justify;\"><span style=\"font-size: 10pt; line-height: 150%; font-family: &quot;Arial&quot;,&quot;sans-serif&quot;;\"><a href=\"http:\/\/maismemoria.org\/mm\/wp-content\/uploads\/2008\/12\/porto-2.jpg\"><img loading=\"lazy\" decoding=\"async\" class=\"alignnone size-full wp-image-688\" title=\"porto-2\" src=\"http:\/\/maismemoria.org\/mm\/wp-content\/uploads\/2008\/12\/porto-2.jpg\" alt=\"\" width=\"500\" height=\"354\" srcset=\"https:\/\/maismemoria.org\/mm\/wp-content\/uploads\/2008\/12\/porto-2.jpg 1024w, https:\/\/maismemoria.org\/mm\/wp-content\/uploads\/2008\/12\/porto-2-300x212.jpg 300w\" sizes=\"auto, (max-width: 500px) 100vw, 500px\" \/><\/a><\/span><\/p>\n<p style=\"margin: 0cm 0cm 0pt; line-height: 150%; text-align: justify;\">\u00a0<\/p>\n<p style=\"margin: 0cm 0cm 0pt; line-height: 150%; text-align: justify;\"><span style=\"font-size: 10pt; line-height: 150%; font-family: &quot;Arial&quot;,&quot;sans-serif&quot;;\">Os estatutos prev\u00eaem a cria\u00e7\u00e3o de delega\u00e7\u00f5es ou n\u00facleos regionais ou locais e o regulamento geral estabelece o seguinte:<\/span><\/p>\n<p class=\"MsoNormal\" style=\"margin: 0cm 0cm 0pt; line-height: 150%; text-align: center;\" align=\"center\"><span style=\"font-size: 10pt; line-height: 150%; font-family: &quot;Arial&quot;,&quot;sans-serif&quot;;\">Art. 1\u00ba<\/span><\/p>\n<p class=\"MsoNormal\" style=\"margin: 0cm 0cm 0pt; line-height: 150%; text-align: center;\" align=\"center\"><span style=\"font-size: 10pt; line-height: 150%; font-family: &quot;Arial&quot;,&quot;sans-serif&quot;;\">(Constitui\u00e7\u00e3o das delega\u00e7\u00f5es e n\u00facleos)<\/span><\/p>\n<p style=\"margin: 0cm 0cm 0pt; line-height: 150%; text-align: justify;\"><span style=\"font-size: 10pt; line-height: 150%; font-family: &quot;Arial&quot;,&quot;sans-serif&quot;;\">\u00a0<\/span><\/p>\n<p class=\"MsoNormal\" style=\"margin: 0cm 0cm 0pt; line-height: 150%; text-align: justify;\"><span style=\"font-size: 10pt; line-height: 150%; font-family: &quot;Arial&quot;,&quot;sans-serif&quot;;\">\u201c1. A constitui\u00e7\u00e3o de delega\u00e7\u00f5es e n\u00facleos referidos no artigo 21\u00ba dos estatutos requer a exist\u00eancia de um m\u00ednimo de, respectivamente, 20 e 5 associados que subscrever\u00e3o a respectiva proposta.<\/span><\/p>\n<p class=\"MsoNormal\" style=\"margin: 0cm 0cm 0pt; line-height: 150%; text-align: center;\" align=\"center\"><span style=\"font-size: 10pt; line-height: 150%; font-family: &quot;Arial&quot;,&quot;sans-serif&quot;;\">Art. 2\u00ba<\/span><\/p>\n<p class=\"MsoNormal\" style=\"margin: 0cm 0cm 0pt; line-height: 150%; text-align: center;\" align=\"center\"><span style=\"font-size: 10pt; line-height: 150%; font-family: &quot;Arial&quot;,&quot;sans-serif&quot;;\">(Funcionamento das delega\u00e7\u00f5es e n\u00facleos)<\/span><\/p>\n<p class=\"MsoNormal\" style=\"margin: 0cm 0cm 0pt; line-height: 150%; text-align: justify;\"><span style=\"font-size: 10pt; line-height: 150%; font-family: &quot;Arial&quot;,&quot;sans-serif&quot;;\">1. As Delega\u00e7\u00f5es funcionar\u00e3o de acordo com um regulamento Interno que elas criar\u00e3o que dever\u00e1 ter a aprova\u00e7\u00e3o da Direc\u00e7\u00e3o e ser ratificado na primeira Assembleia Geral convocada ap\u00f3s a aprova\u00e7\u00e3o desta.<\/span><\/p>\n<p class=\"MsoNormal\" style=\"margin: 0cm 0cm 0pt; line-height: 150%; text-align: justify;\"><span style=\"font-size: 10pt; line-height: 150%; font-family: &quot;Arial&quot;,&quot;sans-serif&quot;;\">2. Os N\u00facleos regem-se pelo regulamento interno das Delega\u00e7\u00f5es devidamente adaptado.<\/span><\/p>\n<p class=\"MsoNormal\" style=\"margin: 0cm 0cm 10pt; line-height: 150%; text-align: justify;\"><span style=\"font-size: 10pt; line-height: 150%; font-family: &quot;Arial&quot;,&quot;sans-serif&quot;;\">\u00a0<\/span><\/p>\n<p class=\"MsoNormal\" style=\"margin: 0cm 0cm 10pt; line-height: 150%; text-align: justify;\"><span style=\"font-size: 10pt; line-height: 150%; font-family: &quot;Arial&quot;,&quot;sans-serif&quot;;\">As Delega\u00e7\u00f5es Os N\u00facleos Locais e Regionais e devem configurar uma rede nacional para o desenvolvimento de iniciativas, actividades e projectos de \u00e2mbito local.<\/span><\/p>\n<p class=\"MsoNormal\" style=\"margin: 0cm 0cm 10pt; line-height: 150%; text-align: justify;\"><span style=\"font-size: 10pt; line-height: 150%; font-family: &quot;Arial&quot;,&quot;sans-serif&quot;;\">Estes p\u00f3los s\u00e3o dotados de uma larga autonomia, devem desenvolver ac\u00e7\u00f5es articuladas e funcionar numa l\u00f3gica de transpar\u00eancia e de horizontalidade.<\/span><\/p>\n<p class=\"MsoNormal\" style=\"margin: 0cm 0cm 10pt; line-height: 150%; text-align: justify;\"><span style=\"font-size: 10pt; line-height: 150%; font-family: &quot;Arial&quot;,&quot;sans-serif&quot;;\">Actualmente existe apenas o <a href=\"\/mm\/home\/nucleos\/porto\/\">n\u00facleo regional do Porto<\/a>.<\/span><\/p>\n<p class=\"MsoNormal\" style=\"margin: 0cm 0cm 10pt; line-height: 150%; text-align: justify;\"><span style=\"font-size: 10pt; line-height: 150%; font-family: &quot;Arial&quot;,&quot;sans-serif&quot;;\">Pretendemos ampliar a representa\u00e7\u00e3o do NAM em outros pontos do pa\u00eds partindo, sempre que poss\u00edvel, de uma manifesta\u00e7\u00e3o expressa de interesse.<\/span><\/p>\n<p class=\"MsoNormal\" style=\"margin: 0cm 0cm 10pt; line-height: 150%; text-align: justify;\"><span style=\"font-size: 10pt; line-height: 150%; font-family: &quot;Arial&quot;,&quot;sans-serif&quot;;\">Para criar um N\u00facleo Local basta haver 5 pessoas interessadas na sua constitui\u00e7\u00e3o. A direc\u00e7\u00e3o Nacional poder\u00e1 prestar colabora\u00e7\u00e3o \u00e0 cria\u00e7\u00e3o de um n\u00facleo, sempre que solicitado. Podemos dispensar informa\u00e7\u00f5es sobre o NAM, quanto \u00e0s ac\u00e7\u00f5es desenvolvidas ou em curso, sobre o nosso programa de trabalho, estimular encontros, tert\u00falias e debates resultantes, por exemplo, da projec\u00e7\u00e3o de filmes, e tamb\u00e9m participar de um encontro local com os interessados.<\/span><\/p>\n<p class=\"MsoNormal\" style=\"margin: 0cm 0cm 10pt; line-height: 150%; text-align: justify;\"><span style=\"font-size: 10pt; line-height: 150%; font-family: &quot;Arial&quot;,&quot;sans-serif&quot;;\">Entendemos ser importante que um n\u00facleo procure envolver professores de maneira a direccionar as nossas ac\u00e7\u00f5es para as escolas para, de diferentes formas, tentar sensibilizar as novas gera\u00e7\u00f5es.<\/span><\/p>","protected":false},"excerpt":{"rendered":"<p>\u00a0 Os estatutos prev\u00eaem a cria\u00e7\u00e3o de delega\u00e7\u00f5es ou n\u00facleos regionais ou locais e o regulamento geral estabelece o seguinte: Art. 1\u00ba (Constitui\u00e7\u00e3o das delega\u00e7\u00f5es e n\u00facleos) \u00a0 \u201c1. A constitui\u00e7\u00e3o de delega\u00e7\u00f5es e n\u00facleos referidos no artigo 21\u00ba dos &hellip; <a href=\"https:\/\/maismemoria.org\/mm\/home\/nucleos\/\">Continue reading <span class=\"meta-nav\">&rarr;<\/span><\/a><\/p>\n","protected":false},"author":1,"featured_media":0,"parent":3,"menu_order":0,"comment_status":"closed","ping_status":"closed","template":"","meta":{"jetpack_post_was_ever_published":false,"footnotes":""},"class_list":["post-447","page","type-page","status-publish","hentry"],"jetpack_sharing_enabled":true,"jetpack_shortlink":"https:\/\/wp.me\/PtMuS-7d","_links":{"self":[{"href":"https:\/\/maismemoria.org\/mm\/wp-json\/wp\/v2\/pages\/447","targetHints":{"allow":["GET"]}}],"collection":[{"href":"https:\/\/maismemoria.org\/mm\/wp-json\/wp\/v2\/pages"}],"about":[{"href":"https:\/\/maismemoria.org\/mm\/wp-json\/wp\/v2\/types\/page"}],"author":[{"embeddable":true,"href":"https:\/\/maismemoria.org\/mm\/wp-json\/wp\/v2\/users\/1"}],"replies":[{"embeddable":true,"href":"https:\/\/maismemoria.org\/mm\/wp-json\/wp\/v2\/comments?post=447"}],"version-history":[{"count":8,"href":"https:\/\/maismemoria.org\/mm\/wp-json\/wp\/v2\/pages\/447\/revisions"}],"predecessor-version":[{"id":526,"href":"https:\/\/maismemoria.org\/mm\/wp-json\/wp\/v2\/pages\/447\/revisions\/526"}],"up":[{"embeddable":true,"href":"https:\/\/maismemoria.org\/mm\/wp-json\/wp\/v2\/pages\/3"}],"wp:attachment":[{"href":"https:\/\/maismemoria.org\/mm\/wp-json\/wp\/v2\/media?parent=447"}],"curies":[{"name":"wp","href":"https:\/\/api.w.org\/{rel}","templated":true}]}}