{"id":5,"date":"2006-07-05T00:18:14","date_gmt":"2006-07-04T23:18:14","guid":{"rendered":"http:\/\/maismemoria.org\/mm\/participar\/"},"modified":"2008-04-21T16:31:38","modified_gmt":"2008-04-21T15:31:38","slug":"participar","status":"publish","type":"page","link":"https:\/\/maismemoria.org\/mm\/participar\/","title":{"rendered":"PARTICIPA\u00c7\u00c3O"},"content":{"rendered":"<p><strong>Para te manteres informado sobre esta\u00a0Associa\u00e7\u00e3o<\/strong>, subscreve a lista de informa\u00e7\u00e3o (envia um e-mail com o teu nome e endere\u00e7o de e-mail).<\/p>\n<p>Para <strong>aderires \u00e0\u00a0Associa\u00e7\u00e3o<\/strong>\u00a0podes usar o <a href=\"http:\/\/maismemoria.org\/mm\/form\/\">formul\u00e1rio dispon\u00edvel aqui na nossa p\u00e1gina<\/a> com os seguintes dados: Nome, BI, endere\u00e7o de e-mail, telefone, morada, profiss\u00e3o e \u00e1reas de participa\u00e7\u00e3o (estes dados s\u00e3o para utiliza\u00e7\u00e3o exclusiva desta associa\u00e7\u00e3o, nos contactos com os seus s\u00f3cios).<\/p>","protected":false},"excerpt":{"rendered":"<p>Para te manteres informado sobre esta\u00a0Associa\u00e7\u00e3o, subscreve a lista de informa\u00e7\u00e3o (envia um e-mail com o teu nome e endere\u00e7o de e-mail). Para aderires \u00e0\u00a0Associa\u00e7\u00e3o\u00a0podes usar o formul\u00e1rio dispon\u00edvel aqui na nossa p\u00e1gina com os seguintes dados: Nome, BI, endere\u00e7o &hellip; <a href=\"https:\/\/maismemoria.org\/mm\/participar\/\">Continue reading <span class=\"meta-nav\">&rarr;<\/span><\/a><\/p>\n","protected":false},"author":1,"featured_media":0,"parent":0,"menu_order":0,"comment_status":"closed","ping_status":"closed","template":"","meta":{"jetpack_post_was_ever_published":false,"footnotes":""},"class_list":["post-5","page","type-page","status-publish","hentry"],"jetpack_sharing_enabled":true,"jetpack_shortlink":"https:\/\/wp.me\/PtMuS-5","_links":{"self":[{"href":"https:\/\/maismemoria.org\/mm\/wp-json\/wp\/v2\/pages\/5","targetHints":{"allow":["GET"]}}],"collection":[{"href":"https:\/\/maismemoria.org\/mm\/wp-json\/wp\/v2\/pages"}],"about":[{"href":"https:\/\/maismemoria.org\/mm\/wp-json\/wp\/v2\/types\/page"}],"author":[{"embeddable":true,"href":"https:\/\/maismemoria.org\/mm\/wp-json\/wp\/v2\/users\/1"}],"replies":[{"embeddable":true,"href":"https:\/\/maismemoria.org\/mm\/wp-json\/wp\/v2\/comments?post=5"}],"version-history":[{"count":0,"href":"https:\/\/maismemoria.org\/mm\/wp-json\/wp\/v2\/pages\/5\/revisions"}],"wp:attachment":[{"href":"https:\/\/maismemoria.org\/mm\/wp-json\/wp\/v2\/media?parent=5"}],"curies":[{"name":"wp","href":"https:\/\/api.w.org\/{rel}","templated":true}]}}