{"id":593,"date":"2008-11-27T22:29:36","date_gmt":"2008-11-27T21:29:36","guid":{"rendered":"http:\/\/maismemoria.org\/mm\/?page_id=593"},"modified":"2008-11-27T22:29:36","modified_gmt":"2008-11-27T21:29:36","slug":"pagina-em-reconstrucao","status":"publish","type":"page","link":"https:\/\/maismemoria.org\/mm\/pagina-em-reconstrucao\/","title":{"rendered":"P\u00e1gina em reconstru\u00e7\u00e3o"},"content":{"rendered":"<p><strong>Associa\u00e7\u00e3o Movimento C\u00edvico N\u00e3o Apaguem a Mem\u00f3ria!<\/strong><\/p>\n<p style=\"text-align: right;\">seremos breves<\/p>","protected":false},"excerpt":{"rendered":"<p>Associa\u00e7\u00e3o Movimento C\u00edvico N\u00e3o Apaguem a Mem\u00f3ria! seremos breves<\/p>\n","protected":false},"author":1,"featured_media":0,"parent":0,"menu_order":0,"comment_status":"closed","ping_status":"closed","template":"pagezen.php","meta":{"jetpack_post_was_ever_published":false,"footnotes":""},"class_list":["post-593","page","type-page","status-publish","hentry"],"jetpack_sharing_enabled":true,"jetpack_shortlink":"https:\/\/wp.me\/PtMuS-9z","_links":{"self":[{"href":"https:\/\/maismemoria.org\/mm\/wp-json\/wp\/v2\/pages\/593","targetHints":{"allow":["GET"]}}],"collection":[{"href":"https:\/\/maismemoria.org\/mm\/wp-json\/wp\/v2\/pages"}],"about":[{"href":"https:\/\/maismemoria.org\/mm\/wp-json\/wp\/v2\/types\/page"}],"author":[{"embeddable":true,"href":"https:\/\/maismemoria.org\/mm\/wp-json\/wp\/v2\/users\/1"}],"replies":[{"embeddable":true,"href":"https:\/\/maismemoria.org\/mm\/wp-json\/wp\/v2\/comments?post=593"}],"version-history":[{"count":2,"href":"https:\/\/maismemoria.org\/mm\/wp-json\/wp\/v2\/pages\/593\/revisions"}],"predecessor-version":[{"id":595,"href":"https:\/\/maismemoria.org\/mm\/wp-json\/wp\/v2\/pages\/593\/revisions\/595"}],"wp:attachment":[{"href":"https:\/\/maismemoria.org\/mm\/wp-json\/wp\/v2\/media?parent=593"}],"curies":[{"name":"wp","href":"https:\/\/api.w.org\/{rel}","templated":true}]}}