{"id":62,"date":"2006-08-02T14:46:25","date_gmt":"2006-08-02T13:46:25","guid":{"rendered":"http:\/\/maismemoria.org\/mm\/dossier-de-imprensa\/"},"modified":"2006-08-03T16:53:06","modified_gmt":"2006-08-03T15:53:06","slug":"dossier-de-imprensa","status":"publish","type":"page","link":"https:\/\/maismemoria.org\/mm\/dossier-de-imprensa\/","title":{"rendered":"Dossier de Imprensa"},"content":{"rendered":"<p>Nesta p\u00e1gina reunimos os conte\u00fados de um poss\u00edvel Dossier de Imprensa.<\/p>\n<p>Os dois documentos mais importantes do nosso Movimento C\u00edvico &#8220;N\u00e3o apaguem a Mem\u00f3ria&#8221; s\u00e3o:<br \/>\n &#8211; O <a href=\"\/mm\/manifesto\/\">Manifesto<\/a> (ou peti\u00e7\u00e3o);<br \/>\n &#8211; A <a href=\"\/mm\/historia\/\">hist\u00f3ria do Movimento<\/a>.<\/p>\n<p>We have some content in english:<br \/>\n &#8211; <a href=\"\/mm\/en\/\">main page in english<\/a>;<br \/>\n &#8211; <a href=\"\/mm\/en\/manifesto\/\">Manifest<\/a>;<br \/>\n &#8211; <a href=\"\/mm\/en\/historia\/\">History of the Movement<\/a>.<\/p>\n<p>Nous avons d\u00e9j\u00e0 quelques informations en Fran\u00e7ais:<br \/>\n &#8211; <a href=\"\/mm\/fr\/\">Conte\u00fados em franc\u00eas<\/a>;<br \/>\n &#8211; <a href=\"\/mm\/fr\/manifesto\/\">Manifeste<\/a>;<br \/>\n &#8211; <a href=\"\/mm\/fr\/historia\/\">Histoire du Mouvement<\/a>.<\/p>\n<p>(Estas tradu\u00e7\u00f5es foram para j\u00e1 autom\u00e1ticas)<\/p>\n<p>No Movimento temos a inten\u00e7\u00e3o clara de ir construindo um reposit\u00f3rio de informa\u00e7\u00e3o hist\u00f3rica, para j\u00e1 nest \u00e2mbito do dossier destacamos os seguintes:<br \/>\n &#8211; Aljube: <a href=\"\/mm\/2006\/07\/01\/nao-apaguem-a-memoria-do-aljube-2\/\">&#8220;N\u00e3o Apaguem a Mem\u00f3ria do Aljube&#8221; (Aljube Artur Pinto)<\/a><br \/>\n &#8211; <a href=\"\/mm\/2006\/07\/20\/a-cadeia-do-aljube-em-lisboa\/\">&#8220;A cadeia do Aljube, em Lisboa&#8221; (Aljube Irene)<\/a>.<\/p>\n<p>Da ac\u00e7\u00e3o inicial do Movimento nasceu um processo de acusa\u00e7\u00e3o do Minist\u00e9rio P\u00fablico: <a href=\"http:\/\/maismemoria.org\/mm\/2006\/07\/20\/%e2%80%9ca-vergonha-de-uma-acusacao-todos-somos-arguidos-%e2%80%9d-nota-a-imprensa\/\">\u201cA vergonha de uma acusa\u00e7\u00e3o &#8211; todos somos arguidos !\u201d (nota \u00e0 imprensa)<\/a>.<\/p>\n<p>Temos alguns recortes de imprensa a destacar como este:<br \/>\n &#8211; <a href=\"http:\/\/maismemoria.org\/mm\/2006\/07\/16\/as-escadas-eram-um-aquecimento-para-a-tortura-que-vinha-a-seguir-jornal-publico-20060716\/\">\u201cAs escadas eram um aquecimento para a tortura que vinha a seguir\u201d (Jornal P\u00fablico, 2006\/07\/16)<\/a> ( <a href=\"http:\/\/maismemoria.org\/mm\/wp-content\/uploads\/2006\/07\/20060716_jornalpublico_maismemoria.pdf\">artigo em formato PDF<\/a>)<\/p>\n<p>No nosso arquivo temos j\u00e1 um livro em formato PDF:<\/p>\n<p><a id=\"p65\" href=\"http:\/\/maismemoria.org\/mm\/wp-content\/uploads\/2006\/08\/oultimodiadapide.pdf\" target=\"_blank\"><img decoding=\"async\" id=\"image67\" src=\"http:\/\/maismemoria.org\/mm\/wp-content\/uploads\/2006\/08\/oultimodiadapide.thumbnail.gif\" alt=\"Capa do livro &quot;O \u00faltimo dia da PIDE, 26 de Abril no Porto&quot;\" align=\"left\" \/>Livro &#8220;O \u00daltimo dia da PIDE, 26 de Abril no Porto&#8221;<\/a> (formato: PDF; tamanho: 1.6MB).<br \/>\n<br clear=\"all\" \/><\/p>","protected":false},"excerpt":{"rendered":"<p>Nesta p\u00e1gina reunimos os conte\u00fados de um poss\u00edvel Dossier de Imprensa. Os dois documentos mais importantes do nosso Movimento C\u00edvico &#8220;N\u00e3o apaguem a Mem\u00f3ria&#8221; s\u00e3o: &#8211; O Manifesto (ou peti\u00e7\u00e3o); &#8211; A hist\u00f3ria do Movimento. We have some content in &hellip; <a href=\"https:\/\/maismemoria.org\/mm\/dossier-de-imprensa\/\">Continue reading <span class=\"meta-nav\">&rarr;<\/span><\/a><\/p>\n","protected":false},"author":1,"featured_media":0,"parent":0,"menu_order":0,"comment_status":"closed","ping_status":"closed","template":"","meta":{"jetpack_post_was_ever_published":false,"footnotes":""},"class_list":["post-62","page","type-page","status-publish","hentry"],"jetpack_sharing_enabled":true,"jetpack_shortlink":"https:\/\/wp.me\/PtMuS-10","_links":{"self":[{"href":"https:\/\/maismemoria.org\/mm\/wp-json\/wp\/v2\/pages\/62","targetHints":{"allow":["GET"]}}],"collection":[{"href":"https:\/\/maismemoria.org\/mm\/wp-json\/wp\/v2\/pages"}],"about":[{"href":"https:\/\/maismemoria.org\/mm\/wp-json\/wp\/v2\/types\/page"}],"author":[{"embeddable":true,"href":"https:\/\/maismemoria.org\/mm\/wp-json\/wp\/v2\/users\/1"}],"replies":[{"embeddable":true,"href":"https:\/\/maismemoria.org\/mm\/wp-json\/wp\/v2\/comments?post=62"}],"version-history":[{"count":0,"href":"https:\/\/maismemoria.org\/mm\/wp-json\/wp\/v2\/pages\/62\/revisions"}],"wp:attachment":[{"href":"https:\/\/maismemoria.org\/mm\/wp-json\/wp\/v2\/media?parent=62"}],"curies":[{"name":"wp","href":"https:\/\/api.w.org\/{rel}","templated":true}]}}