{"id":71,"date":"2006-08-03T13:26:12","date_gmt":"2006-08-03T12:26:12","guid":{"rendered":"http:\/\/maismemoria.org\/mm\/historia\/"},"modified":"2008-12-01T18:30:11","modified_gmt":"2008-12-01T17:30:11","slug":"historia","status":"publish","type":"page","link":"https:\/\/maismemoria.org\/mm\/home\/historia\/","title":{"rendered":"Hist\u00f3ria do Movimento"},"content":{"rendered":"<p>O Movimento C\u00edvico N\u00e3o Apaguem a Mem\u00f3ria! nasceu de uma ac\u00e7\u00e3o de esclarecimento promovida no 5 de Outubro de 2005 por um grupo de cidad\u00e3os indignados com a demoli\u00e7\u00e3o do antigo edif\u00edcio-sede da pol\u00edcia pol\u00edtica fascista portuguesa, a PIDE, e sua substitui\u00e7\u00e3o por um condom\u00ednio de luxo, sem qualquer respeito pelo exemplo de hero\u00edsmo e dignidade dos presos pol\u00edticos que ali sofreram interrogat\u00f3rios brutais.<\/p>\n<p>Dessa ac\u00e7\u00e3o espont\u00e2nea de protesto surgiu o Movimento C\u00edvico, em Dezembro de 2005, no decurso de uma assembleia fundadora, que se realizou no Museu da Rep\u00fablica e Resist\u00eancia, em Lisboa. Um das primeiras iniciativas do Movimento foi organizar uma peti\u00e7\u00e3o nacional, a apresentar \u00e0 Assembleia da Rep\u00fablica, onde se reclama, da parte da institui\u00e7\u00e3o representativa do Estado democr\u00e1tico, a defini\u00e7\u00e3o de uma lei quadro que dignifique a mem\u00f3ria dos que pela defesa das liberdades democr\u00e1ticas e por justi\u00e7a social deram anos de vida, e alguns a pr\u00f3pria vida, v\u00edtimas da brutalidade fascista da PIDE, a pol\u00edcia pol\u00edtica de Salazar.<\/p>\n<p>Essa peti\u00e7\u00e3o recolheu mais de quatro mil assinaturas e vai ser entregue neste m\u00eas de Julho \u00e0 Assembleia da Rep\u00fablica, por uma delega\u00e7\u00e3o do Movimento. Esta delega\u00e7\u00e3o tamb\u00e9m se avistar\u00e1 com os grupos parlamentares, no sentido de os motivar para que na pr\u00f3xima sess\u00e3o legislativa de 2006\/07 aprovem a lei quadro que assegure a cria\u00e7\u00e3o de espa\u00e7os museol\u00f3gicos nacionais, onde a mem\u00f3ria da resist\u00eancia \u00e0 ditadura, e da luta pela liberdade democr\u00e1tica, seja um legado de saber pol\u00edtico e pedagogia c\u00edvica, em favor das futuras gera\u00e7\u00f5es.<\/p>\n<p>O Movimento realizou em 1 de Abril uma visita ao Forte de Peniche, outro dos pres\u00eddios onde a ditadura do Estado Novo encerrava os seus opositores pol\u00edticos em condi\u00e7\u00f5es de absoluta indignidade e desprezo pelos mais elementares direitos humanos. Nessa visita confirmou-se a proposta para que se criem roteiros de mem\u00f3ria, que assinalem os lugares onde o regime ditatorial de Salazar e Marcello Caetano oprimiu, reprimiu e torturou cidad\u00e3os \u2013 que apenas exigiam o reconhecimento dos direitos pol\u00edticos e sociais, para si e para todos os portugueses.<\/p>\n<p>A organiza\u00e7\u00e3o desse Roteiro da Mem\u00f3ria dos lugares onde se exerceu o terror policial, ligado a um outro projecto, que ser\u00e1 o do Memorial dos Presos Pol\u00edticos, t\u00e3o exaustivo quanto nos for poss\u00edvel, s\u00e3o objectivos em curso do Movimento. Em execu\u00e7\u00e3o est\u00e3o a concep\u00e7\u00e3o de um centro hist\u00f3rico, num dos espa\u00e7os do que foi a antiga sede da PIDE, bem como a fixa\u00e7\u00e3o de uma placa no Tribunal da Boa Hora, evocando os que em defesa das liberdades democr\u00e1ticas naquelas salas foram julgados pelos ignominiosos \u201ctribunais plen\u00e1rios\u201d.<\/p>\n<p>A par do Forte de Peniche, o pres\u00eddio do Aljube \u00e9 dos principais paradigmas, um \u201c\u00edcone\u201d da indigna repress\u00e3o exercida sobre a popula\u00e7\u00e3o portuguesa pela PVDE\/PIDE\/DGS, diversas siglas para designar a mesma entidade de terrorismo policial. Por isso, porque pelos \u201ccurros\u201d do Aljube passaram anos a fio os cidad\u00e3os que clamava por justi\u00e7a e liberdade, pela sua dimens\u00e3o nacional de horror, entende o Movimento N\u00e3o apaguem a Mem\u00f3ria! que este \u00e9 um local de elei\u00e7\u00e3o para a\u00ed ser instalado um espa\u00e7o museol\u00f3gico, que fa\u00e7a reflectir sobre o que foi a viol\u00eancia do Estado Novo e da sua pol\u00edcia pol\u00edtica, e, sobretudo, fortale\u00e7a o exemplo dos que souberam, com coragem, lutar pela liberdade.<\/p>\n<p>Em nome do futuro n\u00e3o apaguem a mem\u00f3ria!<\/p>","protected":false},"excerpt":{"rendered":"<p>O Movimento C\u00edvico N\u00e3o Apaguem a Mem\u00f3ria! nasceu de uma ac\u00e7\u00e3o de esclarecimento promovida no 5 de Outubro de 2005 por um grupo de cidad\u00e3os indignados com a demoli\u00e7\u00e3o do antigo edif\u00edcio-sede da pol\u00edcia pol\u00edtica fascista portuguesa, a PIDE, e &hellip; <a href=\"https:\/\/maismemoria.org\/mm\/home\/historia\/\">Continue reading <span class=\"meta-nav\">&rarr;<\/span><\/a><\/p>\n","protected":false},"author":1,"featured_media":0,"parent":3,"menu_order":0,"comment_status":"closed","ping_status":"closed","template":"","meta":{"jetpack_post_was_ever_published":false,"footnotes":""},"class_list":["post-71","page","type-page","status-publish","hentry"],"jetpack_sharing_enabled":true,"jetpack_shortlink":"https:\/\/wp.me\/PtMuS-19","_links":{"self":[{"href":"https:\/\/maismemoria.org\/mm\/wp-json\/wp\/v2\/pages\/71","targetHints":{"allow":["GET"]}}],"collection":[{"href":"https:\/\/maismemoria.org\/mm\/wp-json\/wp\/v2\/pages"}],"about":[{"href":"https:\/\/maismemoria.org\/mm\/wp-json\/wp\/v2\/types\/page"}],"author":[{"embeddable":true,"href":"https:\/\/maismemoria.org\/mm\/wp-json\/wp\/v2\/users\/1"}],"replies":[{"embeddable":true,"href":"https:\/\/maismemoria.org\/mm\/wp-json\/wp\/v2\/comments?post=71"}],"version-history":[{"count":2,"href":"https:\/\/maismemoria.org\/mm\/wp-json\/wp\/v2\/pages\/71\/revisions"}],"predecessor-version":[{"id":427,"href":"https:\/\/maismemoria.org\/mm\/wp-json\/wp\/v2\/pages\/71\/revisions\/427"}],"up":[{"embeddable":true,"href":"https:\/\/maismemoria.org\/mm\/wp-json\/wp\/v2\/pages\/3"}],"wp:attachment":[{"href":"https:\/\/maismemoria.org\/mm\/wp-json\/wp\/v2\/media?parent=71"}],"curies":[{"name":"wp","href":"https:\/\/api.w.org\/{rel}","templated":true}]}}