{"id":711,"date":"2008-12-13T23:24:44","date_gmt":"2008-12-13T22:24:44","guid":{"rendered":"http:\/\/maismemoria.org\/mm\/?page_id=711"},"modified":"2023-07-04T16:04:57","modified_gmt":"2023-07-04T16:04:57","slug":"contacto","status":"publish","type":"page","link":"https:\/\/maismemoria.org\/mm\/home\/contacto\/","title":{"rendered":"contacto"},"content":{"rendered":"<p><strong>Associa\u00e7\u00e3o Movimento C\u00edvico N\u00e3o Apaguem a Mem\u00f3ria<\/strong><\/p>\n<p>Casa da Cidadania, P\u00f3lo de Telheiras,<br \/>Rua Francisco Gentil, 33, 1601-801 LISBOA.<\/p>\n<p><a href=\"mailto:&#x6e;&#x61;&#x6f;&#x61;&#x70;&#x61;&#x67;&#x75;&#x65;&#x6d;&#x40;&#x67;&#x6d;&#x61;&#x69;&#x6c;&#x2e;&#x63;&#x6f;&#x6d;\"><span class=\"oe_textdirection\">&#x6d;&#x6f;&#x63;&#x2e;&#x6c;&#x69;&#x61;&#x6d;&#x67;<span class=\"oe_displaynone\">null<\/span>&#x40;&#x6d;&#x65;&#x75;&#x67;&#x61;&#x70;&#x61;&#x6f;&#x61;&#x6e;<\/span><\/a><br \/><a href=\"mailto:&#x63;&#x6f;&#x6e;&#x74;&#x61;&#x63;&#x74;&#x6f;&#x40;&#x6d;&#x61;&#x69;&#x73;&#x6d;&#x65;&#x6d;&#x6f;&#x72;&#x69;&#x61;&#x2e;&#x6f;&#x72;&#x67;\"><span class=\"oe_textdirection\">&#x67;&#x72;&#x6f;&#x2e;&#x61;&#x69;&#x72;&#x6f;&#x6d;&#x65;&#x6d;&#x73;&#x69;&#x61;&#x6d;<span class=\"oe_displaynone\">null<\/span>&#x40;&#x6f;&#x74;&#x63;&#x61;&#x74;&#x6e;&#x6f;&#x63;<\/span><\/a><\/p>\n\n\n<p>PAGAMENTO DE QUOTAS:<br>O valor da quotiza\u00e7\u00e3o anual \u00e9 de 24 euros.<br>O pagamento pode ser efectuado por transfer\u00eancia banc\u00e1ria para a conta CGD:&nbsp;<br>IBAN PT50 0035 0667 00006003830 67<br>Deve ser enviado o comprovativo para&nbsp;<a href=\"mailto:&#x6e;&#x61;&#x6f;&#x61;&#x70;&#x61;&#x67;&#x75;&#x65;&#x6d;&#x40;&#x67;&#x6d;&#x61;&#x69;&#x6c;&#x2e;&#x63;&#x6f;&#x6d;\"><span class=\"oe_textdirection\">&#x6d;&#x6f;&#x63;&#x2e;&#x6c;&#x69;&#x61;&#x6d;&#x67;<span class=\"oe_displaynone\">null<\/span>&#x40;&#x6d;&#x65;&#x75;&#x67;&#x61;&#x70;&#x61;&#x6f;&#x61;&#x6e;<\/span><\/a><\/p>","protected":false},"excerpt":{"rendered":"<p>Associa\u00e7\u00e3o Movimento C\u00edvico N\u00e3o Apaguem a Mem\u00f3ria Casa da Cidadania, P\u00f3lo de Telheiras,Rua Francisco Gentil, 33, 1601-801 LISBOA. &#x6d;&#x6f;&#x63;&#x2e;&#x6c;&#x69;&#x61;&#x6d;&#x67;null&#x40;&#x6d;&#x65;&#x75;&#x67;&#x61;&#x70;&#x61;&#x6f;&#x61;&#x6e;&#x67;&#x72;&#x6f;&#x2e;&#x61;&#x69;&#x72;&#x6f;&#x6d;&#x65;&#x6d;&#x73;&#x69;&#x61;&#x6d;null&#x40;&#x6f;&#x74;&#x63;&#x61;&#x74;&#x6e;&#x6f;&#x63; PAGAMENTO DE QUOTAS:O valor da quotiza\u00e7\u00e3o anual \u00e9 de 24 euros.O pagamento pode ser efectuado por transfer\u00eancia banc\u00e1ria para a conta &hellip; <a href=\"https:\/\/maismemoria.org\/mm\/home\/contacto\/\">Continue reading <span class=\"meta-nav\">&rarr;<\/span><\/a><\/p>\n","protected":false},"author":1,"featured_media":0,"parent":3,"menu_order":0,"comment_status":"closed","ping_status":"closed","template":"","meta":{"jetpack_post_was_ever_published":false,"footnotes":""},"class_list":["post-711","page","type-page","status-publish","hentry"],"jetpack_sharing_enabled":true,"jetpack_shortlink":"https:\/\/wp.me\/PtMuS-bt","_links":{"self":[{"href":"https:\/\/maismemoria.org\/mm\/wp-json\/wp\/v2\/pages\/711","targetHints":{"allow":["GET"]}}],"collection":[{"href":"https:\/\/maismemoria.org\/mm\/wp-json\/wp\/v2\/pages"}],"about":[{"href":"https:\/\/maismemoria.org\/mm\/wp-json\/wp\/v2\/types\/page"}],"author":[{"embeddable":true,"href":"https:\/\/maismemoria.org\/mm\/wp-json\/wp\/v2\/users\/1"}],"replies":[{"embeddable":true,"href":"https:\/\/maismemoria.org\/mm\/wp-json\/wp\/v2\/comments?post=711"}],"version-history":[{"count":7,"href":"https:\/\/maismemoria.org\/mm\/wp-json\/wp\/v2\/pages\/711\/revisions"}],"predecessor-version":[{"id":2353,"href":"https:\/\/maismemoria.org\/mm\/wp-json\/wp\/v2\/pages\/711\/revisions\/2353"}],"up":[{"embeddable":true,"href":"https:\/\/maismemoria.org\/mm\/wp-json\/wp\/v2\/pages\/3"}],"wp:attachment":[{"href":"https:\/\/maismemoria.org\/mm\/wp-json\/wp\/v2\/media?parent=711"}],"curies":[{"name":"wp","href":"https:\/\/api.w.org\/{rel}","templated":true}]}}