{"id":73,"date":"2006-08-03T13:31:30","date_gmt":"2006-08-03T12:31:30","guid":{"rendered":"http:\/\/maismemoria.org\/mm\/fr\/manifesto\/"},"modified":"2006-08-03T13:31:30","modified_gmt":"2006-08-03T12:31:30","slug":"manifesto","status":"publish","type":"page","link":"https:\/\/maismemoria.org\/mm\/fr\/manifesto\/","title":{"rendered":"Manifeste du Mouvement Plus M\u00e9moire"},"content":{"rendered":"<p>Dans le pass\u00e9 5 octobre, un ensemble de citoyens s\u2019est r\u00e9uni pr\u00e8s de l\u2019ancien Si\u00e8ge de PIDE\/dgs, r\u00e9affirmant la protestation publique contre la conversion de ce b\u00e2timent dans condominium ferm\u00e9 et contre la suppression de la m\u00e9moire du fascisme et de la souffrance caus\u00e9e aux Portugais. Dans le lieu, est rest\u00e9e alors une bande avec les noms de dont beaucoup ils ont \u00e9t\u00e9 assassin\u00e9s par la dictature qui a opprim\u00e9 le Portugal pendant presque 50 ans.<\/p>\n<p>C\u2019est finalit\u00e9 de cette initiative civique de continuer cette action, la convertissant dans l\u2019impulsion symbolique d\u2019un vaste mouvement de citoyens, pluriel et ouvert, d\u2019exigence de la sauvegarde, de la recherche et de la divulgation de la m\u00e9moire du fascisme et de la r\u00e9sistance, je mange responsabilit\u00e9 de l\u2019\u00c9tat, de l\u2019ensemble des pouvoirs publics et de la soci\u00e9t\u00e9.<\/p>\n<p>1. Nous nous plaignons des pouvoirs publics qui, plus de 30 ans pass\u00e9s sur le 25 avril, supposent la responsabilit\u00e9 de constituer un espace public national de conservation et une divulgation p\u00e9dagogique de la m\u00e9moire collective sur les crimes de l\u2019appel \u00c9tat Nouveau et la r\u00e9sistance \u00e0 la dictature, qui profite des espaces embl\u00e9matiques de cette r\u00e9alit\u00e9 ils comme sont l\u2019Aljube, le Fort de Peniche, de Caxias, de la salle de l\u2019assembl\u00e9e pl\u00e9ni\u00e8re du Boa-Hora, du si\u00e8ge tronc de PIDE\/dgs et de sien D\u00e9l\u00e9gation de Porto, et que coordonne sien action avec le pr\u00e9cieux travail d\u00e9velopp\u00e9 dans celui-ci domaine par de diverses institutions ;<\/p>\n<p>2. Nous condamnons la conversion du b\u00e2timent du si\u00e8ge de PIDE\/dgs dans condominium ferm\u00e9 et exigeons la cr\u00e9ation d\u2019un espace et d\u2019un \u00e9l\u00e9ment comm\u00e9moratif dans ce secteur, qui assure la m\u00e9moire et l\u2019hommage \u00e0 la souffrance de beaucoup de Portugais et la condamnation des crimes commis par la police politique du fascisme, qui a constitu\u00e9 un des principaux piliers de la dictature ;<\/p>\n<p>3. Nous faisons appel les tous les citoyens et organisations qui se multiplient, partagent et prennent dans leurs mains, par les formes et initiatives qui comprendront, la conservation durable de la m\u00e9moire collective des combats par la d\u00e9mocratie et par la libert\u00e9 au le Portugal, je mange \u00e9l\u00e9ment indispensable \u00e0 la construction d\u2019un avenir meilleur.<\/p>\n<p>Parce que sans m\u00e9moire n\u2019y a pas avenir.<\/p>\n<p>Octobre 2005.<\/p>","protected":false},"excerpt":{"rendered":"<p>Dans le pass\u00e9 5 octobre, un ensemble de citoyens s\u2019est r\u00e9uni pr\u00e8s de l\u2019ancien Si\u00e8ge de PIDE\/dgs, r\u00e9affirmant la protestation publique contre la conversion de ce b\u00e2timent dans condominium ferm\u00e9 et contre la suppression de la m\u00e9moire du fascisme et &hellip; <a href=\"https:\/\/maismemoria.org\/mm\/fr\/manifesto\/\">Continue reading <span class=\"meta-nav\">&rarr;<\/span><\/a><\/p>\n","protected":false},"author":1,"featured_media":0,"parent":61,"menu_order":0,"comment_status":"closed","ping_status":"closed","template":"","meta":{"jetpack_post_was_ever_published":false,"footnotes":""},"class_list":["post-73","page","type-page","status-publish","hentry"],"jetpack_sharing_enabled":true,"jetpack_shortlink":"https:\/\/wp.me\/PtMuS-1b","_links":{"self":[{"href":"https:\/\/maismemoria.org\/mm\/wp-json\/wp\/v2\/pages\/73","targetHints":{"allow":["GET"]}}],"collection":[{"href":"https:\/\/maismemoria.org\/mm\/wp-json\/wp\/v2\/pages"}],"about":[{"href":"https:\/\/maismemoria.org\/mm\/wp-json\/wp\/v2\/types\/page"}],"author":[{"embeddable":true,"href":"https:\/\/maismemoria.org\/mm\/wp-json\/wp\/v2\/users\/1"}],"replies":[{"embeddable":true,"href":"https:\/\/maismemoria.org\/mm\/wp-json\/wp\/v2\/comments?post=73"}],"version-history":[{"count":0,"href":"https:\/\/maismemoria.org\/mm\/wp-json\/wp\/v2\/pages\/73\/revisions"}],"up":[{"embeddable":true,"href":"https:\/\/maismemoria.org\/mm\/wp-json\/wp\/v2\/pages\/61"}],"wp:attachment":[{"href":"https:\/\/maismemoria.org\/mm\/wp-json\/wp\/v2\/media?parent=73"}],"curies":[{"name":"wp","href":"https:\/\/api.w.org\/{rel}","templated":true}]}}