{"id":74,"date":"2006-08-03T13:36:39","date_gmt":"2006-08-03T12:36:39","guid":{"rendered":"http:\/\/maismemoria.org\/mm\/fr\/historia\/"},"modified":"2006-08-03T13:36:39","modified_gmt":"2006-08-03T12:36:39","slug":"historia","status":"publish","type":"page","link":"https:\/\/maismemoria.org\/mm\/fr\/historia\/","title":{"rendered":"Histoire du Mouvement"},"content":{"rendered":"<p>Le Mouvement Civique Ne supprime pas la M\u00e9moire ! n\u00e9 d&#8217;une action de clarification promue le le 5 octobre 2005 par un groupe de citoyens indign\u00e9s avec la d\u00e9molition de ancien edif\u00edcio-sede de la police politique fasciste portugais, PIDE, et sa substitution par un condominium de luxe, sans quelconque respect par l&#8217;exemple d&#8217;h\u00e9ro\u00efsme et de dignit\u00e9 des prisonniers politiques qui l\u00e0 ont souffert interrogatoires brutaux.<\/p>\n<p>De cette action spontan\u00e9e de protestation est apparu le Mouvement Civique, en d\u00e9cembre 2005, au cours d&#8217;une assembl\u00e9e fondatrice, qui s&#8217;est r\u00e9alis\u00e9e dans le Mus\u00e9e de la R\u00e9publique et de la R\u00e9sistance, \u00e0 Lisbonne. Une des premi\u00e8res initiatives du Mouvement a \u00e9t\u00e9 organiser une p\u00e9tition nationale, \u00e0 depr\u00e9senter l&#8217;Assembl\u00e9e de la R\u00e9publique, o\u00f9 se plaint, de la partie de l&#8217;institution repr\u00e9sentative de l&#8217;\u00c9tat d\u00e9mocratique, la d\u00e9finition d&#8217;une loi tableau qui dignifie la m\u00e9moire dont par la d\u00e9fense des libert\u00e9s d\u00e9mocratiques et par la justice ils sociale ont donn\u00e9 des ann\u00e9es de vie, et quelques-uns la vie elle-m\u00eame, victimes de la brutalit\u00e9 fasciste de PIDE, la police politique de Salazar.<\/p>\n<p>Cette p\u00e9tition s&#8217;est rassembl\u00e9e plus de quatre mille signatures et va \u00eatre livr\u00e9e le ce mois de juillet \u00e0 l&#8217;Assembl\u00e9e de la R\u00e9publique, par une d\u00e9l\u00e9gation du Mouvement. Cette d\u00e9l\u00e9gation aussi s&#8217;apercevra avec les groupes parlementaires, dans le sens eux de demotiver pour que dans la proche session l\u00e9gislative de ils 2006\/07 approuvent la loi tableau qui assure la cr\u00e9ation d&#8217;espaces mus\u00e9ologiques nationaux, o\u00f9 la m\u00e9moire de la r\u00e9sistance \u00e0 la dictature, et de la lutte pour la libert\u00e9 d\u00e9mocratique, soit un legs de savoir politique et une p\u00e9dagogie civique, dans faveur des futures g\u00e9n\u00e9rations.<\/p>\n<p>Le Mouvement a r\u00e9alis\u00e9 le 1er avril une visite au Fort de Peniche, autre des prisons o\u00f9 la dictature de l&#8217;\u00c9tat Nouveau fermait leurs adversaires politiques dans des conditions d&#8217;absolue indignit\u00e9 et d\u00e9dain par les les plus \u00e9l\u00e9mentaires droits humains. Dans cette visite a confirm\u00e9 \u00e0 proposition pour que se cr\u00e9ent des manuscrits ils dont de m\u00e9moire, d\u00e9signent les places o\u00f9 le r\u00e9gime dictatorial de Salazar et de Marcello Caetano a opprim\u00e9, a r\u00e9prim\u00e9 et a tortur\u00e9 des citoyens &#8211; qu&#8217;ils seulement exigeaient la reconnaissance des droits politiques et sociaux, pour elle et pour tous les Portugais.<\/p>\n<p>L&#8217;organisation de ce Manuscrit de la M\u00e9moire des places o\u00f9 s&#8217;est exerc\u00e9e la terreur polici\u00e8re, allum\u00e9 \u00e0 une autre conception, qui sera du M\u00e9morial des Prisonniers Politiques, aussi exhaustive que les ce sera possible, sont objective en cours du Mouvement. Dans ils ex\u00e9cution sont conception d&#8217;un centre historique, dans une des espaces dont ce a \u00e9t\u00e9 l&#8217;ancien si\u00e8ge de PIDE, ainsi que de la fixation d&#8217;un panneau dans le Tribunal de la Bonne Heure, \u00e9voquant ce qui dans d\u00e9fense des libert\u00e9s d\u00e9mocratiques dans ces salles ont \u00e9t\u00e9 jug\u00e9s par les ignominiosos des &#8220;tribunaux pl\u00e9niers&#8221;.<\/p>\n<p>De pair avec le Fort de Peniche, la prison de l&#8217;Aljube est des principaux paradigmes, une &#8220;ic\u00f4ne&#8221; de l&#8217;indigne r\u00e9pression exerc\u00e9e sur la population portugaise par la PVDE\/PIDE\/DGS, de divers sigles pour ded\u00e9signer le m\u00eame entit\u00e9 de terrorisme policier. Donc, parce que par les &#8220;curros&#8221; de l&#8217;Ils aljube ont pass\u00e9 ann\u00e9es \u00e0 fil les citoyens qui clamait par justice et libert\u00e9, par sa dimension nationale d&#8217;horreur, comprend le Mouvement ne supprime pas la M\u00e9moire! que celui-ci est un lieu d&#8217;\u00e9lection pour l\u00e0 de\u00eatre install\u00e9 un espace mus\u00e9ologique, qui fasse refl\u00e9ter sur que a \u00e9t\u00e9 la violence de l&#8217;\u00c9tat Nouveau et de sa police politique, et, surtout, fortifie l&#8217;exemple dont ont su, avec courage, combattre pour la libert\u00e9.<\/p>\n<p>Au nom de l&#8217;avenir ils ne suppriment pas la m\u00e9moire !<\/p>","protected":false},"excerpt":{"rendered":"<p>Le Mouvement Civique Ne supprime pas la M\u00e9moire ! n\u00e9 d&#8217;une action de clarification promue le le 5 octobre 2005 par un groupe de citoyens indign\u00e9s avec la d\u00e9molition de ancien edif\u00edcio-sede de la police politique fasciste portugais, PIDE, et &hellip; <a href=\"https:\/\/maismemoria.org\/mm\/fr\/historia\/\">Continue reading <span class=\"meta-nav\">&rarr;<\/span><\/a><\/p>\n","protected":false},"author":1,"featured_media":0,"parent":61,"menu_order":0,"comment_status":"closed","ping_status":"closed","template":"","meta":{"jetpack_post_was_ever_published":false,"footnotes":""},"class_list":["post-74","page","type-page","status-publish","hentry"],"jetpack_sharing_enabled":true,"jetpack_shortlink":"https:\/\/wp.me\/PtMuS-1c","_links":{"self":[{"href":"https:\/\/maismemoria.org\/mm\/wp-json\/wp\/v2\/pages\/74","targetHints":{"allow":["GET"]}}],"collection":[{"href":"https:\/\/maismemoria.org\/mm\/wp-json\/wp\/v2\/pages"}],"about":[{"href":"https:\/\/maismemoria.org\/mm\/wp-json\/wp\/v2\/types\/page"}],"author":[{"embeddable":true,"href":"https:\/\/maismemoria.org\/mm\/wp-json\/wp\/v2\/users\/1"}],"replies":[{"embeddable":true,"href":"https:\/\/maismemoria.org\/mm\/wp-json\/wp\/v2\/comments?post=74"}],"version-history":[{"count":0,"href":"https:\/\/maismemoria.org\/mm\/wp-json\/wp\/v2\/pages\/74\/revisions"}],"up":[{"embeddable":true,"href":"https:\/\/maismemoria.org\/mm\/wp-json\/wp\/v2\/pages\/61"}],"wp:attachment":[{"href":"https:\/\/maismemoria.org\/mm\/wp-json\/wp\/v2\/media?parent=74"}],"curies":[{"name":"wp","href":"https:\/\/api.w.org\/{rel}","templated":true}]}}