{"id":921,"date":"2010-05-17T16:46:47","date_gmt":"2010-05-17T16:46:47","guid":{"rendered":"http:\/\/maismemoria.org\/mm\/?page_id=921"},"modified":"2012-11-11T10:32:25","modified_gmt":"2012-11-11T10:32:25","slug":"orgaos-sociais-2008-2010","status":"publish","type":"page","link":"https:\/\/maismemoria.org\/mm\/orgaos-sociais\/orgaos-sociais-2008-2010\/","title":{"rendered":"\u00f3rg\u00e3os sociais 2008-2010"},"content":{"rendered":"<p class=\"MsoNormal\" style=\"margin: 0cm 0cm 0pt;\"><strong><span style=\"font-size: 10pt; color: black; font-family: Arial; mso-bidi-font-weight: normal;\">Corpos Sociais da Associa\u00e7\u00e3o: <\/span><\/strong><span style=\"font-size: 10pt; color: black; font-family: Arial;\"> <em><strong><span style=\"font-family: Arial; mso-bidi-font-style: normal;\">Movimento C\u00edvico N\u00e3o Apaguem a Memoria!<\/span><\/strong><\/em><strong><\/strong><\/span><\/p>\n<p class=\"MsoNormal\" style=\"margin: 0cm 0cm 0pt;\"><span style=\"font-size: 10pt; color: black; font-family: Arial;\">eleitos em 17 de Maio de 2008 para um mandato de dois anos.<\/span><\/p>\n<p class=\"MsoNormal\" style=\"margin: 0cm 0cm 0pt;\">\n<p class=\"MsoNormal\" style=\"margin: 0cm 0cm 0pt;\"><strong><span style=\"font-size: 10pt; color: black; font-family: Arial;\">Direc\u00e7\u00e3o <\/span><\/strong><\/p>\n<p><span style=\"font-size: 10pt; color: black; font-family: Arial;\">Presidente \u2013 Raimundo Narciso<br \/>\nVice-Presidente \u2013 L\u00facia Ezaguy Sim\u00f5es<br \/>\nSecret\u00e1rio \u2013 Jorge Martins<br \/>\nTesoureira \u2013 Joana Lopes<br \/>\nVogal \u2013 Diana Andringa<br \/>\nVogal\u2013 Irene Pimentel<br \/>\nVogal \u2013 Manuela Braz Almeida<\/span><\/p>\n<p class=\"MsoNormal\" style=\"margin: 0cm 0cm 0pt;\"><strong><span style=\"font-size: 10pt; color: black; font-family: Arial;\">Assembleia Geral <\/span><\/strong><\/p>\n<p class=\"MsoNormal\" style=\"margin: 0cm 0cm 0pt;\">\n<p class=\"MsoNormal\" style=\"margin: 0cm 0cm 0pt;\"><span style=\"font-size: 10pt; color: black; font-family: Arial;\">Presidente \u2013 Isabel Patr\u00edcio<br \/>\nSecret\u00e1rio \u2013 Rui Miguel Lage Ferreira<br \/>\nSecret\u00e1rio \u2013 Jo\u00e3o Caixinhas<\/span><\/p>\n<p class=\"MsoNormal\" style=\"margin: 0cm 0cm 0pt;\">\n<p class=\"MsoNormal\" style=\"margin: 0cm 0cm 0pt;\"><strong><span style=\"font-size: 10pt; color: black; font-family: Arial;\">Conselho Fiscal<\/span><\/strong><\/p>\n<p><span style=\"font-size: 10pt; color: black; font-family: Arial;\">Presidente \u2013 S\u00e9rgio Parreira de Campos<br \/>\nVice-Presidente \u2013 Joaquim de Oliveira Soares<br \/>\nSecret\u00e1rio \u2013 Jos\u00e9 Hip\u00f3lito dos Santos<\/span><\/p>\n<p><span style=\"font-size: 10pt; color: black; font-family: Arial;\">____________________ <\/span><\/p>\n<p class=\"MsoNormal\" style=\"margin: 0cm 0cm 0pt;\"><strong><span style=\"font-size: 10pt; color: black; font-family: Arial;\">Proponentes da lista candidata<\/span><\/strong><\/p>\n<p class=\"MsoNormal\" style=\"margin: 0cm 0cm 0pt;\"><span style=\"font-size: 10pt; color: black; font-family: Arial;\">Alfredo Ladeira Caldeira<br \/>\nAnt\u00f3nio Duarte Arnaut<br \/>\nAnt\u00f3nio Jos\u00e9 C. Baptista Lopes<br \/>\nAnt\u00f3nio Maria Sousa Almeida<br \/>\nAquilino Ribeiro Machado<br \/>\nArmando Batista Bastos<br \/>\nArtur E.Pires Alexandre Pinto<br \/>\nEdmundo Pedro<br \/>\nEug\u00e9nio M. Bilstein M. Sequeira<br \/>\nEurico Jos\u00e9 Marques dos Reis<br \/>\nFernando Edalberto V. Matos Silva<br \/>\nFernando <\/span><span style=\"font-size: 10pt; color: black; font-family: Arial;\">Jos\u00e9 Mendes<\/span><span style=\"font-size: 10pt; color: black; font-family: Arial;\"> Rosas<br \/>\nHelena Catarina Silva Lebre Elias<br \/>\nIva Humberta de Andrade Delgado<br \/>\nJos\u00e9 Lu\u00eds Saldanha Sanches<br \/>\nJos\u00e9 Manuel MC.M. Tengarrinha<br \/>\nJos\u00e9 Manuel da Silva Dias<br \/>\nJos\u00e9 Manuel Sequeira Louza<br \/>\nJos\u00e9 Manuel Serra Pic\u00e3o de Abreu<br \/>\nJos\u00e9 Paulo de A.da Silva Gra\u00e7a<br \/>\nJos\u00e9 Vera Jardim<br \/>\nJ\u00falia A. A. Martins Mendes Val\u00e9rio<br \/>\nLu\u00eds Manuel do Carmo Farinha<br \/>\nManuel Serra<br \/>\nMaria Ant\u00f3nia A.S. Palla e Carmo<br \/>\nMaria do C\u00e9u Guerra O. e Silva<br \/>\nMaria Em\u00edlia Almeida Neves<br \/>\nMaria Helena Dias Carneiro<br \/>\nMaria Helena Mendon\u00e7a da Silva<br \/>\nMaria Helena Reis Cabe\u00e7adas<br \/>\nMaria Jo\u00e3o A.Gerardo A. Pinto<br \/>\nMaria Jos\u00e9 F. Matias Belbut<br \/>\nMaria J\u00falia P.O. B. Matos Silva<br \/>\nMaria Luc\u00edlia Liberdade M Santos<br \/>\nMaria Lu\u00edsa Corte-Real M Nogueira<br \/>\nMaria Manuela C. A. Trancoso<br \/>\nMaria Manuela Paiva F. Tavares<br \/>\nNelson M.G. Dur\u00e3o de Matos<br \/>\nNuno Teot\u00f3nio Pereira<br \/>\nPedro Bacelar de Vasconcelos<br \/>\nRui Flunser Pimentel<br \/>\nRui M. Bebiano de Nascimento<br \/>\nRui N. Lobo de Alarc\u00e3o e Silva<br \/>\nRui Silva Veiga Pinto<br \/>\nSara Barros Queiroz Am\u00e2ncio<br \/>\nTeresa Amado<\/span><\/p>\n<p class=\"MsoNormal\" style=\"text-align: left;\"><span style=\"font-size: 10pt; color: black; font-family: Arial; mso-fareast-font-family: Calibri; mso-fareast-language: EN-US;\"><span style=\"mso-spacerun: yes;\"><span style=\"mso-spacerun: yes;\">Abril de 2008 <\/span><\/span><\/span><\/p>","protected":false},"excerpt":{"rendered":"<p>Corpos Sociais da Associa\u00e7\u00e3o: Movimento C\u00edvico N\u00e3o Apaguem a Memoria! eleitos em 17 de Maio de 2008 para um mandato de dois anos. Direc\u00e7\u00e3o Presidente \u2013 Raimundo Narciso Vice-Presidente \u2013 L\u00facia Ezaguy Sim\u00f5es Secret\u00e1rio \u2013 Jorge Martins Tesoureira \u2013 Joana &hellip; <a href=\"https:\/\/maismemoria.org\/mm\/orgaos-sociais\/orgaos-sociais-2008-2010\/\">Continue reading <span class=\"meta-nav\">&rarr;<\/span><\/a><\/p>\n","protected":false},"author":1,"featured_media":0,"parent":1379,"menu_order":0,"comment_status":"closed","ping_status":"closed","template":"","meta":{"footnotes":""},"class_list":["post-921","page","type-page","status-publish","hentry"],"jetpack_sharing_enabled":true,"jetpack_shortlink":"https:\/\/wp.me\/PtMuS-eR","_links":{"self":[{"href":"https:\/\/maismemoria.org\/mm\/wp-json\/wp\/v2\/pages\/921","targetHints":{"allow":["GET"]}}],"collection":[{"href":"https:\/\/maismemoria.org\/mm\/wp-json\/wp\/v2\/pages"}],"about":[{"href":"https:\/\/maismemoria.org\/mm\/wp-json\/wp\/v2\/types\/page"}],"author":[{"embeddable":true,"href":"https:\/\/maismemoria.org\/mm\/wp-json\/wp\/v2\/users\/1"}],"replies":[{"embeddable":true,"href":"https:\/\/maismemoria.org\/mm\/wp-json\/wp\/v2\/comments?post=921"}],"version-history":[{"count":2,"href":"https:\/\/maismemoria.org\/mm\/wp-json\/wp\/v2\/pages\/921\/revisions"}],"predecessor-version":[{"id":1381,"href":"https:\/\/maismemoria.org\/mm\/wp-json\/wp\/v2\/pages\/921\/revisions\/1381"}],"up":[{"embeddable":true,"href":"https:\/\/maismemoria.org\/mm\/wp-json\/wp\/v2\/pages\/1379"}],"wp:attachment":[{"href":"https:\/\/maismemoria.org\/mm\/wp-json\/wp\/v2\/media?parent=921"}],"curies":[{"name":"wp","href":"https:\/\/api.w.org\/{rel}","templated":true}]}}